{"id":91,"date":"2021-09-24T00:00:26","date_gmt":"2021-09-23T17:00:26","guid":{"rendered":"https:\/\/viettank.com.vn\/?post_type=product&#038;p=91"},"modified":"2022-12-17T15:38:56","modified_gmt":"2022-12-17T08:38:56","slug":"bon-chua-cong-nghiep-hien-dai-3","status":"publish","type":"product","link":"https:\/\/viettank.com.vn\/en\/bon-chua-cong-nghiep-hien-dai-3\/","title":{"rendered":"Tank modern industrial 3"},"content":{"rendered":"<p>\u0110\u00f3ng vai tr\u00f2 l\u00e0 gi\u1ea3i ph\u00e1p ng\u0103n ch\u1eb7n quan tr\u1ecdng trong m\u1ed9t lo\u1ea1t c\u00e1c ng\u00e0nh c\u00f4ng nghi\u1ec7p v\u00e0 \u1ee9ng d\u1ee5ng, b\u1ec3 ch\u1ee9a inox c\u00f3 th\u1ec3 \u0111\u01b0\u1ee3c s\u1eed d\u1ee5ng \u0111\u1ec3 l\u01b0u tr\u1eef nhi\u1ec1u ch\u1ea5t kh\u00e1c nhau, bao g\u1ed3m h\u00f3a ch\u1ea5t, th\u1ef1c ph\u1ea9m, n\u01b0\u1edbc v\u00e0 c\u00e1c v\u1eadt li\u1ec7u r\u1eddi kh\u00e1c.<br \/>\n\u0110\u1ed1i v\u1edbi b\u1ec3 ch\u1ee9a c\u00f4ng nghi\u1ec7p, INOX l\u00e0 v\u1eadt li\u1ec7u x\u00e2y d\u1ef1ng \u0111\u01b0\u1ee3c s\u1eed d\u1ee5ng th\u01b0\u1eddng xuy\u00ean do t\u00ednh linh ho\u1ea1t v\u1ed1n c\u00f3 c\u1ee7a n\u00f3 v\u00e0 d\u1ec5 s\u1eed d\u1ee5ng. Inox c\u0169ng \u0111\u01b0\u1ee3c \u0111\u00e1nh gi\u00e1 cao v\u1ec1 kh\u1ea3 n\u0103ng ch\u1ed1ng \u0103n m\u00f2n v\u00e0 kh\u1ea3 n\u0103ng ch\u1ed1ng l\u1ea1i nhi\u1ec7t \u0111\u1ed9 kh\u1eafc nghi\u1ec7t. Nh\u1eefng t\u00ednh n\u0103ng \u0111\u1ed9c \u0111\u00e1o n\u00e0y l\u00e0m cho kh\u00f4ng g\u1ec9 l\u00e0 m\u1ed9t l\u1ef1a ch\u1ecdn l\u00fd t\u01b0\u1edfng cho vi\u1ec7c l\u01b0u tr\u1eef v\u1eadt li\u1ec7u nguy hi\u1ec3m, \u0111\u1eb7c bi\u1ec7t.<br \/>\nM\u1ed9t s\u1ed1 ng\u00e0nh c\u00f4ng nghi\u1ec7p \u2013 m\u1ed9t v\u00e0i trong s\u1ed1 \u0111\u00f3 \u0111\u01b0\u1ee3c li\u1ec7t k\u00ea d\u01b0\u1edbi \u0111\u00e2y \u2013 ph\u1ee5 thu\u1ed9c nhi\u1ec1u v\u00e0o b\u1ec3 Inox g\u1ec9 \u0111\u1ec3 l\u01b0u tr\u1eef c\u00e1c ch\u1ea5t v\u00e0 v\u1eadt li\u1ec7u quan tr\u1ecdng.<br \/>\n\u2013 D\u01b0\u1ee3c ph\u1ea9m<br \/>\n\u2013 \u0110\u1ed3 \u0103n v\u00e0 \u0111\u1ed3 u\u1ed1ng<br \/>\n\u2013 S\u1eefa<br \/>\n\u2013 Nh\u00e0 m\u00e1y bia<br \/>\n\u2013 S\u1ea3n xu\u1ea5t m\u1ef9 ph\u1ea9m<br \/>\nInox 316 c\u00f3 kh\u1ea3 n\u0103ng ch\u1ed1ng \u0103n m\u00f2n v\u00e0 ch\u1ed1ng oxy h\u00f3a cao , ch\u1ecbu nhi\u1ec7t cao, \u00edt x\u1ea3y ra c\u00e1c ph\u1ea3n \u1ee9ng h\u00f3a h\u1ecdc. L\u00e0 ch\u1ea5t li\u1ec7u \u0111\u01b0\u1ee3c l\u1ef1a ch\u1ecdn nhi\u1ec1u trong c\u00e1c ng\u00e0nh s\u1ea3n xu\u1ea5t ng\u00e0nh c\u00f4ng nghi\u1ec7p, th\u1ef1c ph\u1ea9m, h\u00f3a ch\u1ea5t, d\u01b0\u1ee3c ph\u1ea9m, m\u1ef9 ph\u1ea9m, s\u1eefa, s\u1ea3n xu\u1ea5t bia, r\u01b0\u1ee3u..<\/p>","protected":false},"excerpt":{"rendered":"<p>Inox 316 c\u00f3 kh\u1ea3 n\u0103ng ch\u1ed1ng \u0103n m\u00f2n v\u00e0 ch\u1ed1ng oxy h\u00f3a cao , ch\u1ecbu nhi\u1ec7t cao, \u00edt x\u1ea3y ra c\u00e1c ph\u1ea3n \u1ee9ng h\u00f3a h\u1ecdc. L\u00e0 ch\u1ea5t li\u1ec7u \u0111\u01b0\u1ee3c l\u1ef1a ch\u1ecdn nhi\u1ec1u trong c\u00e1c ng\u00e0nh s\u1ea3n xu\u1ea5t ng\u00e0nh c\u00f4ng nghi\u1ec7p, th\u1ef1c ph\u1ea9m, h\u00f3a ch\u1ea5t, d\u01b0\u1ee3c ph\u1ea9m, m\u1ef9 ph\u1ea9m, s\u1eefa, s\u1ea3n xu\u1ea5t bia, r\u01b0\u1ee3u..<\/p>","protected":false},"featured_media":80,"comment_status":"closed","ping_status":"closed","template":"","meta":[],"product_cat":[16,28],"product_tag":[],"class_list":["post-91","product","type-product","status-publish","has-post-thumbnail","hentry","product_cat-bon-chua-cong-nghiep","product_cat-san-pham-noi-bat"],"_links":{"self":[{"href":"https:\/\/viettank.com.vn\/en\/wp-json\/wp\/v2\/product\/91","targetHints":{"allow":["GET"]}}],"collection":[{"href":"https:\/\/viettank.com.vn\/en\/wp-json\/wp\/v2\/product"}],"about":[{"href":"https:\/\/viettank.com.vn\/en\/wp-json\/wp\/v2\/types\/product"}],"replies":[{"embeddable":true,"href":"https:\/\/viettank.com.vn\/en\/wp-json\/wp\/v2\/comments?post=91"}],"wp:featuredmedia":[{"embeddable":true,"href":"https:\/\/viettank.com.vn\/en\/wp-json\/wp\/v2\/media\/80"}],"wp:attachment":[{"href":"https:\/\/viettank.com.vn\/en\/wp-json\/wp\/v2\/media?parent=91"}],"wp:term":[{"taxonomy":"product_cat","embeddable":true,"href":"https:\/\/viettank.com.vn\/en\/wp-json\/wp\/v2\/product_cat?post=91"},{"taxonomy":"product_tag","embeddable":true,"href":"https:\/\/viettank.com.vn\/en\/wp-json\/wp\/v2\/product_tag?post=91"}],"curies":[{"name":"wp","href":"https:\/\/api.w.org\/{rel}","templated":true}]}}