{"id":694,"date":"2022-12-23T16:34:05","date_gmt":"2022-12-23T09:34:05","guid":{"rendered":"https:\/\/viettank.com.vn\/?post_type=product&#038;p=694"},"modified":"2022-12-26T17:22:36","modified_gmt":"2022-12-26T10:22:36","slug":"bon-gom-nuoc-thai-viettank","status":"publish","type":"product","link":"https:\/\/viettank.com.vn\/en\/bon-gom-nuoc-thai-viettank\/","title":{"rendered":"B\u1ed3n gom n\u01b0\u1edbc th\u1ea3i Viettank"},"content":{"rendered":"<p>\u00d4 nhi\u1ec5m m\u00f4i tr\u01b0\u1eddng hi\u1ec7n \u0111ang l\u00e0 v\u1ea5n \u0111\u1ec1 c\u1ea5p thi\u1ebft to\u00e0n c\u1ea7u, \u1ea3nh h\u01b0\u1edfng tr\u1ef1c ti\u1ebfp tr\u00ean to\u00e0n c\u1ea7u, \u1ea3nh h\u01b0\u1edfng tr\u1ef1c ti\u1ebfp t\u1edbi \u0111\u1eddi s\u1ed1ng v\u00e0 s\u1ee9c kh\u1ecfe c\u1ee7a con ng\u01b0\u1eddi, \u0111\u1eb7c bi\u1ec7t l\u00e0 vi\u1ec7c x\u1eed l\u00fd ngu\u1ed3n n\u01b0\u1edbc th\u1ea3i. Hi\u1ec7n nay, s\u1eed d\u1ee5ng <a href=\"https:\/\/viettank.com.vn\/en\/bon-gom-nuoc-thai-viettank\/\">b\u1ed3n gom n\u01b0\u1edbc th\u1ea3i<\/a> \u0111ang l\u00e0 s\u1ef1 l\u1ef1a ch\u1ecdn ph\u1ed5 bi\u1ebfn nh\u1ea5t, m\u1eb7c d\u00f9 c\u00f3 r\u1ea5t nhi\u1ec1u ph\u01b0\u01a1ng ph\u00e1p x\u1eed l\u00fd n\u01b0\u1edbc th\u1ea3i kh\u00e1c nhau.<\/p>\n<h2><strong>Th\u00f4ng s\u1ed1 chi ti\u1ebft c\u1ee7a b\u1ed3n gom n\u01b0\u1edbc th\u1ea3i Viettank<\/strong><\/h2>\n<figure id=\"attachment_695\" aria-describedby=\"caption-attachment-695\" style=\"width: 600px\" class=\"wp-caption aligncenter\"><img loading=\"lazy\" decoding=\"async\" class=\"wp-image-695 size-full\" src=\"https:\/\/viettank.com.vn\/wp-content\/uploads\/2022\/12\/bon-gom-nuoc-thai.png\" alt=\"B\u1ed3n gom n\u01b0\u1edbc th\u1ea3i\" width=\"600\" height=\"600\" srcset=\"https:\/\/viettank.com.vn\/wp-content\/uploads\/2022\/12\/bon-gom-nuoc-thai.png 600w, https:\/\/viettank.com.vn\/wp-content\/uploads\/2022\/12\/bon-gom-nuoc-thai-203x203.png 203w, https:\/\/viettank.com.vn\/wp-content\/uploads\/2022\/12\/bon-gom-nuoc-thai-416x416.png 416w, https:\/\/viettank.com.vn\/wp-content\/uploads\/2022\/12\/bon-gom-nuoc-thai-100x100.png 100w, https:\/\/viettank.com.vn\/wp-content\/uploads\/2022\/12\/bon-gom-nuoc-thai-12x12.png 12w\" sizes=\"auto, (max-width: 600px) 100vw, 600px\" \/><figcaption id=\"caption-attachment-695\" class=\"wp-caption-text\">H\u00ecnh \u1ea3nh b\u1ed3n gom n\u01b0\u1edbc th\u1ea3i t\u1ea1i Viettank<\/figcaption><\/figure>\n<p>V\u1eadt li\u1ec7u:<\/p>\n<ul>\n<li>Th\u00e9p t\u1ea5m CT3 (SS400)<\/li>\n<li>Th\u00e9p kh\u00f4ng g\u1ec9 (SUS 304)<\/li>\n<\/ul>\n<p>Ti\u00eau chu\u1ea9n s\u1ea3n ph\u1ea9m:<\/p>\n<ul>\n<li>Th\u00e2n b\u1ed3n: SPI-650<\/li>\n<li>\u0110\u01b0\u1eddng h\u00e0n: TCVN 6008-1995<\/li>\n<\/ul>\n<p>\u00c1p su\u1ea5t:<\/p>\n<ul>\n<li>Thi\u1ebft k\u1ebf: 0.3 KG\/cm2<\/li>\n<li>Ki\u1ec3m tra: 0.4 KG\/cm2<\/li>\n<li>L\u00e0m vi\u1ec7c: atm<\/li>\n<\/ul>\n<h2><strong>\u01afu \u0111i\u1ec3m c\u1ee7a b\u1ed3n gom n\u01b0\u1edbc th\u1ea3i<\/strong><\/h2>\n<p>Kh\u00f4ng ph\u1ea3i t\u1ef1 nhi\u00ean m\u00e0 b\u1ec3 <a href=\"https:\/\/vi.wiktionary.org\/w\/index.php?fulltext=1&amp;search=b%E1%BB%93n%20gom%20n%C6%B0%E1%BB%9Bc%20th%E1%BA%A3i&amp;title=%C4%90%E1%BA%B7c_bi%E1%BB%87t%3AT%C3%ACm_ki%E1%BA%BFm&amp;ns0=1\" target=\"_blank\" rel=\"noopener\">gom n\u01b0\u1edbc<\/a> l\u1ea1i \u0111\u01b0\u1ee3c \u0111\u00e1nh gi\u00e1 cao nh\u01b0 v\u1eady. V\u1edbi nh\u1eefng \u01b0u \u0111i\u1ec3m v\u01b0\u1ee3t tr\u1ed9i, n\u00f3 ho\u00e0n to\u00e0n c\u00f3 kh\u1ea3 n\u0103ng \u0111\u00e1nh b\u1ea1i c\u00e1c b\u1ed3n x\u1eed l\u00fd h\u00f3a ch\u1ea5t th\u1ea3i b\u1eb1ng b\u00ea t\u00f4ng truy\u1ec1n th\u1ed1ng.<br \/>\nL\u1eafp \u0111\u1eb7t \u0111\u01a1n gi\u1ea3n, thao t\u00e1c d\u1ec5 d\u00e0ng, ti\u1ebft ki\u1ec7m th\u1eddi gian thi c\u00f4ng l\u1eafp \u0111\u1eb7t<\/p>\n<ul>\n<li>Th\u00edch h\u1ee3p v\u1edbi m\u1ecdi c\u00f4ng ngh\u1ec7 x\u1eed l\u00fd n\u01b0\u1edbc th\u1ea3i kh\u00e1c nhau<\/li>\n<li>\u0110\u1ed9 b\u1ec1n cao, ch\u1ecbu \u0111\u01b0\u1ee3c nh\u1eefng t\u00e1c nh\u00e2n g\u00e2y h\u1ea1i t\u1eeb m\u00f4i tr\u01b0\u1eddng<\/li>\n<li>Kh\u00f4ng c\u00f3 b\u1ea5t c\u1ee9 s\u1ef1 r\u00f2 r\u1ec9 n\u00e0o ra ngo\u00e0i m\u00f4i tr\u01b0\u1eddng<\/li>\n<li>M\u1ecdi \u0111\u1ecba h\u00ecnh \u0111\u1ec1u c\u00f3 th\u1ec3 l\u1eafp \u0111\u1eb7t<\/li>\n<li>\u00cdt x\u1ea3y ra h\u01b0 h\u1ecfng, ti\u1ebft ki\u1ec7m chi ph\u00ed b\u1ea3o d\u01b0\u1ee1ng, s\u1eeda ch\u1eefa<\/li>\n<\/ul>\n<h2><strong>\u1ee8ng d\u1ee5ng c\u1ee7a b\u1ec3 ch\u1ee9a n\u01b0\u1edbc th\u1ea3i<\/strong><\/h2>\n<p>Nh\u1edd nh\u1eefng \u0111\u1eb7c t\u00ednh v\u01b0\u1ee3t tr\u1ed9i c\u1ee7a ch\u1ea5t li\u1ec7u FRP t\u1ed5ng h\u1ee3p, t\u00ecnh tr\u1ea1ng \u00f4 nhi\u1ec5m m\u00f4i tr\u01b0\u1eddng. \u0110\u1eb7c bi\u1ec7t l\u00e0 \u00f4 nhi\u1ec5m ngu\u1ed3n n\u01b0\u1edbc s\u1ebd gi\u1ea3m \u0111i \u0111\u00e1ng k\u1ec3, gi\u00fap n\u00e2ng cao ch\u1ea5t l\u01b0\u1ee3ng cu\u1ed9c s\u1ed1ng, c\u0169ng nh\u01b0 \u0111\u1ea3m b\u1ea3o s\u1ee9c kh\u1ecfe c\u1ee7a m\u1ecdi ng\u01b0\u1eddi. Ngo\u00e0i ra, c\u00e1c quy tr\u00ecnh x\u1eed l\u00fd c\u00e1c lo\u1ea1i ch\u1ea5t th\u1ea3i, n\u01b0\u1edbc th\u1ea3i t\u1ea1i c\u00e1c c\u01a1 s\u1edf doanh nghi\u1ec7p hay chung c\u01b0, nh\u00e0 h\u00e0ng, khu c\u00f4ng nghi\u1ec7p,\u2026 tr\u1edf n\u00ean d\u1ec5 d\u00e0ng h\u01a1n v\u00e0 \u0111\u1ea3m b\u1ea3o hi\u1ec7u qu\u1ea3 h\u01a1n.<\/p>\n<p><strong>Viettank \u2013 Ho\u00e0n thi\u1ec7n tr\u00ean t\u1eebng b\u01b0\u1edbc ti\u1ebfn!<\/strong><\/p>\n<p><strong>\u0110\u1ecba ch\u1ec9 v\u0103n ph\u00f2ng: S\u1ed1 13A26-Ng\u00f5 367, \u0110\u01b0\u1eddng Ho\u00e0ng Qu\u1ed1c Vi\u1ec7t, Ph.Ngh\u0129a T\u00e2n, Qu\u1eadn C\u1ea7u Gi\u1ea5y, Th\u00e0nh ph\u1ed1 H\u00e0 N\u1ed9i<\/strong><\/p>\n<p><strong>\u0110\u1ecba ch\u1ec9 nh\u00e0 m\u00e1y:\u00a0 Km10-Qu\u1ed1c l\u1ed9 03, Huy\u1ec7n \u0110\u00f4ng Anh, Th\u00e0nh ph\u1ed1 H\u00e0 N\u1ed9i<\/strong><\/p>\n<p><strong>Hotline: 0944.012.188<\/strong><\/p>\n<p><strong>Website: Viettank.com.vn<\/strong><\/p>\n<p><strong>Email: info@viettank.com<\/strong><\/p>","protected":false},"excerpt":{"rendered":"<p>\u00d4 nhi\u1ec5m m\u00f4i tr\u01b0\u1eddng hi\u1ec7n \u0111ang l\u00e0 v\u1ea5n \u0111\u1ec1 c\u1ea5p thi\u1ebft to\u00e0n c\u1ea7u, \u1ea3nh h\u01b0\u1edfng tr\u1ef1c ti\u1ebfp tr\u00ean to\u00e0n c\u1ea7u, \u1ea3nh h\u01b0\u1edfng tr\u1ef1c ti\u1ebfp t\u1edbi \u0111\u1eddi s\u1ed1ng v\u00e0 s\u1ee9c kh\u1ecfe c\u1ee7a con ng\u01b0\u1eddi, \u0111\u1eb7c bi\u1ec7t l\u00e0 vi\u1ec7c x\u1eed l\u00fd ngu\u1ed3n n\u01b0\u1edbc th\u1ea3i. Hi\u1ec7n nay, s\u1eed d\u1ee5ng b\u1ed3n gom n\u01b0\u1edbc th\u1ea3i \u0111ang l\u00e0 s\u1ef1 l\u1ef1a ch\u1ecdn&#8230;<\/p>","protected":false},"featured_media":695,"comment_status":"closed","ping_status":"closed","template":"","meta":[],"product_cat":[16,23],"product_tag":[75],"class_list":["post-694","product","type-product","status-publish","has-post-thumbnail","hentry","product_cat-bon-chua-cong-nghiep","product_cat-bon-xu-ly-nuoc-thai","product_tag-bon-gom-nuoc-thai"],"_links":{"self":[{"href":"https:\/\/viettank.com.vn\/en\/wp-json\/wp\/v2\/product\/694","targetHints":{"allow":["GET"]}}],"collection":[{"href":"https:\/\/viettank.com.vn\/en\/wp-json\/wp\/v2\/product"}],"about":[{"href":"https:\/\/viettank.com.vn\/en\/wp-json\/wp\/v2\/types\/product"}],"replies":[{"embeddable":true,"href":"https:\/\/viettank.com.vn\/en\/wp-json\/wp\/v2\/comments?post=694"}],"wp:featuredmedia":[{"embeddable":true,"href":"https:\/\/viettank.com.vn\/en\/wp-json\/wp\/v2\/media\/695"}],"wp:attachment":[{"href":"https:\/\/viettank.com.vn\/en\/wp-json\/wp\/v2\/media?parent=694"}],"wp:term":[{"taxonomy":"product_cat","embeddable":true,"href":"https:\/\/viettank.com.vn\/en\/wp-json\/wp\/v2\/product_cat?post=694"},{"taxonomy":"product_tag","embeddable":true,"href":"https:\/\/viettank.com.vn\/en\/wp-json\/wp\/v2\/product_tag?post=694"}],"curies":[{"name":"wp","href":"https:\/\/api.w.org\/{rel}","templated":true}]}}