{"id":692,"date":"2022-12-23T16:09:54","date_gmt":"2022-12-23T09:09:54","guid":{"rendered":"https:\/\/viettank.com.vn\/?post_type=product&#038;p=692"},"modified":"2022-12-28T16:50:23","modified_gmt":"2022-12-28T09:50:23","slug":"bon-dau-5m3-viettank","status":"publish","type":"product","link":"https:\/\/viettank.com.vn\/en\/bon-dau-5m3-viettank\/","title":{"rendered":"B\u1ed3n d\u1ea7u 5m3 Viettank"},"content":{"rendered":"<p>Trong cu\u1ed9c s\u1ed1ng hi\u1ec7n \u0111\u1ea1i ng\u00e0y nay, nhu c\u1ea7u s\u1eed d\u1ee5ng c\u00e1c ngu\u1ed3n nhi\u00ean li\u1ec7u nh\u01b0 x\u0103ng, d\u1ea7u \u0111ang c\u00f3 xu h\u01b0\u1edbng gia t\u0103ng nhanh ch\u00f3ng ch\u00ednh v\u00ec v\u1eady vi\u1ec7c s\u1eed d\u1ee5ng <strong><a href=\"https:\/\/viettank.com.vn\/en\/bon-dau-5m3-viettank\/\">b\u1ed3n d\u1ea7u 5m3<\/a><\/strong> l\u00e0 \u0111i\u1ec1u v\u00f4 c\u00f9ng c\u1ea7n thi\u1ebft b\u1edfi n\u00f3 kh\u00f4ng ch\u1ec9 gi\u00fap b\u1ea3o qu\u1ea3n x\u0103ng d\u1ea7u m\u00e0 c\u00f2n \u0111\u1ea3m b\u1ea3o an to\u00e0n s\u1ee9c kh\u1ecfe c\u1ee7a con ng\u01b0\u1eddi v\u00e0 m\u00f4i tr\u01b0\u1eddng trong qu\u00e1 tr\u00ecnh ch\u1ee9a. B\u1ed3n ch\u1ee9a x\u0103ng d\u1ea7u do c\u00f4ng ty Viettank ch\u1ebf t\u1ea1o theo c\u00f4ng ngh\u1ec7 ti\u00ean ti\u1ebfn hi\u1ec7n \u0111\u1ea1i, \u0111\u01b0\u1ee3c \u00e1p d\u1ee5ng theo \u0111\u00fang ti\u00eau chu\u1ea9n TCVN 8366:2015; 7704:2007 v\u00e0 \u0111\u01b0\u1ee3c \u00e1p d\u1ee5ng h\u1ec7 th\u1ed1ng qu\u1ea3n l\u00fd ch\u1ea5t l\u01b0\u1ee3ng ISO 9001 : 2015.<\/p>\n<h2><strong>Th\u00f4ng tin chi ti\u1ebft b\u1ed3n ch\u1ee9a d\u1ea7u Viettank<\/strong><\/h2>\n<figure id=\"attachment_693\" aria-describedby=\"caption-attachment-693\" style=\"width: 632px\" class=\"wp-caption aligncenter\"><img loading=\"lazy\" decoding=\"async\" class=\"wp-image-693\" src=\"https:\/\/viettank.com.vn\/wp-content\/uploads\/2022\/12\/Bon-dau-5m3.jpg\" alt=\"B\u1ed3n d\u1ea7u 5m3\" width=\"632\" height=\"492\" srcset=\"https:\/\/viettank.com.vn\/wp-content\/uploads\/2022\/12\/Bon-dau-5m3.jpg 632w, https:\/\/viettank.com.vn\/wp-content\/uploads\/2022\/12\/Bon-dau-5m3-203x158.jpg 203w, https:\/\/viettank.com.vn\/wp-content\/uploads\/2022\/12\/Bon-dau-5m3-416x324.jpg 416w, https:\/\/viettank.com.vn\/wp-content\/uploads\/2022\/12\/Bon-dau-5m3-16x12.jpg 16w\" sizes=\"auto, (max-width: 632px) 100vw, 632px\" \/><figcaption id=\"caption-attachment-693\" class=\"wp-caption-text\">H\u00ecnh \u1ea3nh b\u1ed3n d\u1ea7u 5m3 tr\u1ee5 ngang c\u00f3 ch\u00e2n \u0111\u1ebf \u0111\u1eb7t n\u1ed5i<\/figcaption><\/figure>\n<p>V\u1eadt li\u1ec7u:<br \/>\n\u2013 Th\u00e9p t\u1ea5m CT3 (SS400)<br \/>\n\u2013 Th\u00e9p kh\u00f4ng g\u1ec9 (SUS 304)<br \/>\nTi\u00eau chu\u1ea9n s\u1ea3n ph\u1ea9m:<br \/>\n\u2013 Th\u00e2n b\u1ed3n: SPI-650<br \/>\n\u2013 \u0110\u01b0\u1eddng h\u00e0n: TCVN 6008-1995<br \/>\n\u00c1p su\u1ea5t:<br \/>\n\u2013 Thi\u1ebft k\u1ebf: 0.3 KG\/cm2<br \/>\n\u2013 Ki\u1ec3m tra: 0.4 KG\/cm2<br \/>\n\u2013 L\u00e0m vi\u1ec7c: atm<\/p>\n<h2><strong>C\u1ea5u tr\u00fac b\u1ed3n ch\u1ee9a d\u1ea7u Viettank<\/strong><\/h2>\n<p>S\u1ea3n ph\u1ea9m \u0111\u01b0\u1ee3c s\u1eed d\u1ee5ng \u0111\u1ec3 ch\u1ee9a x\u0103ng d\u1ea7u t\u1ea1i c\u00e1c tr\u1ea1m x\u0103ng, c\u00e2y x\u0103ng, n\u01a1i ch\u1ee9a kh\u00ed \u0111\u1ed1t d\u1ea7u m\u1ecf,\u2026 \u0110\u1ec3 \u0111\u00e1p \u1ee9ng \u0111\u01b0\u1ee3c y\u00eau c\u1ea7u m\u00f4i tr\u01b0\u1eddng \u0111\u1eb7c th\u00f9 nh\u01b0 v\u1eady, vi\u1ec7c s\u1ea3n xu\u1ea5t b\u1ed3n ch\u1ee9a t\u1ea1i Viettank lu\u00f4n d\u1ef1a tr\u00ean c\u00e1c ti\u00eau chu\u1ea9n nh\u1ea5t \u0111\u1ecbnh v\u1ec1 v\u1eadt li\u1ec7u, c\u1ea5u tr\u00fac.<br \/>\nB\u1ed3n ch\u1ee9a x\u0103ng d\u1ea7u \u0111\u01b0\u1ee3c thi\u1ebft k\u1ebf theo h\u00ecnh tr\u1ee5 elip v\u1edbi ch\u1ea5t li\u1ec7u h\u1ee3p kim nh\u00f4m v\u00e0 th\u00e9p Cacbon ch\u1ea5t l\u01b0\u1ee3ng cao. \u0110\u1ec3 \u0111\u1ea3m b\u1ea3o an to\u00e0n trong qu\u00e1 tr\u00ecnh v\u1eadn h\u00e0nh, b\u1ed3n ch\u1ee9a x\u0103ng d\u1ea7u t\u1ea1i Viettank c\u00f2n \u0111\u01b0\u1ee3c trang b\u1ecb \u0111\u1ea7y \u0111\u1ee7 thang leo, d\u00e2y ti\u1ebfp \u0111\u1ea5t, ch\u1eef c\u1ea3nh b\u00e1o.<\/p>\n<h2><strong>Viettank \u2013 \u0111\u01a1n v\u1ecb cung c\u1ea5p b\u1ed3n d\u1ea7u 5m3 uy t\u00edn, ch\u1ea5t l\u01b0\u1ee3ng<\/strong><\/h2>\n<p>N\u1ebfu b\u1ea1n \u0111ang ph\u00e2n v\u00e2n kh\u00f4ng bi\u1ebft n\u00ean mua<a href=\"https:\/\/vi.wiktionary.org\/w\/index.php?go=Xem&amp;search=b%E1%BB%93n+d%E1%BA%A7u&amp;title=%C4%90%E1%BA%B7c_bi%E1%BB%87t%3AT%C3%ACm_ki%E1%BA%BFm&amp;ns0=1\" target=\"_blank\" rel=\"noopener\"> b\u1ed3n ch\u1ee9a x\u0103ng d\u1ea7u<\/a> 5m3 \u1edf \u0111\u00e2u th\u00ec ch\u1ea5t l\u01b0\u1ee3ng th\u00ec Viettank ch\u00ednh l\u00e0 s\u1ef1 l\u1ef1a ch\u1ecdn ho\u00e0n h\u1ea3o m\u00e0 b\u1ea1n kh\u00f4ng n\u00ean b\u1ecf qua. M\u1ed7i s\u1ea3n ph\u1ea9m ch\u00fang t\u00f4i cung c\u1ea5p lu\u00f4n \u0111\u1ea3m b\u1ea3o \u0111\u1ed9 an to\u00e0n tuy\u1ec7t \u0111\u1ed1i trong qu\u00e1 tr\u00ecnh s\u1eed d\u1ee5ng.<\/p>\n<p>H\u01a1n n\u1eefa, b\u1ed3n d\u1ea7u c\u00f2n \u0111\u01b0\u1ee3c s\u1ea3n xu\u1ea5t theo d\u00e2y chuy\u1ec1n c\u00f4ng ngh\u1ec7 ti\u00ean ti\u1ebfn, hi\u1ec7n \u0111\u1ea1i, ngu\u1ed3n nguy\u00ean li\u1ec7u \u0111\u1ea7u v\u00e0o \u0111\u01b0\u1ee3c ch\u1ecdn l\u1ecdc k\u1ef9 n\u00ean b\u1ed3n ch\u1ee9a d\u1ea7u 5m3 c\u00f3 \u0111\u1ed9 b\u1ec1n cao. \u0110\u1eb7c bi\u1ec7t, m\u1ed7i s\u1ea3n ph\u1ea9m b\u1ed3n ch\u1ee9a d\u1ea7u \u0111\u1ec1u \u0111\u01b0\u1ee3c \u0111\u01b0a v\u00e0o s\u1ea3n xu\u1ea5t \u0111\u1ec1u \u0111\u01b0\u1ee3c ki\u1ec3m tra nghi\u00eam ng\u1eb7t tr\u01b0\u1edbc khi \u0111\u01b0a ra th\u1ecb tr\u01b0\u1eddng.<\/p>\n<p>N\u1ebfu kh\u00e1ch h\u00e0ng \u0111ang c\u00f3 nhu c\u1ea7u l\u1eafp \u0111\u1eb7t b\u1ed3n d\u1ea7u 5m3 th\u00ec h\u00e3y li\u00ean h\u1ec7 ngay t\u1edbi c\u00f4ng ty Viettank \u0111\u1ec3 \u0111\u01b0\u1ee3c h\u1ed7 tr\u1ee3 nhanh nh\u1ea5t. M\u1ecdi th\u00f4ng tin vui l\u00f2ng li\u00ean h\u1ec7 t\u1edbi \u0111\u1ecba ch\u1ec9:<\/p>\n<p><strong>Viettank \u2013 Ho\u00e0n thi\u1ec7n tr\u00ean t\u1eebng b\u01b0\u1edbc ti\u1ebfn!<\/strong><\/p>\n<p><strong>\u0110\u1ecba ch\u1ec9 v\u0103n ph\u00f2ng: S\u1ed1 13A26-Ng\u00f5 367, \u0110\u01b0\u1eddng Ho\u00e0ng Qu\u1ed1c Vi\u1ec7t, Ph.Ngh\u0129a T\u00e2n, Qu\u1eadn C\u1ea7u Gi\u1ea5y, Th\u00e0nh ph\u1ed1 H\u00e0 N\u1ed9i <\/strong><\/p>\n<p><strong>\u0110\u1ecba ch\u1ec9 nh\u00e0 m\u00e1y:\u00a0 Km10-Qu\u1ed1c l\u1ed9 03, Huy\u1ec7n \u0110\u00f4ng Anh, Th\u00e0nh ph\u1ed1 H\u00e0 N\u1ed9i<\/strong><\/p>\n<p><strong>Hotline: 0944.012.188<\/strong><\/p>\n<p><strong>Website: Viettank.com.vn<\/strong><\/p>\n<p><strong>Email: info@viettank.com<\/strong><\/p>","protected":false},"excerpt":{"rendered":"<p>Trong cu\u1ed9c s\u1ed1ng hi\u1ec7n \u0111\u1ea1i ng\u00e0y nay, nhu c\u1ea7u s\u1eed d\u1ee5ng c\u00e1c ngu\u1ed3n nhi\u00ean li\u1ec7u nh\u01b0 x\u0103ng, d\u1ea7u \u0111ang c\u00f3 xu h\u01b0\u1edbng gia t\u0103ng nhanh ch\u00f3ng ch\u00ednh v\u00ec v\u1eady vi\u1ec7c s\u1eed d\u1ee5ng b\u1ed3n d\u1ea7u 5m3 l\u00e0 \u0111i\u1ec1u v\u00f4 c\u00f9ng c\u1ea7n thi\u1ebft b\u1edfi n\u00f3 kh\u00f4ng ch\u1ec9 gi\u00fap b\u1ea3o qu\u1ea3n x\u0103ng d\u1ea7u m\u00e0 c\u00f2n \u0111\u1ea3m b\u1ea3o an&#8230;<\/p>","protected":false},"featured_media":693,"comment_status":"closed","ping_status":"closed","template":"","meta":[],"product_cat":[16,19],"product_tag":[74],"class_list":["post-692","product","type-product","status-publish","has-post-thumbnail","hentry","product_cat-bon-chua-cong-nghiep","product_cat-bon-chua-xang-dau","product_tag-bon-dau-5m3"],"_links":{"self":[{"href":"https:\/\/viettank.com.vn\/en\/wp-json\/wp\/v2\/product\/692","targetHints":{"allow":["GET"]}}],"collection":[{"href":"https:\/\/viettank.com.vn\/en\/wp-json\/wp\/v2\/product"}],"about":[{"href":"https:\/\/viettank.com.vn\/en\/wp-json\/wp\/v2\/types\/product"}],"replies":[{"embeddable":true,"href":"https:\/\/viettank.com.vn\/en\/wp-json\/wp\/v2\/comments?post=692"}],"wp:featuredmedia":[{"embeddable":true,"href":"https:\/\/viettank.com.vn\/en\/wp-json\/wp\/v2\/media\/693"}],"wp:attachment":[{"href":"https:\/\/viettank.com.vn\/en\/wp-json\/wp\/v2\/media?parent=692"}],"wp:term":[{"taxonomy":"product_cat","embeddable":true,"href":"https:\/\/viettank.com.vn\/en\/wp-json\/wp\/v2\/product_cat?post=692"},{"taxonomy":"product_tag","embeddable":true,"href":"https:\/\/viettank.com.vn\/en\/wp-json\/wp\/v2\/product_tag?post=692"}],"curies":[{"name":"wp","href":"https:\/\/api.w.org\/{rel}","templated":true}]}}