{"id":690,"date":"2022-12-23T15:59:40","date_gmt":"2022-12-23T08:59:40","guid":{"rendered":"https:\/\/viettank.com.vn\/?post_type=product&#038;p=690"},"modified":"2023-01-14T14:05:37","modified_gmt":"2023-01-14T07:05:37","slug":"bon-dau-chon-ngam-25m3-viettank","status":"publish","type":"product","link":"https:\/\/viettank.com.vn\/en\/bon-dau-chon-ngam-25m3-viettank\/","title":{"rendered":"B\u1ed3n d\u1ea7u ch\u00f4n ng\u1ea7m 25m3 Viettank"},"content":{"rendered":"<p>Viettank l\u00e0 \u0111\u01a1n v\u1ecb ch\u1ebf t\u1ea1o v\u00e0 thi c\u00f4ng l\u1eafp \u0111\u1eb7t <strong><a href=\"https:\/\/viettank.com.vn\/en\/bon-dau-chon-ngam-25m3-viettank\/\">b\u1ed3n d\u1ea7u ch\u00f4n ng\u1ea7m<\/a> 25m3<\/strong> chuy\u00ean nghi\u1ec7p t\u1ea1i khu v\u1ef1c mi\u1ec1n B\u1eafc. Hi\u1ec7n nay, ch\u00fang t\u00f4i cung c\u1ea5p nhi\u1ec1u lo\u1ea1i b\u1ed3n ch\u1ee9a d\u1ea7u v\u1edbi c\u00e1c lo\u1ea1i th\u1ec3 t\u00edch kh\u00e1c nhau ho\u1eb7c s\u1ea3n xu\u1ea5t b\u1ed3n ch\u1ee9a x\u0103ng d\u1ea7u theo y\u00eau c\u1ea7u c\u1ee7a qu\u00fd kh\u00e1ch h\u00e0ng.<\/p>\n<h2><strong>Th\u00f4ng tin chi ti\u1ebft b\u1ed3n d\u1ea7u ch\u00f4n ng\u1ea7m Viettank<\/strong><\/h2>\n<p>V\u1eadt li\u1ec7u:<br \/>\n\u2013 Th\u00e9p t\u1ea5m CT3 (SS400)<br \/>\n\u2013 Th\u00e9p kh\u00f4ng g\u1ec9 (SUS 304)<br \/>\nTi\u00eau chu\u1ea9n s\u1ea3n ph\u1ea9m:<br \/>\n\u2013 Th\u00e2n b\u1ed3n: SPI-650<br \/>\n\u2013 \u0110\u01b0\u1eddng h\u00e0n: TCVN 6008-1995<br \/>\n\u00c1p su\u1ea5t:<br \/>\n\u2013 Thi\u1ebft k\u1ebf: 0.3 KG\/cm2<br \/>\n\u2013 Ki\u1ec3m tra: 0.4 KG\/cm2<br \/>\n\u2013 L\u00e0m vi\u1ec7c: atm<\/p>\n<figure id=\"attachment_691\" aria-describedby=\"caption-attachment-691\" style=\"width: 600px\" class=\"wp-caption aligncenter\"><img loading=\"lazy\" decoding=\"async\" class=\"wp-image-691\" src=\"https:\/\/viettank.com.vn\/wp-content\/uploads\/2022\/12\/Bon-dau-chon-ngam-25m3.jpg\" alt=\"B\u1ed3n d\u1ea7u ch\u00f4n ng\u1ea7m 25m3\" width=\"600\" height=\"510\" srcset=\"https:\/\/viettank.com.vn\/wp-content\/uploads\/2022\/12\/Bon-dau-chon-ngam-25m3.jpg 692w, https:\/\/viettank.com.vn\/wp-content\/uploads\/2022\/12\/Bon-dau-chon-ngam-25m3-203x172.jpg 203w, https:\/\/viettank.com.vn\/wp-content\/uploads\/2022\/12\/Bon-dau-chon-ngam-25m3-416x353.jpg 416w, https:\/\/viettank.com.vn\/wp-content\/uploads\/2022\/12\/Bon-dau-chon-ngam-25m3-14x12.jpg 14w\" sizes=\"auto, (max-width: 600px) 100vw, 600px\" \/><figcaption id=\"caption-attachment-691\" class=\"wp-caption-text\">B\u1ed3n ch\u1ee9a d\u1ea7u ch\u00f4n ng\u1ea7m 25m3 d\u01b0\u1edbi l\u00f2ng \u0111\u1ea5t<\/figcaption><\/figure>\n<p>B\u1ed3n ch\u1ee9a d\u1ea7u ch\u00f4n ng\u1ea7m d\u01b0\u1edbi l\u00f2ng \u0111\u1ea5t l\u00e0 lo\u1ea1i ph\u1ed5 bi\u1ebfn nh\u1ea5t \u0111\u01b0\u1ee3c s\u1eed d\u1ee5ng t\u1ea1i c\u00e1c tr\u1ea1m x\u0103ng d\u1ea7u, vi\u1ec7c s\u1eed d\u1ee5ng b\u1ed3n ch\u1ee9a x\u0103ng d\u1ea7u ch\u00f4n ng\u1ea7m t\u0103ng t\u00ednh an to\u00e0n trong c\u00f4ng t\u00e1c ph\u00f2ng ch\u1ed1ng ch\u00e1y n\u1ed5, kh\u00f4ng chi\u1ebfm d\u1ee5ng m\u1eb7t b\u1eb1ng khi l\u1eafp \u0111\u1eb7t, \u0111\u1ed9 b\u1ec1n cao, c\u00f3 th\u1ec3 l\u1eafp \u0111\u1eb7t nhi\u1ec1u b\u1ed3n ch\u1ee9a t\u0103ng th\u1ec3 t\u00edch c\u1ee7a tr\u1ea1m x\u0103ng d\u1ea7u.<\/p>\n<p>C\u00e1c lo\u1ea1i th\u1ec3 t\u00edch b\u1ed3n ch\u1ee9a ng\u1ea7m th\u00f4ng d\u1ee5ng hi\u1ec7n nay nh\u01b0 b\u1ed3n 20m3 \u0111\u01b0\u1ee3c chia 2 ng\u0103n \u0111\u1ed9c l\u1eadp, b\u1ed3n ch\u1ee9a d\u1ea7u 25m3 ho\u1eb7c 30m3 t\u00f9y v\u00e0o quy m\u00f4 v\u00e0 s\u1ea3n l\u01b0\u1ee3ng c\u1ee7a tr\u1ea1m x\u0103ng d\u1ea7u. Tuy nhi\u00ean khi \u0111\u1ea7u t\u01b0 l\u1eafp \u0111\u1eb7t \u0111\u01a1n v\u1ecb Viettank s\u1ebd nghi\u00ean c\u1ee9u kh\u1ea3o s\u00e1t k\u1ef9 v\u00e0 c\u00f3 d\u1ef1 to\u00e1n ph\u00f9 h\u1ee3p v\u1ec1 th\u1ec3 t\u00edch, tr\u00e1nh vi\u1ec7c ph\u1ea3i b\u1ed5 sung b\u1ed3n ch\u1ee9a sau khi \u0111\u00e3 \u0111i v\u00e0o ho\u1ea1t \u0111\u1ed9ng.<\/p>\n<h2><strong>Quy c\u00e1ch b\u1ed3n d\u1ea7u ch\u00f4n ng\u1ea7m d\u01b0\u1edbi l\u00f2ng \u0111\u1ea5t<\/strong><\/h2>\n<p>&#8211; B\u1ec3 tr\u1ee5 ngang ch\u1ee9a x\u0103ng d\u1ea7u (\u0110\u00e1p \u1ee9ng t\u1ed1i thi\u1ec3u TCVN 4162-85 v\u1ec1 b\u1ed3n b\u1ec3 ch\u1ee9a x\u0103ng d\u1ea7u )<\/p>\n<p>&#8211; Bi\u00ean d\u1ea1ng c\u1ee7a b\u1ed3n h\u00ecnh tr\u1ee5 ph\u1eb3ng kh\u00f4ng m\u00f3p m\u00e9o.<\/p>\n<p>&#8211; C\u1ed5 b\u1ed3n ph\u1ea3i vu\u00f4ng g\u00f3c v\u1edbi \u0111\u01b0\u1eddng sinh c\u1ee7a b\u1ed3n.<\/p>\n<p>&#8211; C\u00e1c m\u1ed1i h\u00e0n gh\u00e9p ph\u1ea3i theo \u0111\u00fang TCVN, \u0111\u01b0\u1ee3c th\u1eed \u00e1p l\u1ef1c b\u1eb1ng kh\u00ed n\u00e9n P = 0,4\u00a0kg\/cm2<\/p>\n<p>&#8211; Lo\u1ea1i b\u1ed3n ch\u1ee9a x\u0103ng d\u1ea7u l\u1eafp ng\u1ea7m<\/p>\n<p>&#8211; V\u1eadt li\u1ec7u th\u00f4ng th\u01b0\u1eddng: Th\u00e2n b\u1ed3n th\u00e9p Th\u00e9p CT3, SS400, Q235 &#8230;\u00a0\u0111\u1ed9 d\u1ea7y theo theo b\u1ea3ng chi ti\u1ebft b\u00ean d\u01b0\u1edbi, n\u1eafp b\u1ed3n, c\u1ed5 b\u1ed3n theo ti\u00eau chu\u1ea9n ngh\u00e0nh.<\/p>\n<p>&#8211; S\u1ed1 ng\u0103n: t\u00f9y theo nhu c\u1ea7u<\/p>\n<p>&#8211; M\u1eb7t b\u00edch \u1ed1ng nh\u1eadp, xu\u1ea5t D90, \u1ed1ng \u0111o l\u1eafp \u0111\u1ea7y \u0111\u1ee7 tr\u00ean c\u1ed5 b\u1ec3<\/p>\n<p>&#8211; N\u1eafp c\u1ed5 b\u1ec3\u00a0: k\u00edch th\u01b0\u1edbc theo ti\u00eau chu\u1ea9n ngh\u00e0nh x\u00e2y d\u1ef1ng<\/p>\n<p>&#8211; S\u01a1n ch\u1ed1ng r\u1ec9 th\u00e2n b\u1ed3n, m\u1eb7t b\u00edch<\/p>\n<p>&#8211; Th\u00e2n b\u1ed3n s\u01a1n ph\u1ee7 2 l\u1edbp nh\u1ef1a \u0111\u01b0\u1eddng, qu\u1ea5n 01 l\u1edbp v\u1ea3i th\u1ee7y tinh<\/p>\n<p>&#8211; Quy tr\u00ecnh gia c\u00f4ng s\u1ea3n xu\u1ea5t ph\u1ea3i \u0111\u1ea3m b\u1ea3o ch\u1ea5t l\u01b0\u1ee3ng<\/p>\n<p>&#8211; M\u1ed9t s\u1ed1 tr\u01b0\u1eddng h\u1ee3p c\u00f3 th\u1ec3 \u0111\u01b0\u1ee3c si\u00eau \u00e2m \u0111\u01b0\u1eddng h\u00e0n, ki\u1ec3m nghi\u1ec7m th\u1ea9m th\u1ea5u, ch\u1ee5p phim&#8230;<\/p>\n<p>N\u1ebfu kh\u00e1ch h\u00e0ng \u0111ang c\u00f3 nhu c\u1ea7u l\u1eafp \u0111\u1eb7t b\u1ed3n d\u1ea7u ch\u00f4n ng\u1ea7m 25m3 th\u00ec h\u00e3y li\u00ean h\u1ec7 ngay t\u1edbi c\u00f4ng ty Viettank \u0111\u1ec3 \u0111\u01b0\u1ee3c h\u1ed7 tr\u1ee3 nhanh nh\u1ea5t. M\u1ecdi th\u00f4ng tin vui l\u00f2ng li\u00ean h\u1ec7 t\u1edbi \u0111\u1ecba ch\u1ec9:<\/p>\n<p><strong>Viettank \u2013 Ho\u00e0n thi\u1ec7n tr\u00ean t\u1eebng b\u01b0\u1edbc ti\u1ebfn!<\/strong><\/p>\n<p><strong>\u0110\u1ecba ch\u1ec9 v\u0103n ph\u00f2ng: S\u1ed1 13A26-Ng\u00f5 367, \u0110\u01b0\u1eddng Ho\u00e0ng Qu\u1ed1c Vi\u1ec7t, Ph.Ngh\u0129a T\u00e2n, Qu\u1eadn C\u1ea7u Gi\u1ea5y, Th\u00e0nh ph\u1ed1 H\u00e0 N\u1ed9i <\/strong><\/p>\n<p><strong>\u0110\u1ecba ch\u1ec9 nh\u00e0 m\u00e1y:\u00a0 Km10-Qu\u1ed1c l\u1ed9 03, Huy\u1ec7n \u0110\u00f4ng Anh, Th\u00e0nh ph\u1ed1 H\u00e0 N\u1ed9i<\/strong><\/p>\n<p><strong>Hotline: 0944.012.188<\/strong><\/p>\n<p><strong>Website: Viettank.com.vn<\/strong><\/p>\n<p><strong>Email: info@viettank.com<\/strong><\/p>","protected":false},"excerpt":{"rendered":"<p>Viettank l\u00e0 \u0111\u01a1n v\u1ecb ch\u1ebf t\u1ea1o v\u00e0 thi c\u00f4ng l\u1eafp \u0111\u1eb7t b\u1ed3n d\u1ea7u ch\u00f4n ng\u1ea7m 25m3 chuy\u00ean nghi\u1ec7p t\u1ea1i khu v\u1ef1c mi\u1ec1n B\u1eafc. Hi\u1ec7n nay, ch\u00fang t\u00f4i cung c\u1ea5p nhi\u1ec1u lo\u1ea1i b\u1ed3n ch\u1ee9a d\u1ea7u v\u1edbi c\u00e1c lo\u1ea1i th\u1ec3 t\u00edch kh\u00e1c nhau ho\u1eb7c s\u1ea3n xu\u1ea5t b\u1ed3n ch\u1ee9a x\u0103ng d\u1ea7u theo y\u00eau c\u1ea7u c\u1ee7a qu\u00fd kh\u00e1ch h\u00e0ng&#8230;.<\/p>","protected":false},"featured_media":691,"comment_status":"closed","ping_status":"closed","template":"","meta":[],"product_cat":[16,19],"product_tag":[80,73],"class_list":["post-690","product","type-product","status-publish","has-post-thumbnail","hentry","product_cat-bon-chua-cong-nghiep","product_cat-bon-chua-xang-dau","product_tag-bon-dau-chon-ngam","product_tag-bon-dau-chon-ngam-25m3"],"_links":{"self":[{"href":"https:\/\/viettank.com.vn\/en\/wp-json\/wp\/v2\/product\/690","targetHints":{"allow":["GET"]}}],"collection":[{"href":"https:\/\/viettank.com.vn\/en\/wp-json\/wp\/v2\/product"}],"about":[{"href":"https:\/\/viettank.com.vn\/en\/wp-json\/wp\/v2\/types\/product"}],"replies":[{"embeddable":true,"href":"https:\/\/viettank.com.vn\/en\/wp-json\/wp\/v2\/comments?post=690"}],"wp:featuredmedia":[{"embeddable":true,"href":"https:\/\/viettank.com.vn\/en\/wp-json\/wp\/v2\/media\/691"}],"wp:attachment":[{"href":"https:\/\/viettank.com.vn\/en\/wp-json\/wp\/v2\/media?parent=690"}],"wp:term":[{"taxonomy":"product_cat","embeddable":true,"href":"https:\/\/viettank.com.vn\/en\/wp-json\/wp\/v2\/product_cat?post=690"},{"taxonomy":"product_tag","embeddable":true,"href":"https:\/\/viettank.com.vn\/en\/wp-json\/wp\/v2\/product_tag?post=690"}],"curies":[{"name":"wp","href":"https:\/\/api.w.org\/{rel}","templated":true}]}}