{"id":686,"date":"2022-12-23T15:38:32","date_gmt":"2022-12-23T08:38:32","guid":{"rendered":"https:\/\/viettank.com.vn\/?post_type=product&#038;p=686"},"modified":"2022-12-30T16:23:38","modified_gmt":"2022-12-30T09:23:38","slug":"bon-dau-inox-viettank","status":"publish","type":"product","link":"https:\/\/viettank.com.vn\/en\/bon-dau-inox-viettank\/","title":{"rendered":"B\u1ed3n d\u1ea7u inox Viettank"},"content":{"rendered":"<p><a href=\"https:\/\/viettank.com.vn\/en\/bon-dau-inox-viettank\/\"><strong>B\u1ed3n d\u1ea7u inox<\/strong> <\/a>do c\u00f4ng ty Viettank thi c\u00f4ng v\u00e0 s\u1ea3n xu\u1ea5t theo c\u00f4ng ngh\u1ec7 ti\u00ean ti\u1ebfn hi\u1ec7n \u0111\u1ea1i \u0111\u1ea3m b\u1ea3o theo ti\u00eau chu\u1ea9n ASME \u2013 Section VIII \u2013 Division 1, TCVN 8366:2010; 7704:2007 v\u00e0 \u0111\u01b0\u1ee3c \u00e1p d\u1ee5ng h\u1ec7 th\u1ed1ng qu\u1ea3n l\u00fd ch\u1ea5t l\u01b0\u1ee3ng ISO 9001 : 2015.<\/p>\n<h2><strong>Ti\u00eau chu\u1ea9n thi\u1ebft k\u1ebf b\u1ed3n ch\u1ee9a d\u1ea7u inox<\/strong><\/h2>\n<p>Hi\u1ec7n nay, b\u1ed3n ch\u1ee9a d\u1ea7u inox \u0111\u01b0\u1ee3c thi\u1ebft k\u1ebf \u0111\u1ea3m b\u1ea3o ch\u1ecbu \u0111\u01b0\u1ee3c \u00e1p l\u1ef1c l\u1eafp d\u1eb7t ch\u00f4n ng\u1ea7m trong l\u00f2ng \u0111\u1ea5t ho\u1eb7c \u0111\u1ec3 n\u1ed5i tr\u00ean m\u1eb7t \u0111\u1ea5t c\u1ee7a c\u00e1c kho x\u0103ng d\u1ea7u, kho trung chuy\u1ec3n. V\u00ec l\u00e0 n\u1ed3n ch\u1ee9a nguy\u00ean li\u1ec7u: d\u1ea7u r\u1ea5t d\u1ec5 ch\u00e1y n\u1ed5 do \u0111\u00f3 thi\u1ebft k\u1ebf b\u1ed3n ch\u1ee9a d\u1ea7u c\u0169ng ph\u1ea3i theo ti\u00eau chu\u1ea9n qu\u1ed1c t\u1ebf.<\/p>\n<h3><strong>V\u1eadt li\u1ec7u v\u00e0 h\u00ecnh d\u1ea1ng b\u1ed3n ch\u1ee9a d\u1ea7u<\/strong><\/h3>\n<p>B\u1ed3n ch\u1ee9a d\u1ea7u \u0111\u01b0\u1ee3c ch\u1ebf t\u1ea1o t\u1eeb inox cao c\u1ea5p ch\u1ea5t l\u01b0\u1ee3ng cao ph\u00f9 h\u1ee3p v\u1edbi \u0111\u1eb7c t\u00ednh v\u00e0 t\u00ednh ch\u1ea5t c\u1ee7a d\u1ea7u. B\u1ed3n ch\u1ee9a th\u01b0\u1eddng \u0111\u01b0\u1ee3c thi\u1ebft k\u1ebf theo h\u00ecnh tr\u1ee5 elip c\u00f3 \u0111\u1ed9 d\u00e0y ti\u00eau chu\u1ea9n kh\u00f4ng b\u1ecb b\u00f3p m\u00e9o.<\/p>\n<figure id=\"attachment_688\" aria-describedby=\"caption-attachment-688\" style=\"width: 600px\" class=\"wp-caption aligncenter\"><img loading=\"lazy\" decoding=\"async\" class=\"wp-image-688 size-full\" src=\"https:\/\/viettank.com.vn\/wp-content\/uploads\/2022\/12\/bon-dau-inox.png\" alt=\"B\u1ed3n d\u1ea7u inox Viettank\" width=\"600\" height=\"600\" srcset=\"https:\/\/viettank.com.vn\/wp-content\/uploads\/2022\/12\/bon-dau-inox.png 600w, https:\/\/viettank.com.vn\/wp-content\/uploads\/2022\/12\/bon-dau-inox-203x203.png 203w, https:\/\/viettank.com.vn\/wp-content\/uploads\/2022\/12\/bon-dau-inox-416x416.png 416w, https:\/\/viettank.com.vn\/wp-content\/uploads\/2022\/12\/bon-dau-inox-100x100.png 100w, https:\/\/viettank.com.vn\/wp-content\/uploads\/2022\/12\/bon-dau-inox-12x12.png 12w\" sizes=\"auto, (max-width: 600px) 100vw, 600px\" \/><figcaption id=\"caption-attachment-688\" class=\"wp-caption-text\">B\u1ed3n d\u1ea7u inox Viettank \u0111\u1ea1t ti\u00eau chu\u1ea9n ch\u1ea5t l\u01b0\u1ee3ng ISO 9001: 2000<\/figcaption><\/figure>\n<h3><strong>C\u1ea5u tr\u00fac c\u1ee7a b\u1ed3n ch\u1ee9a d\u1ea7u<\/strong><\/h3>\n<p>Khi thi\u1ebft k\u1ebf th\u00ec b\u1ed3n ch\u1ee9a d\u1ea7u ph\u1ea3i chia ng\u0103n \u0111\u1ec3 \u0111\u1ea3m b\u1ea3o t\u00ednh an to\u00e0n khi s\u1eed d\u1ee5ng. \u0110\u1ed1i v\u1edbi c\u00e1c lo\u1ea1i b\u1ed3n dung t\u00edch t\u1eeb 5m3 tr\u1edf l\u00ean \u0111\u1ec1u ph\u1ea3i chia ng\u0103n, m\u1ed7i ng\u0103n ph\u1ea3i c\u00f3 c\u1ed5 l\u1eabu, \u1ed1ng nh\u1eadp, m\u1eb7t b\u00edch, \u1ed1ng xu\u1ea5t, l\u1ed7 \u0111o, van th\u1edf,&#8230;<\/p>\n<h3><strong>C\u00e1c trang thi\u1ebft b\u1ecb c\u1ee7a b\u1ed3n ch\u1ee9a<\/strong><\/h3>\n<p>V\u1edbi nh\u1eefng b\u1ed3n ch\u1ee9a d\u1ea7u th\u00ec c\u1ea7n ph\u1ea3i c\u00f3 c\u00e1c trang thi\u1ebft b\u1ecb \u0111i k\u00e8m nh\u01b0: thang leo, d\u00e2y ti\u1ebfp \u0111\u1ea5t, ch\u1eef c\u1ea3nh b\u00e1o. Trong \u0111\u00f3, \u0111\u1ed9 d\u00e0i d\u00e2y ti\u1ebfp \u0111\u1ea5t ph\u1ea3i \u0111\u1ea3m b\u1ea3o sao cho 2 m\u1eaft x\u00edch \u00edt nh\u1ea5t l\u00e0 ph\u1ea3i ch\u1ea1m xu\u1ed1ng m\u1eb7t \u0111\u01b0\u1eddng, ph\u1ea3i c\u00f3 c\u1ea7u thang \u0111\u1ec3 thu\u1eadn ti\u1ec7n cho vi\u1ec7c th\u00e1o l\u1eafp, v\u1eadn h\u00e0nh, ki\u1ec3m tra, quan s\u00e1t c\u00e1c b\u1ed9 ph\u1eadn tr\u00ean b\u1ed3n xe.<\/p>\n<p>N\u1eafp b\u1ed3n ch\u1ee9a d\u1ea7u ph\u1ea3i \u0111\u01b0\u1ee3c thi\u1ebft k\u1ebf h\u00ecnh tr\u00f2n v\u00e0 y\u00eau c\u1ea7u tr\u00ean \u0111\u1ec9nh b\u1ed3n ph\u1ea3i c\u00f3 n\u1eafp k\u00edn c\u00f3 th\u1ec3 \u0111\u00f3ng m\u1edf d\u1ec5 d\u00e0ng. Van th\u00f4ng kh\u00ed c\u0169ng ph\u1ea3i \u0111\u1eb7t tr\u00ean n\u1eafp \u0111\u1ec9nh b\u1ed3n ch\u1ee9a v\u00e0 c\u00f3 \u0111i\u1ec1u h\u00f2a \u00e1p su\u1ea5t b\u00ean trong b\u1ed3n ch\u1ee9a.<\/p>\n<h2><strong>Viettank \u2013 \u0111\u01a1n v\u1ecb cung c\u1ea5p b\u1ed3n d\u1ea7u inox uy t\u00edn, ch\u1ea5t l\u01b0\u1ee3ng<\/strong><\/h2>\n<p>C\u00f4ng ty Viettank l\u00e0 m\u1ed9t trong nh\u1eefng \u0111\u1ecba ch\u1ec9 chuy\u00ean s\u1ea3n xu\u1ea5t b\u1ed3n d\u1ea7u chuy\u00ean nghi\u1ec7p, gia c\u00f4ng ch\u1ebf t\u1ea1o c\u00e1c lo\u1ea1i b\u1ed3n x\u1eed l\u00fd n\u01b0\u1edbc, b\u1ed3n khu\u1ea5y h\u00f3a ch\u1ea5t,\u2026 s\u1ea3n ph\u1ea9m \u0111\u1ea1t ti\u00eau chu\u1ea9n ch\u1ea5t l\u01b0\u1ee3ng ISO 9001: 2000 . Viettank c\u00f9ng v\u1edbi c\u00e1c chuy\u00ean gia h\u00e0ng \u0111\u1ea7u trong ng\u00e0nh ch\u1ebf t\u1ea1o s\u1ea3n xu\u1ea5t b\u1ed3n b\u1ec3 c\u00f4ng nghi\u1ec7p, di\u1ec7n t\u00edch nh\u00e0 x\u01b0\u1edfng l\u00ean \u0111\u1ebfn h\u01a1n 10.000 m2, thi\u1ebft b\u1ecb m\u00e1y m\u00f3c \u0111\u01b0\u1ee3c nh\u1eadp kh\u1ea9u t\u1eeb n\u01b0\u1edbc ngo\u00e0i v\u1edbi c\u00f4ng ngh\u1ec7 hi\u1ec7n \u0111\u1ea1i. \u0110\u1ea3m b\u1ea3o \u0111\u00e1p \u1ee9ng \u0111\u01b0\u1ee3c m\u1ecdi nhu c\u1ea7u c\u1ee7a kh\u00e1ch h\u00e0ng.<\/p>\n<figure id=\"attachment_706\" aria-describedby=\"caption-attachment-706\" style=\"width: 600px\" class=\"wp-caption aligncenter\"><img loading=\"lazy\" decoding=\"async\" class=\"wp-image-706 size-full\" src=\"https:\/\/viettank.com.vn\/wp-content\/uploads\/2021\/09\/bon-inox-2.png\" alt=\"b\u1ed3n d\u1ea7u inox\" width=\"600\" height=\"600\" srcset=\"https:\/\/viettank.com.vn\/wp-content\/uploads\/2021\/09\/bon-inox-2.png 600w, https:\/\/viettank.com.vn\/wp-content\/uploads\/2021\/09\/bon-inox-2-203x203.png 203w, https:\/\/viettank.com.vn\/wp-content\/uploads\/2021\/09\/bon-inox-2-416x416.png 416w, https:\/\/viettank.com.vn\/wp-content\/uploads\/2021\/09\/bon-inox-2-100x100.png 100w, https:\/\/viettank.com.vn\/wp-content\/uploads\/2021\/09\/bon-inox-2-12x12.png 12w\" sizes=\"auto, (max-width: 600px) 100vw, 600px\" \/><figcaption id=\"caption-attachment-706\" class=\"wp-caption-text\">X\u01b0\u1edfng s\u1ea3n xu\u1ea5t b\u1ed3n d\u1ea7u inox t\u1ea1i Viettank<\/figcaption><\/figure>\n<p>N\u1ebfu kh\u00e1ch h\u00e0ng \u0111ang c\u00f3 nhu c\u1ea7u l\u1eafp \u0111\u1eb7t <a href=\"https:\/\/vi.wiktionary.org\/w\/index.php?go=Xem&amp;search=b%E1%BB%93n+d%E1%BA%A7u+inox&amp;title=%C4%90%E1%BA%B7c_bi%E1%BB%87t%3AT%C3%ACm_ki%E1%BA%BFm&amp;ns0=1\" target=\"_blank\" rel=\"noopener\">b\u1ed3n d\u1ea7u inox<\/a> th\u00ec h\u00e3y li\u00ean h\u1ec7 ngay t\u1edbi c\u00f4ng ty Viettank \u0111\u1ec3 \u0111\u01b0\u1ee3c h\u1ed7 tr\u1ee3 nhanh nh\u1ea5t. M\u1ecdi th\u00f4ng tin vui l\u00f2ng li\u00ean h\u1ec7 t\u1edbi \u0111\u1ecba ch\u1ec9:<\/p>\n<p><strong>Viettank \u2013 Ho\u00e0n thi\u1ec7n tr\u00ean t\u1eebng b\u01b0\u1edbc ti\u1ebfn!<\/strong><\/p>\n<p><strong>\u0110\u1ecba ch\u1ec9 v\u0103n ph\u00f2ng: S\u1ed1 13A26-Ng\u00f5 367, \u0110\u01b0\u1eddng Ho\u00e0ng Qu\u1ed1c Vi\u1ec7t, Ph.Ngh\u0129a T\u00e2n, Qu\u1eadn C\u1ea7u Gi\u1ea5y, Th\u00e0nh ph\u1ed1 H\u00e0 N\u1ed9i <\/strong><\/p>\n<p><strong>\u0110\u1ecba ch\u1ec9 nh\u00e0 m\u00e1y:\u00a0 Km10-Qu\u1ed1c l\u1ed9 03, Huy\u1ec7n \u0110\u00f4ng Anh, Th\u00e0nh ph\u1ed1 H\u00e0 N\u1ed9i<\/strong><\/p>\n<p><strong>Hotline: 0944.012.188<\/strong><\/p>\n<p><strong>Website: Viettank.com.vn<\/strong><\/p>","protected":false},"excerpt":{"rendered":"<p>B\u1ed3n d\u1ea7u inox do c\u00f4ng ty Viettank thi c\u00f4ng v\u00e0 s\u1ea3n xu\u1ea5t theo c\u00f4ng ngh\u1ec7 ti\u00ean ti\u1ebfn hi\u1ec7n \u0111\u1ea1i \u0111\u1ea3m b\u1ea3o theo ti\u00eau chu\u1ea9n ASME \u2013 Section VIII \u2013 Division 1, TCVN 8366:2010; 7704:2007 v\u00e0 \u0111\u01b0\u1ee3c \u00e1p d\u1ee5ng h\u1ec7 th\u1ed1ng qu\u1ea3n l\u00fd ch\u1ea5t l\u01b0\u1ee3ng ISO 9001 : 2015. Ti\u00eau chu\u1ea9n thi\u1ebft k\u1ebf b\u1ed3n ch\u1ee9a d\u1ea7u&#8230;<\/p>","protected":false},"featured_media":688,"comment_status":"closed","ping_status":"closed","template":"","meta":[],"product_cat":[16,19],"product_tag":[81],"class_list":["post-686","product","type-product","status-publish","has-post-thumbnail","hentry","product_cat-bon-chua-cong-nghiep","product_cat-bon-chua-xang-dau","product_tag-bon-dau-inox"],"_links":{"self":[{"href":"https:\/\/viettank.com.vn\/en\/wp-json\/wp\/v2\/product\/686","targetHints":{"allow":["GET"]}}],"collection":[{"href":"https:\/\/viettank.com.vn\/en\/wp-json\/wp\/v2\/product"}],"about":[{"href":"https:\/\/viettank.com.vn\/en\/wp-json\/wp\/v2\/types\/product"}],"replies":[{"embeddable":true,"href":"https:\/\/viettank.com.vn\/en\/wp-json\/wp\/v2\/comments?post=686"}],"wp:featuredmedia":[{"embeddable":true,"href":"https:\/\/viettank.com.vn\/en\/wp-json\/wp\/v2\/media\/688"}],"wp:attachment":[{"href":"https:\/\/viettank.com.vn\/en\/wp-json\/wp\/v2\/media?parent=686"}],"wp:term":[{"taxonomy":"product_cat","embeddable":true,"href":"https:\/\/viettank.com.vn\/en\/wp-json\/wp\/v2\/product_cat?post=686"},{"taxonomy":"product_tag","embeddable":true,"href":"https:\/\/viettank.com.vn\/en\/wp-json\/wp\/v2\/product_tag?post=686"}],"curies":[{"name":"wp","href":"https:\/\/api.w.org\/{rel}","templated":true}]}}