{"id":684,"date":"2022-12-23T15:12:30","date_gmt":"2022-12-23T08:12:30","guid":{"rendered":"https:\/\/viettank.com.vn\/?post_type=product&#038;p=684"},"modified":"2022-12-30T17:19:14","modified_gmt":"2022-12-30T10:19:14","slug":"bon-dau-vuong-viettank","status":"publish","type":"product","link":"https:\/\/viettank.com.vn\/en\/bon-dau-vuong-viettank\/","title":{"rendered":"B\u1ed3n d\u1ea7u vu\u00f4ng Viettank"},"content":{"rendered":"<p>Trong c\u00e1c s\u1ea3n ph\u1ea9m b\u1ed3n ch\u1ee9a \u0111\u01b0\u1ee3c ch\u1ebf t\u1ea1o t\u1ea1i c\u00f4ng ty Viettank, <strong><a href=\"https:\/\/viettank.com.vn\/en\/bon-dau-vuong-viettank\/\">b\u1ed3n d\u1ea7u vu\u00f4ng<\/a><\/strong> l\u00e0 s\u1ea3n ph\u1ea9m \u0111\u01b0\u1ee3c tin d\u00f9ng b\u1edfi nhi\u1ec1u \u0111\u01a1n v\u1ecb c\u00f3 ng\u00e0nh ngh\u1ec1 \u0111\u1eb7c th\u00f9 nh\u01b0 h\u00e0ng kh\u00f4ng, c\u00f4ng nghi\u1ec7p, d\u1ea7u kh\u00ed&#8230; L\u00fd do b\u1edfi v\u00ec lo\u1ea1i b\u1ed3n ch\u1ee9a n\u00e0y c\u1ea7n y\u00eau c\u1ea7u nghi\u00eam ng\u1eb7t v\u1ec1 ti\u00eau chu\u1ea9n k\u1ef9 thu\u1eadt \u0111\u1ec3 \u0111\u1ea3m b\u1ea3o t\u00ednh an to\u00e0n cao c\u0169ng nh\u01b0 c\u00e1c y\u00eau c\u1ea7u v\u1ec1 ch\u1ea5t l\u01b0\u1ee3ng, hi\u1ec7u su\u1ea5t, v\u00e0 \u0111\u1ed3 b\u1ec1n.<\/p>\n<p>Do nhu c\u1ea7u s\u1eed d\u1ee5ng d\u1ea7u ng\u00e0y c\u00e0ng t\u0103ng, k\u00e9o theo nhu c\u1ea7u v\u1eadn chuy\u1ec3n ho\u1eb7c \u0111\u1ef1ng ch\u1ee9a x\u0103ng d\u1ea7u c\u0169ng t\u0103ng theo \u0111\u00e1ng k\u1ec3. Tuy nhi\u00ean x\u0103ng, d\u1ea7u \u0111\u1ec1u l\u00e0 nh\u1eefng nguy\u00ean li\u1ec7u r\u1ea5t d\u1ec5 d\u00e2y ch\u00e1y n\u1ed5. Do \u0111\u00f3, \u0111\u1ec3 \u0111\u1ea3m b\u1ea3o an to\u00e0n trong qu\u00e1 tr\u00ecnh v\u1eadn chuy\u1ec3n ho\u1eb7c ch\u1ee9a \u0111\u1ef1ng, y\u1ebfu t\u1ed1 gi\u1eef vai tr\u00f2 quan tr\u1ecdng v\u00e0 quy\u1ebft \u0111\u1ecbnh l\u00e0 c\u00e1c b\u1ed3n ch\u1ee9a d\u1ea7u. B\u1ed3n ch\u1ee9a x\u0103ng, d\u1ea7u chuy\u00ean ch\u1ebf c\u1ea7n \u0111\u01b0\u1ee3c thi\u1ebft k\u1ebf v\u1edbi c\u1ea3 kh\u1ea3 n\u0103ng ch\u1ed1ng th\u1ea5m, ch\u1ed1ng r\u00f2 r\u1ec9 v\u00e0 c\u00e1ch nhi\u1ec7t t\u1ed1t. Ngo\u00e0i ra, c\u00e1c ph\u1ee5 ki\u1ec7n \u0111i k\u00e8m b\u1ed3n ch\u1ee9a c\u0169ng c\u1ea7n \u0111\u01b0\u1ee3c l\u1ef1a ch\u1ecdn k\u1ef9 l\u01b0\u1ee1ng \u0111\u1ec3 tr\u00e1nh vi\u1ec7c g\u00e2y th\u1ea5t tho\u00e1t x\u0103ng d\u1ea7u trong qu\u00e1 tr\u00ecnh s\u1eed d\u1ee5ng.<\/p>\n<h2><strong>\u01afu \u0111i\u1ec3m n\u1ed5i tr\u1ed9i c\u1ee7a b\u1ed3n d\u1ea7u vu\u00f4ng Viettank<\/strong><\/h2>\n<figure id=\"attachment_685\" aria-describedby=\"caption-attachment-685\" style=\"width: 600px\" class=\"wp-caption aligncenter\"><img loading=\"lazy\" decoding=\"async\" class=\"wp-image-685\" src=\"https:\/\/viettank.com.vn\/wp-content\/uploads\/2022\/12\/Bon-dau-vuong-1m3.1.jpg\" alt=\"B\u1ed3n d\u1ea7u vu\u00f4ng Viettank\" width=\"600\" height=\"758\" srcset=\"https:\/\/viettank.com.vn\/wp-content\/uploads\/2022\/12\/Bon-dau-vuong-1m3.1.jpg 684w, https:\/\/viettank.com.vn\/wp-content\/uploads\/2022\/12\/Bon-dau-vuong-1m3.1-203x256.jpg 203w, https:\/\/viettank.com.vn\/wp-content\/uploads\/2022\/12\/Bon-dau-vuong-1m3.1-416x525.jpg 416w, https:\/\/viettank.com.vn\/wp-content\/uploads\/2022\/12\/Bon-dau-vuong-1m3.1-10x12.jpg 10w\" sizes=\"auto, (max-width: 600px) 100vw, 600px\" \/><figcaption id=\"caption-attachment-685\" class=\"wp-caption-text\">H\u00ecnh \u1ea3nh b\u1ed3n d\u1ea7u vu\u00f4ng s\u1ea3n xu\u1ea5t t\u1ea1i Viettank<\/figcaption><\/figure>\n<ul>\n<li>B\u1ed3n ch\u1ee9a x\u0103ng d\u1ea7u do Viettank \u0111\u01b0\u1ee3c t\u00ednh to\u00e1n, thi\u1ebft k\u1ebf c\u00f3 \u00e1p su\u1ea5t thi\u1ebft k\u1ebf ph\u00f9 h\u1ee3p v\u1edbi nhu c\u1ea7u ch\u1ee9a x\u0103ng d\u1ea7u chuy\u00ean d\u1ee5ng.<\/li>\n<li>Th\u1ee3 h\u00e0n tay ngh\u1ec1 b\u1eadc cao 5\/7 th\u1ef1c hi\u1ec7n, th\u1ef1c hi\u1ec7n si\u00eau \u00e2m 100% m\u1ed1i h\u00e0n v\u00e0 x ray ng\u00e3 ba theo quy chu\u1ea9n<\/li>\n<li>B\u1ed3n ch\u1ee9a \u0111\u01b0\u1ee3c chu\u1ea9n ho\u00e1 t\u1eeb kh\u00e2u t\u00ednh to\u00e1n \u0111\u1ed9 b\u1ec1n v\u00e0 l\u1ef1a ch\u1ecdn v\u1eadt li\u1ec7u s\u1eed d\u1ee5ng l\u00e0 m\u00e1c th\u00e9p ch\u1ecbu nhi\u1ec7t do h\u01a1i n\u00f3ng c\u00f3 t\u00ednh \u0103n m\u00f2n<\/li>\n<li>Hai \u0111\u1ea7u ch\u1ecfm c\u1ea7u \u0111\u1ea7u b\u00ecnh \u0111\u01b0\u1ee3c d\u1eadp b\u1eb1ng m\u00e1y \u00e9p thu\u1ef7 l\u1ef1c 1500 t\u1ea5n H\u00e0n Qu\u1ed1c t\u1ea1o g\u1edd tr\u1ef1c ti\u1ebfp gi\u00fap \u0111\u1ed9 b\u1ec1n c\u01a1 t\u00ednh cao h\u01a1n 1,5 l\u1ea7n so v\u1edbi ch\u1ecfm c\u1ea7u v\u00ea mi\u1ebft ngu\u1ed9i th\u00f4ng th\u01b0\u1eddng<\/li>\n<li>To\u00e0n b\u1ed9 c\u00f4ng \u0111o\u1ea1n c\u1eaft, l\u1ed1c tr\u00f2n \u0111\u1ec1u ph\u1ea7n th\u00e2n b\u00ecnh g\u00f3p h\u01a1i \u0111\u1ec1u \u0111\u01b0\u1ee3c th\u1ef1c hi\u1ec7n b\u1eb1ng m\u00e1y CNC t\u1ef1 \u0111\u1ed9ng<\/li>\n<li>C\u00f4ng ngh\u1ec7 h\u00e0n \u0111\u1ec1u t\u1eeb hai ph\u00eda, ph\u00eda ngo\u00e0i h\u00e0n 100% t\u1ef1 \u0111\u1ed9ng c\u00f3 l\u1edbp thu\u1ed1c b\u1ea3o v\u1ec7 gi\u00fap \u0111\u1ed9 b\u1ec1n k\u1ebft c\u1ea5u m\u1ed1i h\u00e0n b\u00ecnh \u00e1p l\u1ef1c \u0111\u1ea3m b\u1ea3o v\u00e0 b\u1ec1n \u0111\u1eb9p<\/li>\n<\/ul>\n<h2><strong>Viettank \u2013 \u0111\u01a1n v\u1ecb cung c\u1ea5p b\u1ed3n d\u1ea7u vu\u00f4ng ch\u1ea5t l\u01b0\u1ee3ng, chuy\u00ean nghi\u1ec7p<\/strong><\/h2>\n<p>V\u1edbi h\u01a1n 10 n\u0103m kinh nghi\u1ec7m, c\u00f4ng ty Viettank l\u00e0 \u0111\u01a1n v\u1ecb h\u00e0ng \u0111\u1ea7u trong l\u0129nh v\u1ef1c s\u1ea3n xu\u1ea5t b\u1ed3n ch\u1ee9a x\u0103ng d\u1ea7u t\u1ea1i \u0110\u00f4ng Anh c\u0169ng nh\u01b0 to\u00e0n khu v\u1ef1c mi\u1ec1n B\u1eafc. Viettank s\u1ea3n xu\u1ea5t b\u1ed3n ch\u1ee9a d\u1ef1a tr\u00ean y\u00eau c\u1ea7u v\u1ec1 th\u1ec3 t\u00edch v\u00e0 k\u00edch th\u01b0\u1edbc b\u1ed3n ch\u1ee9a c\u1ee7a kh\u00e1ch h\u00e0ng.<\/p>\n<h3><strong>B\u1ed3n ch\u1ee9a d\u1ea7u Viettank \u0111\u1ea1t c\u00e1c ti\u00eau ch\u00ed sau:<\/strong><\/h3>\n<ul>\n<li>Thi\u1ebft k\u1ebf theo Ti\u00eau chu\u1ea9n ASME \u2013 Section VIII \u2013 Division 1; TCVN 8366:2010; 7704:2007<\/li>\n<li>\u0110\u01b0\u1ee3c \u00e1p d\u1ee5ng h\u1ec7 th\u1ed1ng qu\u1ea3n l\u00fd ch\u1ea5t l\u01b0\u1ee3ng ISO 9001 : 2000<\/li>\n<li>Hai ch\u1ecfm c\u1ea7u c\u1ee7a b\u00ecnh ch\u1ee9a d\u1ea7u \u0111\u01b0\u1ee3c s\u1ea3n xu\u1ea5t b\u1eb1ng v\u1eadt li\u1ec7u th\u00e9p Q235B; th\u00e9p SS400 theo ti\u00eau chu\u1ea9n GB tr\u00ean m\u00e1y mi\u1ebft ch\u1ecfm c\u1ea7u chuy\u00ean d\u1ee5ng.<\/li>\n<li>C\u00e1c m\u1ed1i h\u00e0n \u0111\u1ec1u do th\u1ee3 h\u00e0n c\u00f3 chuy\u00ean m\u00f4n v\u1ec1 h\u00e0n \u00e1p l\u1ef1c b\u1eadc 5G v\u00e0 6G ti\u00eau chu\u1ea9n<\/li>\n<\/ul>\n<p>N\u1ebfu kh\u00e1ch h\u00e0ng \u0111ang c\u00f3 nhu c\u1ea7u l\u1eafp \u0111\u1eb7t <a href=\"https:\/\/vi.wiktionary.org\/w\/index.php?go=Xem&amp;search=B%E1%BB%93n+d%E1%BA%A7u+vu%C3%B4ng&amp;title=%C4%90%E1%BA%B7c_bi%E1%BB%87t%3AT%C3%ACm_ki%E1%BA%BFm&amp;ns0=1\" target=\"_blank\" rel=\"noopener\">b\u1ed3n d\u1ea7u vu\u00f4ng<\/a> th\u00ec h\u00e3y li\u00ean h\u1ec7 ngay t\u1edbi c\u00f4ng ty Viettank \u0111\u1ec3 \u0111\u01b0\u1ee3c h\u1ed7 tr\u1ee3 nhanh nh\u1ea5t. M\u1ecdi th\u00f4ng tin vui l\u00f2ng li\u00ean h\u1ec7 t\u1edbi \u0111\u1ecba ch\u1ec9:<\/p>\n<p><strong>Viettank \u2013 Ho\u00e0n thi\u1ec7n tr\u00ean t\u1eebng b\u01b0\u1edbc ti\u1ebfn!<\/strong><\/p>\n<p><strong>\u0110\u1ecba ch\u1ec9 v\u0103n ph\u00f2ng: S\u1ed1 13A26-Ng\u00f5 367, \u0110\u01b0\u1eddng Ho\u00e0ng Qu\u1ed1c Vi\u1ec7t, Ph.Ngh\u0129a T\u00e2n, Qu\u1eadn C\u1ea7u Gi\u1ea5y, Th\u00e0nh ph\u1ed1 H\u00e0 N\u1ed9i <\/strong><\/p>\n<p><strong>\u0110\u1ecba ch\u1ec9 nh\u00e0 m\u00e1y:\u00a0 Km10-Qu\u1ed1c l\u1ed9 03, Huy\u1ec7n \u0110\u00f4ng Anh, Th\u00e0nh ph\u1ed1 H\u00e0 N\u1ed9i<\/strong><\/p>\n<p><strong>Hotline: 0944.012.188<\/strong><\/p>\n<p><strong>Website: Viettank.com.vn<\/strong><\/p>\n<p><strong>Email: info@viettank.com<\/strong><\/p>","protected":false},"excerpt":{"rendered":"<p>Trong c\u00e1c s\u1ea3n ph\u1ea9m b\u1ed3n ch\u1ee9a \u0111\u01b0\u1ee3c ch\u1ebf t\u1ea1o t\u1ea1i c\u00f4ng ty Viettank, b\u1ed3n d\u1ea7u vu\u00f4ng l\u00e0 s\u1ea3n ph\u1ea9m \u0111\u01b0\u1ee3c tin d\u00f9ng b\u1edfi nhi\u1ec1u \u0111\u01a1n v\u1ecb c\u00f3 ng\u00e0nh ngh\u1ec1 \u0111\u1eb7c th\u00f9 nh\u01b0 h\u00e0ng kh\u00f4ng, c\u00f4ng nghi\u1ec7p, d\u1ea7u kh\u00ed&#8230; L\u00fd do b\u1edfi v\u00ec lo\u1ea1i b\u1ed3n ch\u1ee9a n\u00e0y c\u1ea7n y\u00eau c\u1ea7u nghi\u00eam ng\u1eb7t v\u1ec1 ti\u00eau chu\u1ea9n k\u1ef9&#8230;<\/p>","protected":false},"featured_media":685,"comment_status":"closed","ping_status":"closed","template":"","meta":[],"product_cat":[16,19],"product_tag":[72,71],"class_list":["post-684","product","type-product","status-publish","has-post-thumbnail","hentry","product_cat-bon-chua-cong-nghiep","product_cat-bon-chua-xang-dau","product_tag-bon-dau-vuong","product_tag-bon-dau-vuong-viettank"],"_links":{"self":[{"href":"https:\/\/viettank.com.vn\/en\/wp-json\/wp\/v2\/product\/684","targetHints":{"allow":["GET"]}}],"collection":[{"href":"https:\/\/viettank.com.vn\/en\/wp-json\/wp\/v2\/product"}],"about":[{"href":"https:\/\/viettank.com.vn\/en\/wp-json\/wp\/v2\/types\/product"}],"replies":[{"embeddable":true,"href":"https:\/\/viettank.com.vn\/en\/wp-json\/wp\/v2\/comments?post=684"}],"wp:featuredmedia":[{"embeddable":true,"href":"https:\/\/viettank.com.vn\/en\/wp-json\/wp\/v2\/media\/685"}],"wp:attachment":[{"href":"https:\/\/viettank.com.vn\/en\/wp-json\/wp\/v2\/media?parent=684"}],"wp:term":[{"taxonomy":"product_cat","embeddable":true,"href":"https:\/\/viettank.com.vn\/en\/wp-json\/wp\/v2\/product_cat?post=684"},{"taxonomy":"product_tag","embeddable":true,"href":"https:\/\/viettank.com.vn\/en\/wp-json\/wp\/v2\/product_tag?post=684"}],"curies":[{"name":"wp","href":"https:\/\/api.w.org\/{rel}","templated":true}]}}