{"id":681,"date":"2022-12-23T15:02:32","date_gmt":"2022-12-23T08:02:32","guid":{"rendered":"https:\/\/viettank.com.vn\/?post_type=product&#038;p=681"},"modified":"2022-12-28T15:02:31","modified_gmt":"2022-12-28T08:02:31","slug":"bon-chua-dau-25m3-viettank","status":"publish","type":"product","link":"https:\/\/viettank.com.vn\/en\/bon-chua-dau-25m3-viettank\/","title":{"rendered":"B\u1ed3n ch\u1ee9a d\u1ea7u 25m3 Viettank"},"content":{"rendered":"<p><strong><a href=\"https:\/\/viettank.com.vn\/en\/bon-chua-dau-25m3-viettank\/\">B\u1ed3n ch\u1ee9a d\u1ea7u<\/a><\/strong> ch\u00ednh l\u00e0 thi\u1ebft b\u1ecb chuy\u00ean d\u1ee5ng trong ng\u00e0nh d\u1ea7u kh\u00ed h\u00f3a l\u1ecfng. Lo\u1ea1i b\u1ed3n ch\u1ee9a d\u1ea7u n\u00e0y c\u00f3 c\u1ea5u t\u1ea1o \u0111\u1eb7c bi\u1ec7t nh\u1eb1m \u0111\u00e1p \u1ee9ng \u0111\u1ea7y \u0111\u1ee7 c\u00e1c ti\u00eau chu\u1ea9n thi\u1ebft k\u1ebf, \u0111\u1ea3m b\u1ea3o an to\u00e0n tuy\u1ec7t \u0111\u1ed1i trong qu\u00e1 tr\u00ecnh v\u1eadn chuy\u1ec3n v\u00e0 s\u1eed d\u1ee5ng.<\/p>\n<h2><strong>T\u00ecm hi\u1ec3u v\u1ec1 b\u1ed3n ch\u1ee9a d\u1ea7u<\/strong><\/h2>\n<p>B\u1ed3n ch\u1ee9a d\u1ea7u l\u00e0 thi\u1ebft b\u1ecb chuy\u00ean \u0111\u01b0\u1ee3c s\u1eed d\u1ee5ng \u0111\u1ec3 ch\u1ee9a x\u0103ng d\u1ea7u t\u1ea1i c\u00e1c tr\u1ea1m x\u0103ng c\u00e2y x\u0103ng, n\u01a1i khai th\u00e1c kh\u00ed \u0111\u1ed1t, d\u1ea7u m\u1ecf. B\u1ed3n ch\u1ee9a d\u1ea7u c\u00f2n c\u00f3 d\u1ea1ng b\u1ed3n tr\u1ee5 n\u1eb1m, b\u1ed3n tr\u1ee5 \u0111\u1ee9ng.<\/p>\n<figure id=\"attachment_682\" aria-describedby=\"caption-attachment-682\" style=\"width: 600px\" class=\"wp-caption aligncenter\"><img loading=\"lazy\" decoding=\"async\" class=\"wp-image-682 size-full\" src=\"https:\/\/viettank.com.vn\/wp-content\/uploads\/2022\/12\/bon-chua-dau.png\" alt=\"B\u1ed3n ch\u1ee9a d\u1ea7u 25m3 Viettank\" width=\"600\" height=\"600\" srcset=\"https:\/\/viettank.com.vn\/wp-content\/uploads\/2022\/12\/bon-chua-dau.png 600w, https:\/\/viettank.com.vn\/wp-content\/uploads\/2022\/12\/bon-chua-dau-203x203.png 203w, https:\/\/viettank.com.vn\/wp-content\/uploads\/2022\/12\/bon-chua-dau-416x416.png 416w, https:\/\/viettank.com.vn\/wp-content\/uploads\/2022\/12\/bon-chua-dau-100x100.png 100w, https:\/\/viettank.com.vn\/wp-content\/uploads\/2022\/12\/bon-chua-dau-12x12.png 12w\" sizes=\"auto, (max-width: 600px) 100vw, 600px\" \/><figcaption id=\"caption-attachment-682\" class=\"wp-caption-text\">H\u00ecnh \u1ea3nh b\u1ed3n ch\u1ee9a d\u1ea7u n\u1eb1m ngang<\/figcaption><\/figure>\n<p>S\u1ea3n ph\u1ea9m \u0111\u01b0\u1ee3c l\u1eafp \u0111\u1eb7t chon ng\u1ea7m trong l\u00f2ng \u0111\u1ea5t ho\u1eb7c \u0111\u01b0\u1ee3c l\u1eafp tr\u00ean xe s\u00e1t xi. \u0110\u1ec3 \u0111\u1ea3m b\u1ea3o \u0111\u1ed9 an to\u00e0n trong qu\u00e1 tr\u00ecnh s\u1eed d\u1ee5ng, b\u1ed3n ch\u1ee9a nh\u1eefng v\u1eadt li\u1ec7u d\u1ec5 ch\u00e1y n\u00e0y c\u1ea7n \u0111\u01b0\u1ee3c thi\u1ebft k\u1ebf \u0111\u00e1p \u1ee9ng \u0111\u1ea7y \u0111\u1ee7 c\u00e1c y\u00eau c\u1ea7u k\u1ef9 thu\u1eadt.<\/p>\n<h2><strong>\u0110\u1eb7c \u0111i\u1ec3m ch\u1ebf t\u1ea1o c\u1ee7a b\u1ed3n ch\u1ee9a d\u1ea7u<\/strong><\/h2>\n<ul>\n<li>B\u1ed3n ch\u1ee9a d\u1ea7u \u0111\u01b0\u1ee3c h\u00e0n theo ti\u00eau chu\u1ea9n Vi\u1ec7t Nam TCVN 5575 \u2013 1991<\/li>\n<li>\u0110\u1ed1i v\u1edbi b\u1ed3n \u0111\u1eb7t n\u1ed5i m\u1eb7t s\u01a1n b\u00ean ngo\u00e0i \u0111\u01b0\u1ee3c s\u01a1n 2 l\u1edbp ch\u1ed1ng r\u1ec9<\/li>\n<li>Thi\u1ebft k\u1ebf c\u00e1c van \u0111\u1ea7u v\u00e0o, \u0111\u1ea7u ra, van x\u1ea3 theo thi\u1ebft k\u1ebf b\u1ed3n ch\u1ee9a d\u1ea7u<\/li>\n<li>\u00c1p l\u1ef1c th\u1eed k\u00edn b\u1ed3n: 0.4 kg\/cm2<\/li>\n<li>Ch\u1ea5t li\u1ec7u: \u0110\u01b0\u1ee3c thi\u1ebft k\u1ebf b\u1eb1ng th\u00e9p SS400<\/li>\n<li>\u00c1p d\u1ee5ng c\u00f4ng ngh\u1ec7, h\u1ec7 th\u1ed1ng qu\u1ea3n l\u00fd ch\u1ea5t l\u01b0\u1ee3ng ISO 9001:2015 v\u00e0 c\u00f4ng ngh\u1ec7 H\u00e0n ti\u00ean ti\u1ebfn c\u1ee7a c\u00e1c n\u01b0\u1edbc ph\u00e1t tri\u1ec3n<\/li>\n<li>C\u00e1c ph\u1ee5 ki\u1ec7n k\u00e8m theo nh\u01b0 c\u1ea7u thang, ch\u00e2n \u0111\u1ebf, h\u1ecdng nh\u1eadp, ban, th\u01b0\u1edbc th\u1ee7y, \u0111\u01b0\u1eddng \u1ed1ng c\u00f4ng ngh\u1ec7, van.<\/li>\n<\/ul>\n<p>S\u1ea3n ph\u1ea9m b\u1ed3n ch\u1ee9a x\u0103ng d\u1ea7u \u0111\u01b0\u1ee3c ki\u1ec3m \u0111\u1ecbnh d\u01b0\u1edbi s\u1ef1 gi\u00e1m s\u00e1t c\u1ee7a c\u00e1n b\u1ed3n QC cho t\u1eebng giai \u0111o\u1ea1n ho\u00e0n th\u00e0nh s\u1ea3n ph\u1ea9m. \u0110\u1eb7c bi\u1ec7t sau khi s\u1ea3n xu\u1ea5t xong \u0111\u1ec1u \u0111\u01b0\u1ee3c ki\u1ec3m tra b\u1eb1ng m\u00e1y ch\u1ee5p X- Quang, \u0111\u1ed9 ch\u00ednh x\u00e1c \u0111\u1ea1t t\u1eebng mm. C\u00e1c m\u1ed1i h\u00e0n tr\u00ean b\u1ed3n ch\u1ee9a \u0111\u1ec1u \u0111\u01b0\u1ee3c th\u1ee3 h\u00e0n chuy\u00ean nghi\u1ec7p, \u0111\u1ea1t ch\u1ee9ng ch\u1ec9 qu\u1ed1c t\u1ebf th\u1ef1c hi\u1ec7n. C\u00e1c m\u1ed1i h\u00e0n \u0111\u01b0\u1ee3c ki\u1ec3m tra v\u00e0 ki\u1ec3m duy\u1ec7t theo ph\u01b0\u01a1ng ph\u00e1p th\u1ea9m th\u1ea5u.<\/p>\n<h2><strong>Viettank \u2013 \u0111\u01a1n v\u1ecb chuy\u00ean s\u1ea3n xu\u1ea5t b\u1ed3n ch\u1ee9a d\u1ea7u uy t\u00edn t\u1ea1i H\u00e0 N\u1ed9i<\/strong><\/h2>\n<p>Hi\u1ec7n nay, C\u00f4ng ty Viettank l\u00e0 m\u1ed9t trong nh\u1eefng \u0111\u01a1n v\u1ecb chuy\u00ean s\u1ea3n xu\u1ea5t <a href=\"https:\/\/vi.wiktionary.org\/w\/index.php?go=Xem&amp;search=b%E1%BB%93n+ch%E1%BB%A9a+d%E1%BA%A7u&amp;title=%C4%90%E1%BA%B7c_bi%E1%BB%87t%3AT%C3%ACm_ki%E1%BA%BFm&amp;ns0=1\" target=\"_blank\" rel=\"noopener\">b\u1ed3n ch\u1ee9a d\u1ea7u<\/a> h\u00e0ng \u0111\u1ea7u t\u1ea1i khu v\u1ef1c mi\u1ec1n B\u1eafc. B\u1ed3n ch\u1ee9a x\u0103ng d\u1ea7u c\u1ee7a Viettank kh\u00f4ng ch\u1ec9 \u0111\u1ea3m b\u1ea3o t\u1ed1i \u0111a v\u1ec1 ti\u00eau chu\u1ea9n k\u1ef9 thu\u1eadt m\u00e0 c\u00f2n c\u00f3 gi\u00e1 th\u00e0nh t\u1ed1t v\u00e0 ch\u1ebf \u0111\u1ed9 b\u1ea3o h\u00e0nh tr\u1ecdn \u0111\u1eddi.<\/p>\n<figure id=\"attachment_683\" aria-describedby=\"caption-attachment-683\" style=\"width: 600px\" class=\"wp-caption aligncenter\"><img loading=\"lazy\" decoding=\"async\" class=\"wp-image-683 size-full\" src=\"https:\/\/viettank.com.vn\/wp-content\/uploads\/2022\/12\/bon-chua-dau-1.png\" alt=\"B\u1ed3n ch\u1ee9a d\u1ea7u 25m3 Viettank\" width=\"600\" height=\"600\" srcset=\"https:\/\/viettank.com.vn\/wp-content\/uploads\/2022\/12\/bon-chua-dau-1.png 600w, https:\/\/viettank.com.vn\/wp-content\/uploads\/2022\/12\/bon-chua-dau-1-203x203.png 203w, https:\/\/viettank.com.vn\/wp-content\/uploads\/2022\/12\/bon-chua-dau-1-416x416.png 416w, https:\/\/viettank.com.vn\/wp-content\/uploads\/2022\/12\/bon-chua-dau-1-100x100.png 100w, https:\/\/viettank.com.vn\/wp-content\/uploads\/2022\/12\/bon-chua-dau-1-12x12.png 12w\" sizes=\"auto, (max-width: 600px) 100vw, 600px\" \/><figcaption id=\"caption-attachment-683\" class=\"wp-caption-text\">X\u01b0\u1edfng s\u1ea3n xu\u1ea5t b\u1ed3n ch\u1ee9a d\u1ea7u t\u1ea1i Viettank<\/figcaption><\/figure>\n<p>C\u00f9ng v\u1edbi \u0111\u1ed9i ng\u0169 c\u00f4ng nh\u00e2n l\u00e0nh ngh\u1ec1, c\u00f3 kinh nghi\u1ec7m v\u00e0 chuy\u00ean m\u00f4n cao, Viettank s\u1ebd \u0111\u00e1p \u1ee9ng \u0111\u1ea7y \u0111\u1ee7 y\u00eau c\u1ea7u v\u00e0 \u0111\u01b0a ra s\u1ea3n ph\u1ea9m ph\u00f9 h\u1ee3p v\u1edbi \u0111\u00fang y\u00eau c\u1ea7u c\u1ee7a kh\u00e1ch h\u00e0ng. N\u1ebfu kh\u00e1ch h\u00e0ng \u0111ang c\u00f3 nhu c\u1ea7u l\u1eafp \u0111\u1eb7t <strong>b\u1ed3n ch\u1ee9a d\u1ea7u<\/strong> th\u00ec h\u00e3y li\u00ean h\u1ec7 ngay t\u1edbi c\u00f4ng ty Viettank \u0111\u1ec3 \u0111\u01b0\u1ee3c h\u1ed7 tr\u1ee3 nhanh nh\u1ea5t. M\u1ecdi th\u00f4ng tin vui l\u00f2ng li\u00ean h\u1ec7 t\u1edbi \u0111\u1ecba ch\u1ec9:<\/p>\n<p><strong>Viettank \u2013 Ho\u00e0n thi\u1ec7n tr\u00ean t\u1eebng b\u01b0\u1edbc ti\u1ebfn!<\/strong><\/p>\n<p><strong>\u0110\u1ecba ch\u1ec9 v\u0103n ph\u00f2ng: S\u1ed1 13A26-Ng\u00f5 367, \u0110\u01b0\u1eddng Ho\u00e0ng Qu\u1ed1c Vi\u1ec7t, Ph.Ngh\u0129a T\u00e2n, Qu\u1eadn C\u1ea7u Gi\u1ea5y, Th\u00e0nh ph\u1ed1 H\u00e0 N\u1ed9i <\/strong><\/p>\n<p><strong>\u0110\u1ecba ch\u1ec9 nh\u00e0 m\u00e1y:\u00a0 Km10-Qu\u1ed1c l\u1ed9 03, Huy\u1ec7n \u0110\u00f4ng Anh, Th\u00e0nh ph\u1ed1 H\u00e0 N\u1ed9i<\/strong><\/p>\n<p><strong>Hotline: 0944.012.188<\/strong><\/p>\n<p><strong>Website: Viettank.com.vn<\/strong><\/p>\n<p><strong>Email: info@viettank.com<\/strong><\/p>","protected":false},"excerpt":{"rendered":"<p>B\u1ed3n ch\u1ee9a d\u1ea7u ch\u00ednh l\u00e0 thi\u1ebft b\u1ecb chuy\u00ean d\u1ee5ng trong ng\u00e0nh d\u1ea7u kh\u00ed h\u00f3a l\u1ecfng. Lo\u1ea1i b\u1ed3n ch\u1ee9a d\u1ea7u n\u00e0y c\u00f3 c\u1ea5u t\u1ea1o \u0111\u1eb7c bi\u1ec7t nh\u1eb1m \u0111\u00e1p \u1ee9ng \u0111\u1ea7y \u0111\u1ee7 c\u00e1c ti\u00eau chu\u1ea9n thi\u1ebft k\u1ebf, \u0111\u1ea3m b\u1ea3o an to\u00e0n tuy\u1ec7t \u0111\u1ed1i trong qu\u00e1 tr\u00ecnh v\u1eadn chuy\u1ec3n v\u00e0 s\u1eed d\u1ee5ng. T\u00ecm hi\u1ec3u v\u1ec1 b\u1ed3n ch\u1ee9a d\u1ea7u&#8230;<\/p>","protected":false},"featured_media":682,"comment_status":"closed","ping_status":"closed","template":"","meta":[],"product_cat":[16,19],"product_tag":[79],"class_list":["post-681","product","type-product","status-publish","has-post-thumbnail","hentry","product_cat-bon-chua-cong-nghiep","product_cat-bon-chua-xang-dau","product_tag-bon-chua-dau"],"_links":{"self":[{"href":"https:\/\/viettank.com.vn\/en\/wp-json\/wp\/v2\/product\/681","targetHints":{"allow":["GET"]}}],"collection":[{"href":"https:\/\/viettank.com.vn\/en\/wp-json\/wp\/v2\/product"}],"about":[{"href":"https:\/\/viettank.com.vn\/en\/wp-json\/wp\/v2\/types\/product"}],"replies":[{"embeddable":true,"href":"https:\/\/viettank.com.vn\/en\/wp-json\/wp\/v2\/comments?post=681"}],"wp:featuredmedia":[{"embeddable":true,"href":"https:\/\/viettank.com.vn\/en\/wp-json\/wp\/v2\/media\/682"}],"wp:attachment":[{"href":"https:\/\/viettank.com.vn\/en\/wp-json\/wp\/v2\/media?parent=681"}],"wp:term":[{"taxonomy":"product_cat","embeddable":true,"href":"https:\/\/viettank.com.vn\/en\/wp-json\/wp\/v2\/product_cat?post=681"},{"taxonomy":"product_tag","embeddable":true,"href":"https:\/\/viettank.com.vn\/en\/wp-json\/wp\/v2\/product_tag?post=681"}],"curies":[{"name":"wp","href":"https:\/\/api.w.org\/{rel}","templated":true}]}}