{"id":678,"date":"2022-12-23T14:34:24","date_gmt":"2022-12-23T07:34:24","guid":{"rendered":"https:\/\/viettank.com.vn\/?post_type=product&#038;p=678"},"modified":"2022-12-24T10:05:52","modified_gmt":"2022-12-24T03:05:52","slug":"bon-xu-ly-nuoc-thai-cong-nghiep-viettank","status":"publish","type":"product","link":"https:\/\/viettank.com.vn\/en\/bon-xu-ly-nuoc-thai-cong-nghiep-viettank\/","title":{"rendered":"B\u1ed3n x\u1eed l\u00fd n\u01b0\u1edbc th\u1ea3i c\u00f4ng nghi\u1ec7p Viettank"},"content":{"rendered":"<p>Ng\u00e0y nay, \u00f4 nhi\u1ec5m m\u00f4i tr\u01b0\u1eddng n\u01b0\u1edbc nguy\u00ean nh\u00e2n l\u1edbn \u0111\u00f3 l\u00e0 b\u1eaft ngu\u1ed3n t\u1eeb n\u01b0\u1edbc th\u1ea3i sinh ho\u1ea1t h\u00e0ng ng\u00e0y, c\u00e1c khu c\u00f4ng nghi\u1ec7p v\u1eabn ch\u01b0a k\u1ecbp x\u1eed l\u00fd m\u00e0 cho x\u1ea3 th\u1eb3ng ra m\u00f4i tr\u01b0\u1eddng b\u00ean ngo\u00e0i nh\u01b0 t\u1ea1i c\u00e1c h\u1ed9 gia \u0111\u00ecnh, khu c\u00f4ng nghi\u1ec7p,\u2026 \u0110\u1ec3 gi\u1ea3m thi\u1ec3u s\u1ef1 \u00f4 nhi\u1ec5m n\u00e0y,<a href=\"https:\/\/viettank.com.vn\/en\/bon-xu-ly-nuoc-thai-cong-nghiep-viettank\/\"><strong> b\u1ed3n x\u1eed l\u00fd n\u01b0\u1edbc th\u1ea3i<\/strong><\/a> c\u00f4ng nghi\u1ec7p c\u1ee7a Viettank ch\u00ednh l\u00e0 s\u1ef1 l\u1ef1a ch\u1ecdn t\u1ed1i \u01b0u nh\u1ea5t d\u00e0nh cho c\u00e1c c\u00f4ng nghi\u1ec7p hi\u1ec7n \u0111\u1ea1i.<\/p>\n<h2><strong>Th\u00f4ng s\u1ed1 chi ti\u1ebft c\u1ee7a b\u1ed3n x\u1eed l\u00fd n\u01b0\u1edbc th\u1ea3i Viettank<\/strong><\/h2>\n<figure id=\"attachment_679\" aria-describedby=\"caption-attachment-679\" style=\"width: 600px\" class=\"wp-caption aligncenter\"><img loading=\"lazy\" decoding=\"async\" class=\"wp-image-679\" src=\"https:\/\/viettank.com.vn\/wp-content\/uploads\/2022\/12\/bon-xu-ly-nuoc-thai-260.jpg\" alt=\"B\u1ed3n x\u1eed l\u00fd n\u01b0\u1edbc th\u1ea3i Viettank\" width=\"600\" height=\"395\" srcset=\"https:\/\/viettank.com.vn\/wp-content\/uploads\/2022\/12\/bon-xu-ly-nuoc-thai-260.jpg 2405w, https:\/\/viettank.com.vn\/wp-content\/uploads\/2022\/12\/bon-xu-ly-nuoc-thai-260-203x134.jpg 203w, https:\/\/viettank.com.vn\/wp-content\/uploads\/2022\/12\/bon-xu-ly-nuoc-thai-260-416x274.jpg 416w, https:\/\/viettank.com.vn\/wp-content\/uploads\/2022\/12\/bon-xu-ly-nuoc-thai-260-16x12.jpg 16w\" sizes=\"auto, (max-width: 600px) 100vw, 600px\" \/><figcaption id=\"caption-attachment-679\" class=\"wp-caption-text\">B\u1ed3n x\u1eed l\u00fd n\u01b0\u1edbc th\u1ea3i Viettank h\u00ecnh ch\u1eef nh\u1eadt<\/figcaption><\/figure>\n<p>V\u1eadt li\u1ec7u:<\/p>\n<ul>\n<li>Th\u00e9p t\u1ea5m CT3 (SS400)<\/li>\n<li>Th\u00e9p kh\u00f4ng g\u1ec9 (SUS 304)<\/li>\n<\/ul>\n<p>Ti\u00eau chu\u1ea9n s\u1ea3n ph\u1ea9m:<\/p>\n<ul>\n<li>Th\u00e2n b\u1ed3n: SPI-650<\/li>\n<li>\u0110\u01b0\u1eddng h\u00e0n: TCVN 6008-1995<\/li>\n<\/ul>\n<p>\u00c1p su\u1ea5t:<\/p>\n<ul>\n<li>Thi\u1ebft k\u1ebf: 0.3 KG\/cm2<\/li>\n<li>Ki\u1ec3m tra: 0.4 KG\/cm2<\/li>\n<li>L\u00e0m vi\u1ec7c: atm<\/li>\n<\/ul>\n<h2><strong>B\u1ed3n x\u1eed l\u00fd n\u01b0\u1edbc th\u1ea3i c\u00f4ng nghi\u1ec7p c\u00f3 c\u1ea5u t\u1ea1o nh\u01b0 th\u1ebf n\u00e0o?<\/strong><\/h2>\n<p>B\u1ed3n x\u1eed l\u00fd n\u01b0\u1edbc th\u1ea3i ch\u00ednh l\u00e0 s\u1ef1 li\u00ean k\u1ebft ch\u1eb7t ch\u1ebd t\u1eeb nhi\u1ec1u b\u1ed3n v\u1edbi c\u00e1c ch\u1ee9c n\u0103ng kh\u00e1c nhau. B\u1edfi c\u00e1c g\u00e2n t\u0103ng r\u1ea5t c\u1ee9ng v\u00e0 \u0111\u01b0\u1ee3c bao ph\u1ee7 m\u1ed9t l\u1edbp composite b\u00ean ngo\u00e0i. V\u1eadt li\u1ec7u nh\u1ef1a composite c\u00f3 c\u1ea5u t\u1ea1o t\u1eeb c\u00e1c s\u1ee3i th\u1ee7y tinh n\u00ean c\u00f3 kh\u1ea3 n\u0103ng ch\u1ed1ng \u0103n m\u00f2n c\u1ef1c cao. Ch\u00ednh v\u00ec th\u1ebf s\u1ebd gi\u00fap b\u1ea3o v\u1ec7 b\u1ed3n kh\u1ecfi s\u1ef1 \u0103n m\u00f2n c\u1ee7a oxit ho\u1eb7c c\u00e1c lo\u1ea1i dung m\u00f4i kh\u00e1c m\u1ed9t c\u00e1ch hi\u1ec7u qu\u1ea3 nh\u1ea5t, \u0111\u1ed3ng th\u1eddi k\u00e9o d\u00e0i tu\u1ed5i th\u1ecd cho b\u1ed3n. B\u00ean c\u1ea1nh \u0111\u00f3, c\u00e1c ph\u1ee5 ki\u1ec7n l\u00e0m b\u1ed3n \u0111\u01b0\u1ee3c thi\u1ebft k\u1ebf r\u1ea5t t\u1ec9 m\u1ec9 v\u00e0 th\u00f4ng minh theo \u0111\u00fang ti\u00eau chu\u1ea9n Nh\u1eadt B\u1ea3n v\u00e0 c\u00e1c n\u01b0\u1edbc kh\u00e1c tr\u00ean th\u1ebf gi\u1edbi, \u0111\u1ea3m b\u1ea3o ch\u1ea5t l\u01b0\u1ee3ng n\u01b0\u1edbc tr\u01b0\u1edbc khi \u0111\u01b0a ra ngo\u00e0i m\u00f4i tr\u01b0\u1eddng.<\/p>\n<p>V\u1ec1 h\u1ec7 th\u1ed1ng <a href=\"https:\/\/vi.wiktionary.org\/w\/index.php?go=Xem&amp;search=B%E1%BB%93n+x%E1%BB%AD+l%C3%BD+n%C6%B0%E1%BB%9Bc+th%E1%BA%A3i&amp;title=%C4%90%E1%BA%B7c_bi%E1%BB%87t%3AT%C3%ACm_ki%E1%BA%BFm&amp;ns0=1\" target=\"_blank\" rel=\"noopener\">b\u1ed3n x\u1eed l\u00fd n\u01b0\u1edbc th\u1ea3i<\/a> \u0111\u01b0\u1ee3c ho\u1ea1t \u0111\u1ed9ng ch\u1ee7 y\u1ebfu d\u1ef1a tr\u00ean hai b\u1ed3n: 1 b\u1ed3n tr\u00f2n v\u1edbi ch\u1ee9c n\u0103ng l\u00e0m l\u1eafng b\u00f9n, cao su ho\u1eb7c c\u1eb7n c\u00f3 trong n\u01b0\u1edbc th\u1ea3i v\u00e0 1 b\u1ed3n h\u00ecnh ch\u1eef nh\u1eadt, d\u00f9ng \u0111\u1ec3 l\u1ecdc th\u00f4. \u0110\u1ed1i v\u1edbi nh\u1eefng nh\u00e0 m\u00e1y, khu c\u00f4ng nghi\u1ec7p c\u00f3 quy m\u00f4 l\u1edbn ho\u1eb7c nh\u1eefng n\u01a1i c\u00f3 nhu c\u1ea7u s\u1eed d\u1ee5ng cao th\u00ec h\u1ec7 th\u1ed1ng x\u1eed l\u00fd n\u00e0y s\u1ebd \u0111\u01b0\u1ee3c l\u1eafp \u0111\u1eb7t th\u00eam 2 b\u1ed3n tr\u00f2n v\u1edbi th\u1ec3 t\u00edch 10m3 v\u00e0 15m3. Ng\u01b0\u1ee3c l\u1ea1i, v\u1edbi nh\u1eefng nh\u00e0 m\u00e1y, khu c\u00f4ng nghi\u1ec7p nh\u1ecf s\u1ebd l\u1eafp th\u00eam 2 b\u1ed3n tr\u00f2n v\u1edbi th\u1ec3 t\u00edch \u00edt h\u01a1n l\u00e0 4m3 v\u00e0 6m3.<\/p>\n<h2><strong>\u01afu \u0111i\u1ec3m n\u1ed5i b\u1eadt c\u1ee7a b\u1ed3n x\u1eed l\u00fd n\u01b0\u1edbc th\u1ea3i c\u00f4ng nghi\u1ec7p Viettank<\/strong><\/h2>\n<p>Hi\u1ec7n nay, b\u1ed3n x\u1eed l\u00fd n\u01b0\u1edbc th\u1ea3i c\u00f4ng nghi\u1ec7p Viettank r\u1ea5t \u0111\u01b0\u1ee3c ng\u01b0\u1eddi d\u00f9ng \u01b0a chu\u1ed9ng v\u00e0 s\u1eed d\u1ee5ng t\u1ea1i nhi\u1ec1u n\u01a1i nh\u01b0 khu chung c\u01b0, khu c\u00f4ng nghi\u1ec7p,\u2026 nh\u1edd s\u1edf h\u1eefu nh\u1eefng \u01b0u \u0111i\u1ec3m v\u01b0\u1ee3t tr\u1ed9i nh\u01b0:<\/p>\n<p>&#8211; D\u1ec5 d\u00e0ng thi c\u00f4ng l\u1eafp \u0111\u1eb7t gi\u00fap ti\u1ebft ki\u1ec7m th\u1eddi gian thi c\u00f4ng.<\/p>\n<p>&#8211; Ph\u00f9 h\u1ee3p v\u1edbi m\u1ecdi c\u00f4ng ngh\u1ec7 x\u1eed l\u00fd n\u01b0\u1edbc th\u1ea3i kh\u00e1c nhau.<\/p>\n<p>&#8211; \u0110\u01b0\u1ee3c l\u00e0m b\u1eb1ng ch\u1ea5t li\u1ec7u composite n\u00ean \u0111\u1ed9 b\u1ec1n cao, c\u00f3 kh\u1ea3 n\u0103ng ch\u1ecbu \u0111\u01b0\u1ee3c nh\u1eefng t\u00e1c nh\u00e2n g\u00e2y h\u1ea1i t\u1eeb m\u00f4i tr\u01b0\u1eddng b\u00ean ngo\u00e0i.<\/p>\n<p>&#8211; Tr\u1ecdng l\u01b0\u1ee3ng nh\u1eb9, gi\u00e1 b\u1ed3n x\u1eed l\u00fd n\u01b0\u1edbc th\u1ea3i h\u1ee3p l\u00fd, b\u1ea5t k\u1ef3 ai c\u0169ng c\u00f3 th\u1ec3 t\u00ecm mua v\u00e0 s\u1edf h\u1eefu.<\/p>\n<p>&#8211; \u00cdt khi x\u1ea3y ra h\u01b0 h\u1ecfng gi\u00fap ng\u01b0\u1eddi d\u00f9ng ti\u1ebft ki\u1ec7m \u0111\u01b0\u1ee3c chi ph\u00ed b\u1ea3o d\u01b0\u1ee1ng v\u00e0 s\u1eeda ch\u1eefa.<\/p>\n<p>&#8211; C\u00f3 nhi\u1ec1u m\u00e0u s\u1eafc kh\u00e1c nhau, \u0111\u1ea3m b\u1ea3o ph\u00f9 h\u1ee3p m\u1ef9 quan m\u00f4i tr\u01b0\u1eddng xung quanh. M\u00e0u kh\u00f4ng phai theo th\u1eddi gian nh\u01b0 nh\u1eefng lo\u1ea1i s\u01a1n ph\u1ee7 th\u00f4ng th\u01b0\u1eddng.<\/p>\n<p>&#8211; \u0110\u01b0\u1ee3c thi\u1ebft k\u1ebf g\u1ecdn g\u00e0ng gi\u00fap ti\u1ebft ki\u1ec7m di\u1ec7n t\u00edch m\u1eb7t b\u1eb1ng, d\u1ec5 d\u00e0ng di chuy\u1ec3n m\u00e0 kh\u00f4ng t\u1ed1n s\u1ee9c, \u0111a d\u1ea1ng ki\u1ec3u d\u00e1ng, th\u1ec3 t\u00edch \u0111\u00e1p \u1ee9ng nhu c\u1ea7u s\u1eed d\u1ee5ng.<\/p>\n<p>C\u00f4ng ty Viettank t\u1ef1 h\u00e0o l\u00e0 \u0111\u01a1n v\u1ecb h\u00e0ng \u0111\u1ea7u trong l\u0129nh v\u1ef1c s\u1ea3n xu\u1ea5t b\u1ed3n x\u1eed l\u00fd n\u01b0\u1edbc th\u1ea3i, s\u1edf h\u1eefu \u0111\u1ed9i ng\u0169 nh\u00e2n vi\u00ean k\u1ef9 s\u01b0 c\u00f3 tay ngh\u1ec1 cao, t\u1eadn t\u00ecnh v\u00e0 chuy\u00ean nghi\u1ec7p v\u1edbi nhi\u1ec1u n\u0103m kinh nghi\u1ec7m. Li\u00ean h\u1ec7 v\u1edbi ch\u00fang t\u00f4i \u0111\u1ec3 \u0111\u01b0\u1ee3c t\u01b0 v\u1ea5n thi c\u00f4ng v\u00e0 nh\u1eadn b\u00e1o gi\u00e1 chi ti\u1ebft!<\/p>\n<p><strong>Viettank \u2013 Ho\u00e0n thi\u1ec7n tr\u00ean t\u1eebng b\u01b0\u1edbc ti\u1ebfn!<\/strong><\/p>\n<p><strong>\u0110\u1ecba ch\u1ec9 v\u0103n ph\u00f2ng: S\u1ed1 13A26-Ng\u00f5 367, \u0110\u01b0\u1eddng Ho\u00e0ng Qu\u1ed1c Vi\u1ec7t, Ph.Ngh\u0129a T\u00e2n, Qu\u1eadn C\u1ea7u Gi\u1ea5y, Th\u00e0nh ph\u1ed1 H\u00e0 N\u1ed9i<\/strong><\/p>\n<p><strong>\u0110\u1ecba ch\u1ec9 nh\u00e0 m\u00e1y:\u00a0 Km10-Qu\u1ed1c l\u1ed9 03, Huy\u1ec7n \u0110\u00f4ng Anh, Th\u00e0nh ph\u1ed1 H\u00e0 N\u1ed9i<\/strong><\/p>\n<p><strong>Hotline: 0944.012.188<\/strong><\/p>\n<p><strong>Website: Viettank.com.vn<\/strong><\/p>\n<p><strong>Email: info@viettank.com<\/strong><\/p>","protected":false},"excerpt":{"rendered":"<p>X\u1eed l\u00fd n\u01b0\u1edbc th\u1ea3i lu\u00f4n l\u00e0 v\u1ea5n \u0111\u1ec1 nh\u1ee9c nh\u1ed1i h\u00e0ng \u0111\u1ea7u \u0111\u1ed1i v\u1edbi c\u00e1c d\u1ef1 \u00e1n v\u00e0 c\u00e1c c\u00f4ng tr\u00ecnh x\u00e2y d\u1ef1ng. V\u00e0 b\u1ed3n x\u1eed l\u00fd n\u01b0\u1edbc th\u1ea3i Viettank ch\u00ednh l\u00e0 gi\u1ea3i ph\u00e1p!<\/p>","protected":false},"featured_media":679,"comment_status":"closed","ping_status":"closed","template":"","meta":[],"product_cat":[23,16,34],"product_tag":[76,36],"class_list":["post-678","product","type-product","status-publish","has-post-thumbnail","hentry","product_cat-bon-xu-ly-nuoc-thai","product_cat-bon-chua-cong-nghiep","product_cat-san-pham","product_tag-bon-xu-ly-nuoc-thai-cong-nghiep","product_tag-bon-xu-ly-nuoc-thai"],"_links":{"self":[{"href":"https:\/\/viettank.com.vn\/en\/wp-json\/wp\/v2\/product\/678","targetHints":{"allow":["GET"]}}],"collection":[{"href":"https:\/\/viettank.com.vn\/en\/wp-json\/wp\/v2\/product"}],"about":[{"href":"https:\/\/viettank.com.vn\/en\/wp-json\/wp\/v2\/types\/product"}],"replies":[{"embeddable":true,"href":"https:\/\/viettank.com.vn\/en\/wp-json\/wp\/v2\/comments?post=678"}],"wp:featuredmedia":[{"embeddable":true,"href":"https:\/\/viettank.com.vn\/en\/wp-json\/wp\/v2\/media\/679"}],"wp:attachment":[{"href":"https:\/\/viettank.com.vn\/en\/wp-json\/wp\/v2\/media?parent=678"}],"wp:term":[{"taxonomy":"product_cat","embeddable":true,"href":"https:\/\/viettank.com.vn\/en\/wp-json\/wp\/v2\/product_cat?post=678"},{"taxonomy":"product_tag","embeddable":true,"href":"https:\/\/viettank.com.vn\/en\/wp-json\/wp\/v2\/product_tag?post=678"}],"curies":[{"name":"wp","href":"https:\/\/api.w.org\/{rel}","templated":true}]}}