{"id":422,"date":"2022-03-09T08:59:01","date_gmt":"2022-03-09T01:59:01","guid":{"rendered":"https:\/\/viettank.com.vn\/?post_type=product&#038;p=422"},"modified":"2022-03-09T08:59:02","modified_gmt":"2022-03-09T01:59:02","slug":"bom-xang-dau-di-dong-viettank","status":"publish","type":"product","link":"https:\/\/viettank.com.vn\/en\/bom-xang-dau-di-dong-viettank\/","title":{"rendered":"B\u01a0M X\u0102NG D\u1ea6U DI \u0110\u1ed8NG VIETTANK\u00a0"},"content":{"rendered":"<h2><strong>B\u01a0M X\u0102NG D\u1ea6U DI \u0110\u1ed8NG VIETTANK<\/strong><\/h2>\n<p><a href=\"https:\/\/viettank.com.vn\/en\/bom-xang-dau-di-dong\/\"><span style=\"font-weight: 400;\">B\u01a1m x\u0103ng d\u1ea7u di \u0111\u1ed9ng Viettank<\/span><\/a><span style=\"font-weight: 400;\"> \u0111\u01b0\u1ee3c s\u1ea3n xu\u1ea5t tr\u00ean d\u00e2y chuy\u1ec1n c\u00f4ng ngh\u1ec7 ti\u00ean ti\u1ebfn t\u1eeb \u00dd, l\u00e0 gi\u1ea3i ph\u00e1p t\u1ed1i \u01b0u d\u00f9ng \u0111\u1ec3 c\u1ea5p ph\u00e1t x\u0103ng, d\u1ea7u cho c\u00e1c nh\u00e0 m\u00e1y, x\u00ed nghi\u1ec7p, c\u00f4ng tr\u01b0\u1eddng, garage \u00f4 t\u00f4, v\u1eadn t\u1ea3i h\u00e0ng h\u1ea3i\u2026 V\u1edbi thi\u1ebft k\u1ebf nh\u1ecf g\u1ecdn, d\u1ec5 l\u1eafp \u0111\u1eb7t v\u00e0 v\u1eadn h\u00e0nh, tu\u1ed5i th\u1ecd cao v\u00e0 \u00edt b\u1ea3o tr\u00ec, s\u1ea3n ph\u1ea9m lu\u00f4n l\u00e0 l\u1ef1a ch\u1ecdn h\u00e0ng \u0111\u1ea7u c\u1ee7a c\u00e1c \u0111\u01a1n v\u1ecb, nh\u00e0 m\u00e1y tr\u00ean to\u00e0n qu\u1ed1c.\u00a0<\/span><\/p>\n<p><img loading=\"lazy\" decoding=\"async\" class=\"size-medium wp-image-436\" src=\"https:\/\/viettank.com.vn\/wp-content\/uploads\/2022\/03\/bom-xang-dau-di-dong-viettank-203x203.png\" alt=\"bom-xang-dau-di-dong-viettank\" width=\"203\" height=\"203\" srcset=\"https:\/\/viettank.com.vn\/wp-content\/uploads\/2022\/03\/bom-xang-dau-di-dong-viettank-203x203.png 203w, https:\/\/viettank.com.vn\/wp-content\/uploads\/2022\/03\/bom-xang-dau-di-dong-viettank-416x416.png 416w, https:\/\/viettank.com.vn\/wp-content\/uploads\/2022\/03\/bom-xang-dau-di-dong-viettank-100x100.png 100w, https:\/\/viettank.com.vn\/wp-content\/uploads\/2022\/03\/bom-xang-dau-di-dong-viettank-12x12.png 12w, https:\/\/viettank.com.vn\/wp-content\/uploads\/2022\/03\/bom-xang-dau-di-dong-viettank.png 470w\" sizes=\"auto, (max-width: 203px) 100vw, 203px\" \/><\/p>\n<p><span style=\"font-weight: 400;\">C\u00f4ng su\u1ea5t b\u01a1m: 90 l\u00edt\/ph\u00fat<\/span><\/p>\n<p><span style=\"font-weight: 400;\">Ngu\u1ed3n \u0111i\u1ec7n: 230V<\/span><\/p>\n<p><span style=\"font-weight: 400;\">Th\u00f4ng th\u01b0\u1eddng, b\u1ed9 b\u01a1m x\u0103ng d\u1ea7u th\u01b0\u1eddng g\u1ed3m: b\u01a1m \u0111\u1eb7t trong h\u1ed9p, d\u00e2y c\u1ea5p, c\u00f2 c\u1ea5p v\u00e0 c\u00e1c ph\u1ee5 ki\u1ec7n l\u1eafp \u0111\u1eb7t. Ngo\u00e0i ra, b\u01a1m c\u00f2n \u0111\u01b0\u1ee3c thi\u1ebft k\u1ebf th\u00eam m\u00e0n h\u00ecnh \u0111i\u1ec7n t\u1eed hi\u1ec3n th\u1ecb th\u00f4ng s\u1ed1, c\u00f3 th\u1ec3 c\u00e0i \u0111\u1eb7t tr\u01b0\u1edbc s\u1ed1 l\u00edt c\u1ea7n b\u01a1m v\u00e0 t\u1ef1 \u0111\u1ed9ng ng\u1eaft khi b\u01a1m \u0111\u1ee7 l\u01b0\u1ee3ng c\u1ea7n thi\u1ebft. C\u00e1c th\u00f4ng s\u1ed1 chi ti\u1ebft \u0111\u1ec1u \u0111\u01b0\u1ee3c li\u1ec7t k\u00ea c\u1ee5 th\u1ec3 tr\u00ean catalogue s\u1ea3n ph\u1ea9m.<\/span><\/p>\n<p><span style=\"font-weight: 400;\">M\u1ed9t \u01b0u \u0111i\u1ec3m n\u1ed5i tr\u1ed9i c\u1ee7a s\u1ea3n ph\u1ea9m b\u01a1m x\u0103ng d\u1ea7u c\u1ee7a ch\u00fang t\u00f4i l\u00e0 t\u00ednh di \u0111\u1ed9ng khi c\u00f3 th\u1ec3 l\u1eafp \u0111\u1eb7t t\u1ea1i nhi\u1ec1u v\u1ecb tr\u00ed, \u0111\u1ecba h\u00ecnh kh\u00e1c nhau: tr\u00ean t\u01b0\u1eddng, tr\u00ean t\u00e9c, b\u1ed3n ch\u1ee9a, gi\u00e1 \u0111\u1ee1\u2026 t\u00f9y theo m\u1ee5c \u0111\u00edch v\u00e0 nhu c\u1ea7u s\u1eed d\u1ee5ng th\u1ef1c t\u1ebf.<\/span><\/p>\n<p><span style=\"font-weight: 400;\">Li\u00ean h\u1ec7 v\u1edbi ch\u00fang t\u00f4i \u0111\u1ec3 \u0111\u01b0\u1ee3c t\u01b0 v\u1ea5n c\u1ee5 th\u1ec3 h\u01a1n v\u1ec1 s\u1ea3n ph\u1ea9m v\u00e0 nh\u1eadn b\u00e1o gi\u00e1 chi ti\u1ebft!<\/span><\/p>\n<p><span style=\"font-weight: 400;\">Hotline: 0944.012.188<\/span><\/p>\n<p><span style=\"font-weight: 400;\">Viettank &#8211; Ho\u00e0n thi\u1ec7n tr\u00ean t\u1eebng b\u01b0\u1edbc ti\u1ebfn!<\/span><\/p>\n<p><span style=\"font-weight: 400;\">T\u00ecm hi\u1ec3u th\u00eam v\u1ec1 ch\u00fang t\u00f4i<\/span><a href=\"https:\/\/www.facebook.com\/Viettank-Pressure-Storage-Tank-110059634885733\" target=\"_blank\" rel=\"noopener\"> <span style=\"font-weight: 400;\">t\u1ea1i \u0111\u00e2y!<\/span><\/a><\/p>\n<p>&nbsp;<\/p>\n<p>&nbsp;<\/p>","protected":false},"excerpt":{"rendered":"<p><a href=\"https:\/\/viettank.com.vn\/en\/bom-xang-dau-di-dong\/\"><span style=\"font-weight: 400;\">B\u01a1m x\u0103ng d\u1ea7u di \u0111\u1ed9ng Viettank<\/span><\/a><span style=\"font-weight: 400;\"> \u0111\u01b0\u1ee3c s\u1ea3n xu\u1ea5t tr\u00ean d\u00e2y chuy\u1ec1n c\u00f4ng ngh\u1ec7 ti\u00ean ti\u1ebfn t\u1eeb \u00dd, l\u00e0 gi\u1ea3i ph\u00e1p t\u1ed1i \u01b0u d\u00f9ng \u0111\u1ec3 c\u1ea5p ph\u00e1t x\u0103ng, d\u1ea7u cho c\u00e1c nh\u00e0 m\u00e1y, x\u00ed nghi\u1ec7p, c\u00f4ng tr\u01b0\u1eddng, garage \u00f4 t\u00f4, v\u1eadn t\u1ea3i h\u00e0ng h\u1ea3i\u2026<\/span><\/p>","protected":false},"featured_media":436,"comment_status":"closed","ping_status":"closed","template":"","meta":[],"product_cat":[27],"product_tag":[58,59],"class_list":["post-422","product","type-product","status-publish","has-post-thumbnail","hentry","product_cat-bom-xang-dau-di-dong","product_tag-bom-xang-dau-di-dong","product_tag-bom-xang-dau-di-dong-viettank"],"_links":{"self":[{"href":"https:\/\/viettank.com.vn\/en\/wp-json\/wp\/v2\/product\/422","targetHints":{"allow":["GET"]}}],"collection":[{"href":"https:\/\/viettank.com.vn\/en\/wp-json\/wp\/v2\/product"}],"about":[{"href":"https:\/\/viettank.com.vn\/en\/wp-json\/wp\/v2\/types\/product"}],"replies":[{"embeddable":true,"href":"https:\/\/viettank.com.vn\/en\/wp-json\/wp\/v2\/comments?post=422"}],"wp:featuredmedia":[{"embeddable":true,"href":"https:\/\/viettank.com.vn\/en\/wp-json\/wp\/v2\/media\/436"}],"wp:attachment":[{"href":"https:\/\/viettank.com.vn\/en\/wp-json\/wp\/v2\/media?parent=422"}],"wp:term":[{"taxonomy":"product_cat","embeddable":true,"href":"https:\/\/viettank.com.vn\/en\/wp-json\/wp\/v2\/product_cat?post=422"},{"taxonomy":"product_tag","embeddable":true,"href":"https:\/\/viettank.com.vn\/en\/wp-json\/wp\/v2\/product_tag?post=422"}],"curies":[{"name":"wp","href":"https:\/\/api.w.org\/{rel}","templated":true}]}}