{"id":416,"date":"2022-03-08T09:20:17","date_gmt":"2022-03-08T02:20:17","guid":{"rendered":"https:\/\/viettank.com.vn\/?post_type=product&#038;p=416"},"modified":"2022-03-08T17:17:20","modified_gmt":"2022-03-08T10:17:20","slug":"xe-cho-xang-dau-viettank","status":"publish","type":"product","link":"https:\/\/viettank.com.vn\/en\/xe-cho-xang-dau-viettank\/","title":{"rendered":"Xe ch\u1edf x\u0103ng d\u1ea7u viettank"},"content":{"rendered":"<h2><strong>Xe ch\u1edf x\u0103ng d\u1ea7u viettank<\/strong><\/h2>\n<p>X\u0103ng d\u1ea7u l\u00e0 m\u1ed9t trong nh\u1eefng lo\u1ea1i nhi\u00ean li\u1ec7u c\u1ef1c k\u1ef3 d\u1ec5 b\u1eaft ch\u00e1y. Do \u0111\u00f3, trong qu\u00e1 tr\u00ecnh v\u1eadn chuy\u1ec3n c\u1ea7n ph\u1ea3i\u00a0\u0111\u1ea3m b\u1ea3o\u00a0\u0111\u01b0\u1ee3c nh\u1eefng y\u1ebfu t\u1ed1 v\u1ec1 an to\u00e0n. Kh\u00f4ng nh\u1eefng v\u1eady, n\u00f3 c\u00f2n l\u00e0 m\u1ed9t lo\u1ea1i dung m\u00f4i c\u00f3 kh\u1ea3 n\u0103ng \u0103n m\u00f2n v\u00e0 h\u00f2a tan r\u1ea5t nhi\u1ec1u lo\u1ea1i v\u1eadt li\u1ec7u kh\u00e1c nhau do \u0111\u00f3 b\u1ed3n ch\u1ee9a v\u00e0 xe ch\u1edf c\u1ea7n ph\u1ea3i c\u00f3 k\u1ebft c\u1ea5u \u0111\u1eb7c bi\u1ec7t.<\/p>\n<p><span style=\"font-weight: 400;\"><span style=\"vertical-align: inherit;\"><span style=\"vertical-align: inherit;\">Xe ch\u1edf x\u0103ng d\u1ea7u &#8211; xe xitec Viettank l\u00e0 lo\u1ea1i xe c\u00f3 \u0111\u1ed9ng c\u01a1, k\u00edch th\u01b0\u1edbc l\u1edbn, \u0111\u01b0\u1ee3c thi\u1ebft k\u1ebf \u0111\u1eb7c bi\u1ec7t \u0111\u1ec3 v\u1eadn chuy\u1ec3n c\u00e1c lo\u1ea1i d\u1ea7u kh\u00ed h\u00f3a h\u00f3a l\u1ecfng.<\/span><\/span><\/span><\/p>\n<p><img loading=\"lazy\" decoding=\"async\" class=\"size-medium wp-image-420 aligncenter\" src=\"https:\/\/viettank.com.vn\/wp-content\/uploads\/2022\/03\/XE-CHO-XANG-DAU-XITEC-VIETTANK-203x114.jpg\" alt=\"Xe-cho-xang-dau-xe-xitec-viettank\" width=\"203\" height=\"114\" srcset=\"https:\/\/viettank.com.vn\/wp-content\/uploads\/2022\/03\/XE-CHO-XANG-DAU-XITEC-VIETTANK-203x114.jpg 203w, https:\/\/viettank.com.vn\/wp-content\/uploads\/2022\/03\/XE-CHO-XANG-DAU-XITEC-VIETTANK-416x234.jpg 416w, https:\/\/viettank.com.vn\/wp-content\/uploads\/2022\/03\/XE-CHO-XANG-DAU-XITEC-VIETTANK-16x9.jpg 16w, https:\/\/viettank.com.vn\/wp-content\/uploads\/2022\/03\/XE-CHO-XANG-DAU-XITEC-VIETTANK.jpg 1280w\" sizes=\"auto, (max-width: 203px) 100vw, 203px\" \/><\/p>\n<h3><b><span style=\"vertical-align: inherit;\"><span style=\"vertical-align: inherit;\">C\u1ea5u tr\u00fac <a href=\"https:\/\/viettank.com.vn\/en\/xe-cho-xang-dau-xe-xitech\/\">xe ch\u1edf x\u0103ng d\u1ea7u Viettank<\/a><\/span><\/span><\/b><\/h3>\n<p><span style=\"font-weight: 400;\"><span style=\"vertical-align: inherit;\"><span style=\"vertical-align: inherit;\">Tr\u01b0\u1edbc \u0111\u00e2y, khi c\u1ea7n v\u1eadn chuy\u1ec3n c\u00e1c lo\u1ea1i nhi\u00ean li\u1ec7u \u0111\u1eb7c bi\u1ec7t v\u00e0 c\u00e1c s\u1ea3n ph\u1ea9m h\u00f3a ch\u1ea5t, c\u00e1c c\u00f4ng ty ph\u1ea3i s\u1eed d\u1ee5ng d\u1ecbch v\u1ee5 trung gian. Ng\u00e0y nay, xe t\u1ea3i Xitec gi\u00fap c\u00e1c c\u00f4ng ty gi\u1ea3i quy\u1ebft v\u1ea5n \u0111\u1ec1 n\u00e0y. Xe b\u1ed3n c\u00f3 kh\u1ea3 n\u0103ng v\u1eadn chuy\u1ec3n kh\u1ed1i l\u01b0\u1ee3ng r\u1ea5t l\u1edbn ch\u1ea5t l\u1ecfng v\u00e0 c\u00e1c s\u1ea3n ph\u1ea9m h\u00f3a ch\u1ea5t m\u1ed9t c\u00e1ch nhanh ch\u00f3ng v\u00e0 an to\u00e0n. \u0110i\u1ec1u n\u00e0y gi\u00fap c\u00e1c c\u00f4ng ty ti\u1ebft ki\u1ec7m th\u1eddi gian v\u00e0 chi ph\u00ed v\u1eadn chuy\u1ec3n r\u1ea5t nhi\u1ec1u.\u00a0<\/span><\/span><\/span><\/p>\n<p><span style=\"font-weight: 400;\"><span style=\"vertical-align: inherit;\"><span style=\"vertical-align: inherit;\">B\u00ecnh x\u0103ng \u0111\u1eb7c bi\u1ec7t c\u1ee7a xe \u0111\u01b0\u1ee3c l\u00e0m b\u1eb1ng kim lo\u1ea1i ch\u1ea5t l\u01b0\u1ee3ng cao c\u00f3 kh\u1ea3 n\u0103ng ch\u1ed1ng g\u1ec9 r\u1ea5t t\u1ed1t. C\u1ea5u t\u1ea1o c\u1ee7a b\u1ed3n th\u01b0\u1eddng l\u00e0 h\u00ecnh tr\u00f2n ho\u1eb7c b\u1ea7u d\u1ee5c, b\u1ed9 ph\u1eadn n\u00e0y \u0111\u01b0\u1ee3c thi\u1ebft k\u1ebf \u0111\u1eb7c bi\u1ec7t \u0111\u1ec3 \u0111\u1ea3m b\u1ea3o ch\u1ea5t l\u1ecfng b\u00ean trong kh\u00f4ng b\u1ecb th\u1ea5t tho\u00e1t trong qu\u00e1 tr\u00ecnh v\u1eadn chuy\u1ec3n.<\/span><\/span><\/span><\/p>\n<h3><b><span style=\"vertical-align: inherit;\"><span style=\"vertical-align: inherit;\">Th\u00f4ng s\u1ed1 chi ti\u1ebft<\/span><\/span><\/b><\/h3>\n<p><span style=\"font-weight: 400;\"><span style=\"vertical-align: inherit;\"><span style=\"vertical-align: inherit;\">V\u1eadt li\u1ec7u:<\/span><\/span><\/span><\/p>\n<ul>\n<li style=\"font-weight: 400;\" aria-level=\"1\"><span style=\"font-weight: 400;\"><span style=\"vertical-align: inherit;\"><span style=\"vertical-align: inherit;\">Th\u00e9p t\u1ea5m CT3 (SS400)<\/span><\/span><\/span><\/li>\n<li style=\"font-weight: 400;\" aria-level=\"1\"><span style=\"font-weight: 400;\"><span style=\"vertical-align: inherit;\"><span style=\"vertical-align: inherit;\">Th\u00e9p kh\u00f4ng g\u1ec9 (SUS 304)<\/span><\/span><\/span><\/li>\n<\/ul>\n<p><span style=\"font-weight: 400;\"><span style=\"vertical-align: inherit;\"><span style=\"vertical-align: inherit;\">Ti\u00eau chu\u1ea9n s\u1ea3n ph\u1ea9m:<\/span><\/span><\/span><\/p>\n<ul>\n<li style=\"font-weight: 400;\" aria-level=\"1\"><span style=\"font-weight: 400;\"><span style=\"vertical-align: inherit;\"><span style=\"vertical-align: inherit;\">Th\u00e2n b\u1ed3n: SPI-650<\/span><\/span><\/span><\/li>\n<li style=\"font-weight: 400;\" aria-level=\"1\"><span style=\"font-weight: 400;\"><span style=\"vertical-align: inherit;\"><span style=\"vertical-align: inherit;\">\u0110\u01b0\u1eddng h\u00e0n: TCVN 6008-1995<\/span><\/span><\/span><\/li>\n<\/ul>\n<p><span style=\"font-weight: 400;\"><span style=\"vertical-align: inherit;\"><span style=\"vertical-align: inherit;\">\u00c1p su\u1ea5t:<\/span><\/span><\/span><\/p>\n<ul>\n<li style=\"font-weight: 400;\" aria-level=\"1\"><span style=\"font-weight: 400;\"><span style=\"vertical-align: inherit;\"><span style=\"vertical-align: inherit;\">Thi\u1ebft k\u1ebf: 0.3 KG\/cm2<\/span><\/span><\/span><\/li>\n<li style=\"font-weight: 400;\" aria-level=\"1\"><span style=\"font-weight: 400;\"><span style=\"vertical-align: inherit;\"><span style=\"vertical-align: inherit;\">Ki\u1ec3m tra: 0.4 KG\/cm2<\/span><\/span><\/span><\/li>\n<li style=\"font-weight: 400;\" aria-level=\"1\"><span style=\"font-weight: 400;\"><span style=\"vertical-align: inherit;\"><span style=\"vertical-align: inherit;\">L\u00e0m vi\u1ec7c: atm<\/span><\/span><\/span><\/li>\n<\/ul>\n<h3><b><span style=\"vertical-align: inherit;\"><span style=\"vertical-align: inherit;\">Xe ch\u1edf x\u0103ng d\u1ea7u Viettank &#8211; Gi\u1ea3i ph\u00e1p ch\u1ed1ng \u0103n m\u00f2n \u01b0u vi\u1ec7t\u00a0<\/span><\/span><\/b><\/h3>\n<ul>\n<li style=\"font-weight: 400;\" aria-level=\"1\"><span style=\"font-weight: 400;\"><span style=\"vertical-align: inherit;\"><span style=\"vertical-align: inherit;\">Kh\u1ea3 n\u0103ng ch\u1ed1ng \u0103n m\u00f2n, ch\u1ed1ng oxy h\u00f3a cao<\/span><\/span><\/span><\/li>\n<li style=\"font-weight: 400;\" aria-level=\"1\"><span style=\"font-weight: 400;\"><span style=\"vertical-align: inherit;\"><span style=\"vertical-align: inherit;\">Kh\u00f4ng b\u1ecb l\u1eafng c\u1eb7n nh\u01b0 c\u00e1c b\u1ed3n ch\u1ee9a xi m\u0103ng, b\u00ea t\u00f4ng hay c\u00e1c v\u1eadt li\u1ec7u nh\u1ef1a th\u00f4ng th\u01b0\u1eddng<\/span><\/span><\/span><\/li>\n<li style=\"font-weight: 400;\" aria-level=\"1\"><span style=\"font-weight: 400;\"><span style=\"vertical-align: inherit;\"><span style=\"vertical-align: inherit;\">Kh\u00f4ng x\u1ea3y ra hi\u1ec7n t\u01b0\u1ee3ng r\u00f2 r\u1ec9 h\u00f3a ch\u1ea5t<\/span><\/span><\/span><\/li>\n<li style=\"font-weight: 400;\" aria-level=\"1\"><span style=\"font-weight: 400;\"><span style=\"vertical-align: inherit;\"><span style=\"vertical-align: inherit;\">C\u00f3 th\u1ec3 \u1ee9ng d\u1ee5ng \u0111\u1ec3 s\u1ea3n xu\u1ea5t c\u00e1c lo\u1ea1i b\u1ed3n ch\u1ee9a kh\u00e1c nh\u01b0: b\u1ed3n ch\u1ee9a d\u1ea7u, b\u1ed3n x\u1eed l\u00fd n\u01b0\u1edbc th\u1ea3i, b\u1ed3n ch\u1ee9a <\/span><\/span><\/span><span style=\"font-weight: 400;\"><span style=\"vertical-align: inherit;\"><span style=\"vertical-align: inherit;\">c\u00f4<\/span><\/span><\/span><span style=\"font-weight: 400;\"><span style=\"vertical-align: inherit;\"><span style=\"vertical-align: inherit;\">ng nghi\u1ec7p c\u00e1c lo\u1ea1i\u2026<\/span><\/span><\/span><\/li>\n<\/ul>\n<ul>\n<li style=\"font-weight: 400;\" aria-level=\"1\"><span style=\"font-weight: 400;\"><span style=\"vertical-align: inherit;\"><span style=\"vertical-align: inherit;\">\u0110\u1ea3m b\u1ea3o m\u1ef9 quan, th\u00e2n thi\u1ec7n v\u1edbi m\u00f4i tr\u01b0\u1eddng<\/span><\/span><\/span><\/li>\n<li style=\"font-weight: 400;\" aria-level=\"1\"><span style=\"font-weight: 400;\"><span style=\"vertical-align: inherit;\"><span style=\"vertical-align: inherit;\">\u0110\u1ed9 b\u1ec1n cao, thi\u1ebft k\u1ebf g\u1ecdn g\u00e0ng<\/span><\/span><\/span><\/li>\n<li style=\"font-weight: 400;\" aria-level=\"1\"><span style=\"font-weight: 400;\"><span style=\"vertical-align: inherit;\"><span style=\"vertical-align: inherit;\">D\u1ec5 d\u00e0ng l\u1eafp \u0111\u1eb7t, thi c\u00f4ng nhanh ch\u00f3ng<\/span><\/span><\/span><\/li>\n<\/ul>\n<p><span style=\"font-weight: 400;\"><span style=\"vertical-align: inherit;\"><span style=\"vertical-align: inherit;\">Hi\u1ec7n nay h\u1ea7u h\u1ebft c\u00e1c doanh nghi\u1ec7p ho\u1ea1t \u0111\u1ed9ng trong l\u0129nh v\u1ef1c li\u00ean quan \u0111\u1ec1u s\u1edf h\u1eefu cho m\u00ecnh m\u1ed9t chi\u1ebfc xe b\u1ed3n Xitec. Ph\u01b0\u01a1ng ti\u1ec7n v\u1eadn chuy\u1ec3n n\u00e0y mang l\u1ea1i cho doanh nghi\u1ec7p r\u1ea5t nhi\u1ec1u l\u1ee3i \u00edch. N\u1ed5i b\u1eadt nh\u1ea5t ph\u1ea3i k\u1ec3 \u0111\u1ebfn<\/span><\/span><\/span><span style=\"font-weight: 400;\"><span style=\"vertical-align: inherit;\"><span style=\"vertical-align: inherit;\"> hi\u1ec7u qu\u1ea3 <\/span><\/span><\/span><span style=\"font-weight: 400;\"><span style=\"vertical-align: inherit;\"><span style=\"vertical-align: inherit;\">ti\u1ebft ki\u1ec7m kinh ph\u00ed.\u00a0<\/span><\/span><\/span><\/p>\n<h4><b><span style=\"vertical-align: inherit;\"><span style=\"vertical-align: inherit;\">Viettank l\u00e0 \u0111\u01a1n v\u1ecb uy t\u00edn<\/span><\/span><\/b><\/h4>\n<p><span style=\"font-weight: 400;\"><span style=\"vertical-align: inherit;\"><span style=\"vertical-align: inherit;\">Nh\u1edd ch\u1ea5t l\u01b0\u1ee3ng th\u00e0nh ph\u1ea9m, thi c\u00f4ng nhanh ch\u00f3ng, m\u00e1y m\u00f3c thi\u1ebft b\u1ecb hi\u1ec7n \u0111\u1ea1i v\u00e0 quy tr\u00ecnh l\u00e0m vi\u1ec7c chuy\u00ean nghi\u1ec7p, linh ho\u1ea1t, Viettank \u0111\u00e3 tr\u1edf th\u00e0nh m\u1ed9t \u0111\u01a1n v\u1ecb thi c\u00f4ng uy t\u00edn, \u0111\u00e1ng tin c\u1eady \u0111\u01b0\u1ee3c nhi\u1ec1u doanh nghi\u1ec7p l\u1ef1a ch\u1ecdn tin t\u01b0\u1edfng trong c\u00e1c d\u1ef1 \u00e1n quy m\u00f4.<\/span><\/span><\/span><\/p>\n<h4><b><span style=\"vertical-align: inherit;\"><span style=\"vertical-align: inherit;\">C\u00e1c s\u1ea3n ph\u1ea9m ch\u00ednh m\u00e0 Viettank cung c\u1ea5p<\/span><\/span><\/b><\/h4>\n<ul>\n<li style=\"font-weight: 400;\" aria-level=\"1\"><span style=\"font-weight: 400;\"><span style=\"vertical-align: inherit;\"><span style=\"vertical-align: inherit;\">Tank<\/span><\/span><\/span><\/li>\n<li style=\"font-weight: 400;\" aria-level=\"1\"><span style=\"font-weight: 400;\"><span style=\"vertical-align: inherit;\"><span style=\"vertical-align: inherit;\">Pressure vessels<\/span><\/span><\/span><\/li>\n<li style=\"font-weight: 400;\" aria-level=\"1\"><span style=\"font-weight: 400;\"><span style=\"vertical-align: inherit;\"><span style=\"vertical-align: inherit;\">B\u1ed3n ch\u1ee9a x\u0103ng d\u1ea7u di \u0111\u1ed9ng<\/span><\/span><\/span><\/li>\n<li style=\"font-weight: 400;\" aria-level=\"1\"><span style=\"font-weight: 400;\"><span style=\"vertical-align: inherit;\"><span style=\"vertical-align: inherit;\">Xe ch\u1edf x\u0103ng d\u1ea7u &#8211; xe xitech<\/span><\/span><\/span><\/li>\n<\/ul>\n<p><span style=\"font-weight: 400;\"><span style=\"vertical-align: inherit;\"><span style=\"vertical-align: inherit;\">B\u00ean c\u1ea1nh c\u00e1c s\u1ea3n ph\u1ea9m ch\u00ednh, <\/span><\/span><span style=\"vertical-align: inherit;\"><span style=\"vertical-align: inherit;\">Viettank<\/span><\/span><span style=\"vertical-align: inherit;\"><span style=\"vertical-align: inherit;\"> c\u00f2n thi c\u00f4ng s\u1ea3n ph\u1ea9m theo y\u00eau c\u1ea7u ri\u00eang c\u1ee7a kh\u00e1ch h\u00e0ng. Li\u00ean h\u1ec7 ngay v\u1edbi ch\u00fang t\u00f4i \u0111\u1ec3 \u0111\u01b0\u1ee3c t\u01b0 v\u1ea5n thi c\u00f4ng v\u00e0 nh\u1eadn b\u00e1o gi\u00e1 chi ti\u1ebft!<\/span><\/span><\/span><\/p>\n<p><b><span style=\"vertical-align: inherit;\"><span style=\"vertical-align: inherit;\">Hotline: 0944.012.188<\/span><\/span><\/b><\/p>\n<p><b><span style=\"vertical-align: inherit;\"><span style=\"vertical-align: inherit;\">Viettank &#8211; Ho\u00e0n thi\u1ec7n tr\u00ean t\u1eebng b\u01b0\u1edbc ti\u1ebfn!\u00a0<\/span><\/span><\/b><\/p>\n<p><b><span style=\"vertical-align: inherit;\"><span style=\"vertical-align: inherit;\">T\u00ecm hi\u1ec3u th\u00eam v\u1ec1 ch\u00fang t\u00f4i <\/span><\/span><\/b><span style=\"vertical-align: inherit;\"><a href=\"https:\/\/www.facebook.com\/Viettank-Pressure-Storage-Tank-110059634885733\" target=\"_blank\" rel=\"noopener\"><b><span style=\"vertical-align: inherit;\">t\u1ea1i \u0111\u00e2y!<\/span><\/b><\/a><\/span> <b><\/b><\/p>\n<p><span style=\"font-weight: 400;\">\u00a0<\/span><\/p>\n<p>&nbsp;<\/p>","protected":false},"excerpt":{"rendered":"<p><span style=\"font-weight: 400;\"><span style=\"vertical-align: inherit;\">Xe ch\u1edf x\u0103ng d\u1ea7u Viettank l\u00e0 lo\u1ea1i xe c\u00f3 \u0111\u1ed9ng c\u01a1, k\u00edch th\u01b0\u1edbc l\u1edbn, \u0111\u01b0\u1ee3c thi\u1ebft k\u1ebf \u0111\u1eb7c bi\u1ec7t \u0111\u1ec3 v\u1eadn chuy\u1ec3n c\u00e1c lo\u1ea1i d\u1ea7u kh\u00ed h\u00f3a h\u00f3a l\u1ecfng.<\/span><\/span><\/p>","protected":false},"featured_media":420,"comment_status":"closed","ping_status":"closed","template":"","meta":[],"product_cat":[26],"product_tag":[57,56],"class_list":["post-416","product","type-product","status-publish","has-post-thumbnail","hentry","product_cat-xe-cho-xang-dau-xe-xitech","product_tag-xe-cho-xang-dau","product_tag-xe-cho-xang-dau-viettank"],"_links":{"self":[{"href":"https:\/\/viettank.com.vn\/en\/wp-json\/wp\/v2\/product\/416","targetHints":{"allow":["GET"]}}],"collection":[{"href":"https:\/\/viettank.com.vn\/en\/wp-json\/wp\/v2\/product"}],"about":[{"href":"https:\/\/viettank.com.vn\/en\/wp-json\/wp\/v2\/types\/product"}],"replies":[{"embeddable":true,"href":"https:\/\/viettank.com.vn\/en\/wp-json\/wp\/v2\/comments?post=416"}],"wp:featuredmedia":[{"embeddable":true,"href":"https:\/\/viettank.com.vn\/en\/wp-json\/wp\/v2\/media\/420"}],"wp:attachment":[{"href":"https:\/\/viettank.com.vn\/en\/wp-json\/wp\/v2\/media?parent=416"}],"wp:term":[{"taxonomy":"product_cat","embeddable":true,"href":"https:\/\/viettank.com.vn\/en\/wp-json\/wp\/v2\/product_cat?post=416"},{"taxonomy":"product_tag","embeddable":true,"href":"https:\/\/viettank.com.vn\/en\/wp-json\/wp\/v2\/product_tag?post=416"}],"curies":[{"name":"wp","href":"https:\/\/api.w.org\/{rel}","templated":true}]}}