{"id":414,"date":"2022-03-08T08:26:43","date_gmt":"2022-03-08T01:26:43","guid":{"rendered":"https:\/\/viettank.com.vn\/?post_type=product&#038;p=414"},"modified":"2022-03-08T14:55:44","modified_gmt":"2022-03-08T07:55:44","slug":"bon-chua-gas-viettank","status":"publish","type":"product","link":"https:\/\/viettank.com.vn\/en\/bon-chua-gas-viettank\/","title":{"rendered":"B\u1ed2N CH\u1ee8A GAS VIETTANK"},"content":{"rendered":"<h1><b><span style=\"vertical-align: inherit;\"><span style=\"vertical-align: inherit;\">B\u1ed2N CH\u1ee8A GAS VIETTANK<\/span><\/span><\/b><\/h1>\n<p><span style=\"font-weight: 400;\"><span style=\"vertical-align: inherit;\"><span style=\"vertical-align: inherit;\">B\u1ed3n ch\u1ee9a gas Viettank, thi\u1ebft b\u1ecb \u0111\u01b0\u1ee3c \u1ee9ng d\u1ee5ng r\u1ed9ng r\u00e3i trong h\u1ea7u h\u1ebft c\u00e1c ng\u00e0nh c\u00f4ng nghi\u1ec7p nh\u01b0: luy\u1ec7n kim, m\u1ea1 k\u1ebdm, s\u1ea3n xu\u1ea5t h\u00e0ng m\u1ef9 ngh\u1ec7, s\u1ea3n xu\u1ea5t ch\u1ebf bi\u1ebfn th\u1ef1c ph\u1ea9m. Th\u1eadm ch\u00ed, ngay trong l\u0129nh v\u1ef1c n\u00f4ng nghi\u1ec7p, \u0111\u00e2y c\u0169ng l\u00e0 s\u1ea3n ph\u1ea9m c\u1ea7n thi\u1ebft khi c\u00e1c \u0111\u01a1n v\u1ecb c\u1ea7n cung c\u1ea5p nhi\u1ec7t cho v\u1eadt nu\u00f4i, c\u00e2y c\u1ed1i\u2026\u00a0<\/span><\/span><\/span><\/p>\n<p><img loading=\"lazy\" decoding=\"async\" class=\"size-medium wp-image-417 aligncenter\" src=\"https:\/\/viettank.com.vn\/wp-content\/uploads\/2022\/03\/bon-chua-gas-viettank-203x119.jpg\" alt=\"b\u1ed3n ch\u1ee9a gas viettank\" width=\"203\" height=\"119\" srcset=\"https:\/\/viettank.com.vn\/wp-content\/uploads\/2022\/03\/bon-chua-gas-viettank-203x119.jpg 203w, https:\/\/viettank.com.vn\/wp-content\/uploads\/2022\/03\/bon-chua-gas-viettank-416x245.jpg 416w, https:\/\/viettank.com.vn\/wp-content\/uploads\/2022\/03\/bon-chua-gas-viettank-16x9.jpg 16w, https:\/\/viettank.com.vn\/wp-content\/uploads\/2022\/03\/bon-chua-gas-viettank.jpg 672w\" sizes=\"auto, (max-width: 203px) 100vw, 203px\" \/><\/p>\n<div><b>H\u1ec7 th\u1ed1ng b\u1ed3n ch\u1ee9a gas<\/b> \u0111\u01b0\u1ee3c thi\u1ebft k\u1ebf d\u1ef1a tr\u00ean kh\u1ed1i l\u01b0\u1ee3ng ti\u00eau th\u1ee5, kh\u00f4ng gian s\u1eb5n c\u00f3 v\u00e0 m\u1ed9t s\u1ed1 y\u1ebfu t\u1ed1 kh\u00e1c. Ch\u00fang t\u00f4i s\u1ebd \u0111\u1ebfn xem x\u00e9t th\u1ef1c nghi\u1ec7m kh\u00f4ng gian \u0111\u1ec3 thi\u1ebft k\u1ebf m\u1ed9t h\u1ec7 th\u1ed1ng c\u00f3 th\u1ec3 \u0111\u00e1p \u1ee9ng nhu c\u1ea7u v\u1ec1 l\u00e2u d\u00e0i\u2026<\/div>\n<div><\/div>\n<div>Hi\u1ec7n nay, \u0111\u1ed1i t\u01b0\u1ee3ng kh\u00e1ch h\u00e0ng s\u01b0\u0309 du\u0323ng <strong>b\u1ed3n ch\u1ee9a<\/strong> <strong>gas Viettank<\/strong>\u00a0r\u1ea5t \u0111a d\u1ea1ng bao g\u1ed3m: nh\u00e0 h\u00e0ng, kh\u00e1ch s\u1ea1n, c\u0103n tin, tr\u01b0\u1eddng h\u1ecdc v\u00e0 m\u1ed9t s\u1ed1 khu\u00a0c\u00f4ng nghi\u1ec7p s\u1ea3n xu\u1ea5t.<\/div>\n<div><\/div>\n<div>Ch\u00fang t\u00f4i chuy\u00ean cung c\u1ea5p c\u00e1c h\u1ec7 th\u1ed1ng b\u1ed3n ch\u1ee9a gas c\u00f4ng nghi\u1ec7p \u0111\u01b0\u1ee3c thi\u1ebft k\u1ebf d\u1ef1a tr\u00ean c\u00e1c ti\u00eau chu\u1ea9n nghi\u00eam ng\u1eb7t theo quy \u0111\u1ecbnh\u00a0Vi\u1ec7t Nam.<\/div>\n<p><span style=\"font-weight: 400;\"><span style=\"vertical-align: inherit;\"><span style=\"vertical-align: inherit;\">S\u1ea3n ph\u1ea9m c\u1ee7a Viettank lu\u00f4n l\u00e0 l\u1ef1a ch\u1ecdn \u01b0u ti\u00ean c\u1ee7a h\u00e0ng lo\u1ea1t c\u00e1c d\u1ef1 \u00e1n, c\u00f4ng tr\u00ecnh l\u1edbn tr\u00ean c\u1ea3 n\u01b0\u1edbc. S\u1ea3n ph\u1ea9m c\u00f3 thi\u1ebft k\u1ebf hi\u1ec7n \u0111\u1ea1i, \u0111\u1ed9 b\u1ec1n cao, d\u1ec5 d\u00e0ng l\u1eafp \u0111\u1eb7t v\u00e0 thi c\u00f4ng v\u1edbi chi ph\u00ed h\u1ee3p l\u00fd,\u00a0<\/span><\/span><\/span><\/p>\n<h2><b><span style=\"vertical-align: inherit;\"><span style=\"vertical-align: inherit;\">C\u1ea5u t\u1ea1o <\/span><\/span><a href=\"https:\/\/viettank.com.vn\/en\/bon-chua-gas-viettank\/\"><span style=\"vertical-align: inherit;\"><span style=\"vertical-align: inherit;\">b\u1ed3n ch\u1ee9a gas Viettank<\/span><\/span><\/a><\/b><\/h2>\n<p><span style=\"font-weight: 400;\"><span style=\"vertical-align: inherit;\"><span style=\"vertical-align: inherit;\">B\u1ed3n ch\u1ee9a gas \u0111\u01b0\u1ee3c c\u1ea5u t\u1ea1o t\u1eeb 4 ph\u1ea7n ch\u00ednh: th\u00e2n b\u1ed3n, c\u1eeda b\u1ed3n, b\u1ed9 ph\u1eadn th\u00f4ng h\u01a1i v\u00e0 ch\u00e2n b\u1ed3n. C\u1ee5 th\u1ec3:<\/span><\/span><\/span><\/p>\n<ul>\n<li style=\"font-weight: 400;\" aria-level=\"1\"><span style=\"font-weight: 400;\"><span style=\"vertical-align: inherit;\"><span style=\"vertical-align: inherit;\">Th\u00e2n b\u1ed3n: ch\u1ee7 y\u1ebfu c\u00f3 thi\u1ebft k\u1ebf h\u00ecnh tr\u1ee5 tr\u00f2n, g\u1ed3m 2 l\u1edbp, l\u1edbp v\u1ecf b\u1ed3n \u1edf ngo\u00e0i v\u00e0 b\u1ed3n ch\u1ee9a kh\u00ed b\u00ean trong, \u0111\u01b0\u1ee3c ng\u0103n c\u00e1ch b\u1edfi l\u1edbp ch\u00e2n kh\u00f4ng \u1edf gi\u1eefa \u0111\u1ec3 c\u00e1ch nhi\u1ec7t, ph\u00f2ng tr\u01b0\u1eddng h\u1ee3p gas l\u1ecfng gi\u00e3n n\u1edf do nhi\u1ec7t \u0111\u1ed9 t\u0103ng.<\/span><\/span><\/span><\/li>\n<li style=\"font-weight: 400;\" aria-level=\"1\"><span style=\"font-weight: 400;\"><span style=\"vertical-align: inherit;\"><span style=\"vertical-align: inherit;\">N\u1eafp v\u00e0 \u0111\u00e1y b\u1ed3n: c\u00f3 3 h\u00ecnh d\u1ea1ng ph\u1ed5 bi\u1ebfn: d\u1ea1ng ph\u1eb3ng, ch\u1ecfm c\u1ea7u v\u00e0 h\u00ecnh n\u00f3n<\/span><\/span><\/span><\/li>\n<li style=\"font-weight: 400;\" aria-level=\"1\"><span style=\"font-weight: 400;\"><span style=\"vertical-align: inherit;\"><span style=\"vertical-align: inherit;\">H\u1ec7 th\u1ed1ng \u0111\u01b0\u1eddng \u1ed1ng d\u1eabn \u0111\u1ec3 n\u1ea1p kh\u00ed gas h\u00f3a l\u1ecfng v\u00e0o b\u1ed3n v\u00e0 xu\u1ea5t ra theo \u0111\u01b0\u1eddng s\u1eed d\u1ee5ng.<\/span><\/span><\/span><\/li>\n<li style=\"font-weight: 400;\" aria-level=\"1\"><span style=\"font-weight: 400;\"><span style=\"vertical-align: inherit;\"><span style=\"vertical-align: inherit;\">Ch\u00e2n b\u1ed3n: c\u00f3 t\u00e1p ch\u1ed1ng xo\u00e1y, d\u1ea1ng ch\u00e2n tr\u00f2n ho\u1eb7c ch\u1eef L.<\/span><\/span><\/span><\/li>\n<li style=\"font-weight: 400;\" aria-level=\"1\"><span style=\"font-weight: 400;\"><span style=\"vertical-align: inherit;\"><span style=\"vertical-align: inherit;\">Ngo\u00e0i ra, c\u00f3 c\u00e1c ph\u1ee5 ki\u1ec7n kh\u00e1c: van ch\u1eb7n, van an to\u00e0n, c\u00e1c c\u1ea3m bi\u1ebfn, h\u1ec7 th\u1ed1ng gia nhi\u1ec7t\u2026<\/span><\/span><\/span><\/li>\n<\/ul>\n<p><span style=\"font-weight: 400;\"><span style=\"vertical-align: inherit;\"><span style=\"vertical-align: inherit;\">Th\u00f4ng s\u1ed1 chi ti\u1ebft c\u1ee7a b\u1ed3n:<\/span><\/span><\/span><\/p>\n<p><span style=\"font-weight: 400;\"><span style=\"vertical-align: inherit;\"><span style=\"vertical-align: inherit;\">V\u1eadt li\u1ec7u:<\/span><\/span><\/span><\/p>\n<ul>\n<li style=\"font-weight: 400;\" aria-level=\"1\"><span style=\"font-weight: 400;\"><span style=\"vertical-align: inherit;\"><span style=\"vertical-align: inherit;\">Th\u00e9p t\u1ea5m CT3 (SS400)<\/span><\/span><\/span><\/li>\n<li style=\"font-weight: 400;\" aria-level=\"1\"><span style=\"font-weight: 400;\"><span style=\"vertical-align: inherit;\"><span style=\"vertical-align: inherit;\">Th\u00e9p kh\u00f4ng g\u1ec9 (SUS 304)<\/span><\/span><\/span><\/li>\n<li style=\"font-weight: 400;\" aria-level=\"1\"><span style=\"font-weight: 400;\"><span style=\"vertical-align: inherit;\"><span style=\"vertical-align: inherit;\">Th\u00e9p HSLA (H\u1ee3p kim ch\u1ea5t l\u01b0\u1ee3ng cao) theo c\u00f4ng d\u1ee5ng v\u00e0 thi\u1ebft k\u1ebf<\/span><\/span><\/span><\/li>\n<\/ul>\n<p><span style=\"font-weight: 400;\"><span style=\"vertical-align: inherit;\"><span style=\"vertical-align: inherit;\">Th\u00f4ng s\u1ed1 k\u1ef9 thu\u1eadt:<\/span><\/span><\/span><\/p>\n<ul>\n<li style=\"font-weight: 400;\" aria-level=\"1\"><span style=\"font-weight: 400;\"><span style=\"vertical-align: inherit;\"><span style=\"vertical-align: inherit;\">Dung t\u00edch b\u1ed3n: t\u1eeb 0.5m3 \u0111\u1ebfn 100m3<\/span><\/span><\/span><\/li>\n<li style=\"font-weight: 400;\" aria-level=\"1\"><span style=\"font-weight: 400;\"><span style=\"vertical-align: inherit;\"><span style=\"vertical-align: inherit;\">\u00c1p l\u1ef1c: 5 \u0111\u1ebfn 15 kg\/cm3<\/span><\/span><\/span><\/li>\n<\/ul>\n<p><span style=\"font-weight: 400;\"><span style=\"vertical-align: inherit;\"><span style=\"vertical-align: inherit;\">Ti\u00eau chu\u1ea9n s\u1ea3n ph\u1ea9m: ASME SEC VIII, DIV 1, 1980.<\/span><\/span><\/span><\/p>\n<p><span style=\"font-weight: 400;\"><span style=\"vertical-align: inherit;\"><span style=\"vertical-align: inherit;\">T\u00f9y quy m\u00f4 v\u00e0 th\u1ef1c t\u1ebf c\u1ee7a d\u1ef1 \u00e1n m\u00e0 ch\u00fang t\u00f4i s\u1ebd \u0111\u01b0a ra t\u01b0 v\u1ea5n v\u00e0 thi\u1ebft k\u1ebf ri\u00eang. Qu\u00fd kh\u00e1ch c\u00f3 th\u1ec3 ho\u00e0n to\u00e0n y\u00ean t\u00e2m v\u1ec1 ch\u1ea5t l\u01b0\u1ee3ng c\u00f4ng tr\u00ecnh!<\/span><\/span><\/span><\/p>\n<h2><b><span style=\"vertical-align: inherit;\"><span style=\"vertical-align: inherit;\">\u01afu \u0111i\u1ec3m b\u1ed3n ch\u1ee9a gas Viettank\u00a0<\/span><\/span><\/b><\/h2>\n<p><span style=\"font-weight: 400;\"><span style=\"vertical-align: inherit;\"><span style=\"vertical-align: inherit;\">S\u1ea3n ph\u1ea9m b\u1ed3n ch\u1ee9a gas c\u1ee7a ch\u00fang t\u00f4i c\u00f3 nhi\u1ec1u \u01b0u \u0111i\u1ec3m v\u01b0\u1ee3t tr\u1ed9i:<\/span><\/span><\/span><\/p>\n<ul>\n<li style=\"font-weight: 400;\" aria-level=\"1\"><span style=\"font-weight: 400;\"><span style=\"vertical-align: inherit;\"><span style=\"vertical-align: inherit;\">C\u1ea5u t\u1ea1o t\u1eeb th\u00e9p v\u00e0 h\u1ee3p kim l\u01b0\u1ee3ng cao<\/span><\/span><\/span><\/li>\n<li style=\"font-weight: 400;\" aria-level=\"1\"><span style=\"font-weight: 400;\"><span style=\"vertical-align: inherit;\"><span style=\"vertical-align: inherit;\">Thi\u1ebft k\u1ebf hi\u1ec7n \u0111\u1ea1i, nh\u1ecf g\u1ecdn, \u0111\u00e1p \u1ee9ng t\u00ednh th\u1ea9m m\u1ef9\u00a0<\/span><\/span><\/span><\/li>\n<li style=\"font-weight: 400;\" aria-level=\"1\"><span style=\"font-weight: 400;\"><span style=\"vertical-align: inherit;\"><span style=\"vertical-align: inherit;\">\u0110\u1ea3m b\u1ea3o an to\u00e0n, h\u1ea1n ch\u1ebf r\u1ee7i ro ch\u00e1y n\u1ed5<\/span><\/span><\/span><\/li>\n<li style=\"font-weight: 400;\" aria-level=\"1\"><span style=\"font-weight: 400;\"><span style=\"vertical-align: inherit;\"><span style=\"vertical-align: inherit;\">D\u1ec5 d\u00e0ng l\u1eafp \u0111\u1eb7t, thi c\u00f4ng nhanh ch\u00f3ng<\/span><\/span><\/span><\/li>\n<\/ul>\n<p><span style=\"font-weight: 400;\"><span style=\"vertical-align: inherit;\"><span style=\"vertical-align: inherit;\">Li\u00ean h\u1ec7 v\u1edbi ch\u00fang t\u00f4i \u0111\u1ec3 \u0111\u01b0\u1ee3c t\u01b0 v\u1ea5n thi c\u00f4ng v\u00e0 nh\u1eadn b\u00e1o gi\u00e1 chi ti\u1ebft!<\/span><\/span><\/span><\/p>\n<p><span style=\"font-weight: 400;\"><span style=\"vertical-align: inherit;\"><span style=\"vertical-align: inherit;\">Hotline: 0944.012.188<\/span><\/span><\/span><\/p>\n<p><span style=\"font-weight: 400;\"><span style=\"vertical-align: inherit;\"><span style=\"vertical-align: inherit;\">Viettank &#8211; Ho\u00e0n thi\u1ec7n tr\u00ean t\u1eebng b\u01b0\u1edbc ti\u1ebfn!<\/span><\/span><\/span><\/p>\n<p><span style=\"font-weight: 400;\"><span style=\"vertical-align: inherit;\"><span style=\"vertical-align: inherit;\">T\u00ecm hi\u1ec3u th\u00eam v\u1ec1 ch\u00fang t\u00f4i <\/span><\/span><\/span><span style=\"vertical-align: inherit;\"><a href=\"https:\/\/www.facebook.com\/Viettank-Pressure-Storage-Tank-110059634885733\" target=\"_blank\" rel=\"noopener\"><span style=\"font-weight: 400;\"><span style=\"vertical-align: inherit;\">t\u1ea1i \u0111\u00e2y!<\/span><\/span><\/a><\/span><\/p>\n<p>&nbsp;<\/p>\n<p>&nbsp;<\/p>","protected":false},"excerpt":{"rendered":"<p>B\u1ed2N CH\u1ee8A GAS VIETTANK B\u1ed3n ch\u1ee9a gas Viettank, thi\u1ebft b\u1ecb \u0111\u01b0\u1ee3c \u1ee9ng d\u1ee5ng r\u1ed9ng r\u00e3i trong h\u1ea7u h\u1ebft c\u00e1c ng\u00e0nh c\u00f4ng nghi\u1ec7p nh\u01b0: luy\u1ec7n kim, m\u1ea1 k\u1ebdm, s\u1ea3n xu\u1ea5t h\u00e0ng m\u1ef9 ngh\u1ec7, s\u1ea3n xu\u1ea5t ch\u1ebf bi\u1ebfn th\u1ef1c ph\u1ea9m. Th\u1eadm ch\u00ed, ngay trong l\u0129nh v\u1ef1c n\u00f4ng nghi\u1ec7p, \u0111\u00e2y c\u0169ng l\u00e0 s\u1ea3n ph\u1ea9m c\u1ea7n thi\u1ebft khi c\u00e1c&#8230;<\/p>","protected":false},"featured_media":417,"comment_status":"closed","ping_status":"closed","template":"","meta":[],"product_cat":[16,21],"product_tag":[45,44],"class_list":["post-414","product","type-product","status-publish","has-post-thumbnail","hentry","product_cat-bon-chua-cong-nghiep","product_cat-bon-chua-gas","product_tag-bon-chua-ga","product_tag-bon-chua-ga-viettank"],"_links":{"self":[{"href":"https:\/\/viettank.com.vn\/en\/wp-json\/wp\/v2\/product\/414","targetHints":{"allow":["GET"]}}],"collection":[{"href":"https:\/\/viettank.com.vn\/en\/wp-json\/wp\/v2\/product"}],"about":[{"href":"https:\/\/viettank.com.vn\/en\/wp-json\/wp\/v2\/types\/product"}],"replies":[{"embeddable":true,"href":"https:\/\/viettank.com.vn\/en\/wp-json\/wp\/v2\/comments?post=414"}],"wp:featuredmedia":[{"embeddable":true,"href":"https:\/\/viettank.com.vn\/en\/wp-json\/wp\/v2\/media\/417"}],"wp:attachment":[{"href":"https:\/\/viettank.com.vn\/en\/wp-json\/wp\/v2\/media?parent=414"}],"wp:term":[{"taxonomy":"product_cat","embeddable":true,"href":"https:\/\/viettank.com.vn\/en\/wp-json\/wp\/v2\/product_cat?post=414"},{"taxonomy":"product_tag","embeddable":true,"href":"https:\/\/viettank.com.vn\/en\/wp-json\/wp\/v2\/product_tag?post=414"}],"curies":[{"name":"wp","href":"https:\/\/api.w.org\/{rel}","templated":true}]}}