{"id":410,"date":"2022-03-08T09:07:14","date_gmt":"2022-03-08T02:07:14","guid":{"rendered":"https:\/\/viettank.com.vn\/?post_type=product&#038;p=410"},"modified":"2022-03-08T16:54:55","modified_gmt":"2022-03-08T09:54:55","slug":"binh-ap-luc-viettank","status":"publish","type":"product","link":"https:\/\/viettank.com.vn\/en\/binh-ap-luc-viettank\/","title":{"rendered":"B\u00ccNH \u00c1P L\u1ef0C VIETTANK"},"content":{"rendered":"<h1><strong>B\u00ccNH \u00c1P L\u1ef0C VIETTANK<\/strong><\/h1>\n<p><span style=\"font-weight: 400;\">\u0110\u00e2y l\u00e0 thi\u1ebft b\u1ecb ch\u1ecbu \u0111\u01b0\u1ee3c \u00e1p l\u1ef1c cao th\u01b0\u1eddng \u0111\u01b0\u1ee3c s\u1eed d\u1ee5ng \u0111\u1ec3 ch\u1ee9a kh\u00ed h\u01a1i ho\u1eb7c kh\u00ed n\u00e9n.<\/span><\/p>\n<p><img loading=\"lazy\" decoding=\"async\" class=\"size-medium wp-image-419\" src=\"https:\/\/viettank.com.vn\/wp-content\/uploads\/2022\/03\/BINH-AP-LUC-VIETTANK-203x114.jpg\" alt=\"binh-ap-luc-viettank\" width=\"203\" height=\"114\" srcset=\"https:\/\/viettank.com.vn\/wp-content\/uploads\/2022\/03\/BINH-AP-LUC-VIETTANK-203x114.jpg 203w, https:\/\/viettank.com.vn\/wp-content\/uploads\/2022\/03\/BINH-AP-LUC-VIETTANK-416x234.jpg 416w, https:\/\/viettank.com.vn\/wp-content\/uploads\/2022\/03\/BINH-AP-LUC-VIETTANK-16x9.jpg 16w, https:\/\/viettank.com.vn\/wp-content\/uploads\/2022\/03\/BINH-AP-LUC-VIETTANK.jpg 625w\" sizes=\"auto, (max-width: 203px) 100vw, 203px\" \/><\/p>\n<h2><b>C\u1ea5u tr\u00fac b\u00ecnh \u00e1p l\u1ef1c Viettank<\/b><\/h2>\n<p><span style=\"font-weight: 400;\">N\u00f3 c\u00f3 2 d\u1ea1ng ch\u00ednh l\u00e0 b\u00ecnh \u00e1p l\u1ef1c th\u1ea5p v\u00e0 cao. S\u1ea3n ph\u1ea9m \u0111\u01b0\u1ee3c thi\u1ebft k\u1ebf k\u00edn, kh\u00f4ng \u0111\u1ec3 r\u00f2 r\u1ec9 h\u01a1i ra ngo\u00e0i, \u0111\u01b0\u1ee3c Viettank thi c\u00f4ng theo c\u00e1c d\u1ea1ng ch\u00ednh l\u00e0 h\u00ecnh tr\u1ee5 \u0111\u1ee9ng ho\u1eb7c n\u1eb1m, ch\u1ecfm ho\u1eb7c c\u1ea7u linh ho\u1ea1t d\u1ef1a v\u00e0o y\u00eau c\u1ea7u c\u1ee7a kh\u00e1ch h\u00e0ng. Tr\u00ean m\u1ed7i b\u1ed3n s\u1ebd c\u00f3 \u0111\u1ed3ng h\u1ed3 \u0111o \u00e1p su\u1ea5t v\u00e0 van an to\u00e0n.<\/span><\/p>\n<p><span style=\"font-weight: 400;\">\u0110\u1ec3 \u0111\u1ea3m b\u1ea3o b\u1ed3n \u0111i v\u00e0o s\u1eed d\u1ee5ng \u0111\u01b0\u1ee3c ho\u1ea1t \u0111\u1ed9ng t\u1ed1i \u01b0u, b\u00ecnh \u00e1p l\u1ef1c t\u1ea1i Viettank c\u00f2n \u0111\u01b0\u1ee3c trang b\u1ecb \u0111\u1ea7y \u0111\u1ee7 \u1ed1ng khi v\u00e0o, \u1ed1ng kh\u00ed ra, \u1ed1ng van an to\u00e0n, \u1ed1ng \u00e1p k\u1ebf, c\u1eeda ng\u01b0\u1eddi chui,&#8230;<\/span><\/p>\n<h2><b>Th\u00f4ng s\u1ed1 chi ti\u1ebft<\/b><\/h2>\n<p><span style=\"font-weight: 400;\">V\u1eadt li\u1ec7u:<\/span><\/p>\n<ul>\n<li style=\"font-weight: 400;\" aria-level=\"1\"><span style=\"font-weight: 400;\">Th\u00e9p t\u1ea5m CT3 (SS400)<\/span><\/li>\n<li style=\"font-weight: 400;\" aria-level=\"1\"><span style=\"font-weight: 400;\">Th\u00e9p kh\u00f4ng g\u1ec9 (SUS 304)<\/span><\/li>\n<\/ul>\n<p><span style=\"font-weight: 400;\">Ti\u00eau chu\u1ea9n s\u1ea3n ph\u1ea9m:<\/span><\/p>\n<ul>\n<li style=\"font-weight: 400;\" aria-level=\"1\"><span style=\"font-weight: 400;\">Th\u00e2n b\u1ed3n: SPI-650<\/span><\/li>\n<li style=\"font-weight: 400;\" aria-level=\"1\"><span style=\"font-weight: 400;\">\u0110\u01b0\u1eddng h\u00e0n: TCVN 6008-1995<\/span><\/li>\n<\/ul>\n<p><span style=\"font-weight: 400;\">\u00c1p su\u1ea5t:<\/span><\/p>\n<ul>\n<li style=\"font-weight: 400;\" aria-level=\"1\"><span style=\"font-weight: 400;\">Thi\u1ebft k\u1ebf: 0.3 KG\/cm2<\/span><\/li>\n<li style=\"font-weight: 400;\" aria-level=\"1\"><span style=\"font-weight: 400;\">Ki\u1ec3m tra: 0.4 KG\/cm2<\/span><\/li>\n<li style=\"font-weight: 400;\" aria-level=\"1\"><span style=\"font-weight: 400;\">L\u00e0m vi\u1ec7c: atm<\/span><\/li>\n<\/ul>\n<h2><b><a href=\"https:\/\/viettank.com.vn\/en\/binh-ap-luc-viettank\/\">B\u00ecnh \u00e1p l\u1ef1c Viettank<\/a> &#8211; Gi\u1ea3i ph\u00e1p ch\u1ed1ng \u0103n m\u00f2n \u01b0u vi\u1ec7t\u00a0<\/b><\/h2>\n<p><span style=\"font-weight: 400;\">Kh\u00f4ng ch\u1ec9 d\u1ec5 d\u00e0ng l\u1eafp \u0111\u1eb7t \u1edf nhi\u1ec1u d\u1ea1ng \u0111\u1ecba h\u00ecnh kh\u00e1c nhau m\u00e0 s\u1ea3n ph\u1ea9m b\u1ed3n c\u1ee7a ch\u00fang t\u00f4i c\u00f2n c\u00f3 nhi\u1ec1u \u01b0u \u0111i\u1ec3m v\u01b0\u1ee3t tr\u1ed9i:<\/span><\/p>\n<ul>\n<li style=\"font-weight: 400;\" aria-level=\"1\"><span style=\"font-weight: 400;\">Kh\u1ea3 n\u0103ng ch\u1ed1ng \u0103n m\u00f2n, ch\u1ed1ng oxy h\u00f3a cao<\/span><\/li>\n<li style=\"font-weight: 400;\" aria-level=\"1\"><span style=\"font-weight: 400;\">Kh\u00f4ng b\u1ecb l\u1eafng c\u1eb7n nh\u01b0 c\u00e1c b\u1ed3n ch\u1ee9a xi m\u0103ng, b\u00ea t\u00f4ng hay c\u00e1c v\u1eadt li\u1ec7u nh\u1ef1a th\u00f4ng th\u01b0\u1eddng<\/span><\/li>\n<li style=\"font-weight: 400;\" aria-level=\"1\"><span style=\"font-weight: 400;\">Kh\u00f4ng x\u1ea3y ra hi\u1ec7n t\u01b0\u1ee3ng r\u00f2 r\u1ec9 h\u00f3a ch\u1ea5t<\/span><\/li>\n<li style=\"font-weight: 400;\" aria-level=\"1\"><span style=\"font-weight: 400;\">C\u00f3 th\u1ec3 \u1ee9ng d\u1ee5ng \u0111\u1ec3 s\u1ea3n xu\u1ea5t c\u00e1c lo\u1ea1i b\u1ed3n ch\u1ee9a kh\u00e1c nh\u01b0: b\u1ed3n ch\u1ee9a d\u1ea7u, b\u1ed3n x\u1eed l\u00fd n\u01b0\u1edbc th\u1ea3i, b\u1ed3n ch\u1ee9a <\/span><span style=\"font-weight: 400;\">c\u00f4<\/span><span style=\"font-weight: 400;\">ng nghi\u1ec7p c\u00e1c lo\u1ea1i\u2026<\/span><\/li>\n<li style=\"font-weight: 400;\" aria-level=\"1\"><span style=\"font-weight: 400;\">\u0110\u1ea3m b\u1ea3o m\u1ef9 quan, th\u00e2n thi\u1ec7n v\u1edbi m\u00f4i tr\u01b0\u1eddng<\/span><\/li>\n<li style=\"font-weight: 400;\" aria-level=\"1\"><span style=\"font-weight: 400;\">\u0110\u1ed9 b\u1ec1n cao, thi\u1ebft k\u1ebf g\u1ecdn g\u00e0ng<\/span><\/li>\n<li style=\"font-weight: 400;\" aria-level=\"1\"><span style=\"font-weight: 400;\">D\u1ec5 d\u00e0ng l\u1eafp \u0111\u1eb7t, thi c\u00f4ng nhanh ch\u00f3ng<\/span><\/li>\n<\/ul>\n<h3><b>Viettank l\u00e0 \u0111\u01a1n v\u1ecb uy t\u00edn<\/b><\/h3>\n<p><span style=\"font-weight: 400;\">Nh\u1edd ch\u1ea5t l\u01b0\u1ee3ng th\u00e0nh ph\u1ea9m, thi c\u00f4ng nhanh ch\u00f3ng, m\u00e1y m\u00f3c thi\u1ebft b\u1ecb hi\u1ec7n \u0111\u1ea1i v\u00e0 quy tr\u00ecnh l\u00e0m vi\u1ec7c chuy\u00ean nghi\u1ec7p, linh ho\u1ea1t, Viettank \u0111\u00e3 tr\u1edf th\u00e0nh m\u1ed9t \u0111\u01a1n v\u1ecb thi c\u00f4ng uy t\u00edn, \u0111\u00e1ng tin c\u1eady \u0111\u01b0\u1ee3c nhi\u1ec1u doanh nghi\u1ec7p l\u1ef1a ch\u1ecdn tin t\u01b0\u1edfng trong c\u00e1c d\u1ef1 \u00e1n quy m\u00f4.<\/span><\/p>\n<h3><b>C\u00e1c s\u1ea3n ph\u1ea9m ch\u00ednh m\u00e0 Viettank cung c\u1ea5p<\/b><\/h3>\n<ul>\n<li style=\"font-weight: 400;\" aria-level=\"1\"><span style=\"font-weight: 400;\">Tank<\/span><\/li>\n<li style=\"font-weight: 400;\" aria-level=\"1\"><span style=\"font-weight: 400;\">Pressure vessels<\/span><\/li>\n<li style=\"font-weight: 400;\" aria-level=\"1\"><span style=\"font-weight: 400;\">B\u1ed3n ch\u1ee9a x\u0103ng d\u1ea7u di \u0111\u1ed9ng<\/span><\/li>\n<li style=\"font-weight: 400;\" aria-level=\"1\"><span style=\"font-weight: 400;\">Xe ch\u1edf x\u0103ng d\u1ea7u &#8211; xe xitech<\/span><\/li>\n<\/ul>\n<p><span style=\"font-weight: 400;\">B\u00ean c\u1ea1nh c\u00e1c s\u1ea3n ph\u1ea9m ch\u00ednh, Viettank c\u00f2n thi c\u00f4ng s\u1ea3n ph\u1ea9m theo y\u00eau c\u1ea7u ri\u00eang c\u1ee7a kh\u00e1ch h\u00e0ng. <\/span><span style=\"font-weight: 400;\">Li\u00ean h\u1ec7 ngay v\u1edbi ch\u00fang t\u00f4i \u0111\u1ec3 \u0111\u01b0\u1ee3c t\u01b0 v\u1ea5n thi c\u00f4ng v\u00e0 nh\u1eadn b\u00e1o gi\u00e1 chi ti\u1ebft!<\/span><\/p>\n<p><b>Hotline: 0944.012.188<\/b><\/p>\n<p><b>Viettank &#8211; Ho\u00e0n thi\u1ec7n tr\u00ean t\u1eebng b\u01b0\u1edbc ti\u1ebfn!<\/b><\/p>\n<p><b>T\u00ecm hi\u1ec3u th\u00eam v\u1ec1 ch\u00fang t\u00f4i<\/b><a href=\"https:\/\/www.facebook.com\/Viettank-Pressure-Storage-Tank-110059634885733\" target=\"_blank\" rel=\"noopener\"> <b>t\u1ea1i \u0111\u00e2y!<\/b><\/a><\/p>\n<p><span style=\"font-weight: 400;\">\u00a0<\/span><\/p>\n<p>&nbsp;<\/p>","protected":false},"excerpt":{"rendered":"<p>B\u00ecnh \u00e1p l\u1ef1c Viettank l\u00e0 thi\u1ebft b\u1ecb quan tr\u1ecdng \u0111\u01b0\u1ee3c s\u1eed d\u1ee5ng ph\u1ed5 bi\u1ebfn t\u1ea1i nhi\u1ec1u lo\u1ea1i h\u00ecnh doanh nghi\u1ec7p kh\u00e1c nhau<\/p>","protected":false},"featured_media":419,"comment_status":"closed","ping_status":"closed","template":"","meta":[],"product_cat":[25],"product_tag":[46,53],"class_list":["post-410","product","type-product","status-publish","has-post-thumbnail","hentry","product_cat-binh-ap-luc","product_tag-binh-ap-luc-viettank","product_tag-binh-ap-luc"],"_links":{"self":[{"href":"https:\/\/viettank.com.vn\/en\/wp-json\/wp\/v2\/product\/410","targetHints":{"allow":["GET"]}}],"collection":[{"href":"https:\/\/viettank.com.vn\/en\/wp-json\/wp\/v2\/product"}],"about":[{"href":"https:\/\/viettank.com.vn\/en\/wp-json\/wp\/v2\/types\/product"}],"replies":[{"embeddable":true,"href":"https:\/\/viettank.com.vn\/en\/wp-json\/wp\/v2\/comments?post=410"}],"wp:featuredmedia":[{"embeddable":true,"href":"https:\/\/viettank.com.vn\/en\/wp-json\/wp\/v2\/media\/419"}],"wp:attachment":[{"href":"https:\/\/viettank.com.vn\/en\/wp-json\/wp\/v2\/media?parent=410"}],"wp:term":[{"taxonomy":"product_cat","embeddable":true,"href":"https:\/\/viettank.com.vn\/en\/wp-json\/wp\/v2\/product_cat?post=410"},{"taxonomy":"product_tag","embeddable":true,"href":"https:\/\/viettank.com.vn\/en\/wp-json\/wp\/v2\/product_tag?post=410"}],"curies":[{"name":"wp","href":"https:\/\/api.w.org\/{rel}","templated":true}]}}