{"id":398,"date":"2022-03-07T16:13:08","date_gmt":"2022-03-07T09:13:08","guid":{"rendered":"https:\/\/viettank.com.vn\/?post_type=product&#038;p=398"},"modified":"2022-03-08T15:28:54","modified_gmt":"2022-03-08T08:28:54","slug":"bon-chua-chat-long-viettank","status":"publish","type":"product","link":"https:\/\/viettank.com.vn\/en\/bon-chua-chat-long-viettank\/","title":{"rendered":"B\u1ed2N CH\u1ee8A CH\u1ea4T L\u1eceNG VIETTANK"},"content":{"rendered":"<h1><b><span style=\"vertical-align: inherit;\"><span style=\"vertical-align: inherit;\">B\u1ed2N CH\u1ee8A CH\u1ea4T L\u1eceNG VIETTANK<\/span><\/span><\/b><span style=\"font-weight: 400;\">\u00a0<\/span><\/h1>\n<p><span style=\"font-weight: 400;\"><span style=\"vertical-align: inherit;\"><span style=\"vertical-align: inherit;\">B\u1ed3n ch\u1ee9a ch\u1ea5t l\u1ecfng, v\u1edbi \u0111\u1eb7c t\u00ednh ch\u1ed1ng th\u1ea5m v\u00e0 ch\u1ed1ng \u0103n m\u00f2n, l\u00e0 s\u1ef1 l\u1ef1a ch\u1ecdn h\u00e0ng \u0111\u1ea7u khi b\u1ea1n c\u1ea7n thi\u1ebft b\u1ecb ch\u1ee9a ch\u1ea5t l\u1ecfng nh\u01b0ng b\u1ecb gi\u1edbi h\u1ea1n v\u1ec1 kh\u00f4ng gian. S\u1ea3n ph\u1ea9m c\u00f3 th\u1ec3 \u0111\u01b0\u1ee3c l\u1eafp \u0111\u1eb7t c\u1ea3 tr\u00ean v\u00e0 d\u01b0\u1edbi m\u1eb7t \u0111\u1ea5t t\u00f9y nhu c\u1ea7u s\u1eed d\u1ee5ng v\u00e0 hi\u1ec7n \u0111ang \u0111\u01b0\u1ee3c \u1ee9ng d\u1ee5ng r\u1ed9ng r\u00e3i trong nhi\u1ec1u ng\u00e0nh ngh\u1ec1 nh\u01b0: luy\u1ec7n kim, c\u00f4ng nghi\u1ec7p h\u00f3a ch\u1ea5t, c\u00f4ng nghi\u1ec7p x\u1eed l\u00fd y t\u1ebf, c\u00f4ng nghi\u1ec7p nh\u1eb9, c\u00f4ng nghi\u1ec7p x\u00e2y d\u1ef1ng, c\u00f4ng nghi\u1ec7p d\u1ec7t may, x\u1eed l\u00fd n\u01b0\u1edbc th\u1ea3i m\u1ea1 \u0111i\u1ec7n\u2026<\/span><\/span><\/span><\/p>\n<p><span style=\"font-weight: 400;\"><span style=\"vertical-align: inherit;\"><span style=\"vertical-align: inherit;\">Nh\u1edd \u0111\u00e1p \u1ee9ng \u0111\u1ea7y \u0111\u1ee7 c\u00e1c ti\u00eau ch\u00ed nh\u01b0: chi ph\u00ed ph\u00f9 h\u1ee3p, thi c\u00f4ng nhanh ch\u00f3ng, ch\u1ed1ng th\u1ea5m, ch\u1ed1ng \u0103n m\u00f2n \u01b0u vi\u1ec7t v\u00e0 t\u1ed1i \u01b0u di\u1ec7n t\u00edch, <\/span><\/span><\/span><a href=\"https:\/\/viettank.com.vn\/en\/bon-chua-chat-long-viettank\/\"><span style=\"font-weight: 400;\"><span style=\"vertical-align: inherit;\"><span style=\"vertical-align: inherit;\">b\u1ed3n ch\u1ee9a ch\u1ea5t l\u1ecfng VIETTANK<\/span><\/span><\/span><\/a><span style=\"font-weight: 400;\"><span style=\"vertical-align: inherit;\"><span style=\"vertical-align: inherit;\"> lu\u00f4n l\u00e0 l\u1ef1a ch\u1ecdn h\u00e0ng \u0111\u1ea7u c\u1ee7a c\u00e1c d\u1ef1 \u00e1n quy m\u00f4 t\u1eeb nh\u1ecf \u0111\u1ebfn l\u1edbn tr\u00ean to\u00e0n qu\u1ed1c.<\/span><\/span><\/span><\/p>\n<p><img loading=\"lazy\" decoding=\"async\" class=\"size-medium wp-image-401 aligncenter\" src=\"https:\/\/viettank.com.vn\/wp-content\/uploads\/2022\/03\/bon-chua-chat-long-Viettank_opt-1-203x152.jpg\" alt=\"b\u1ed3n ch\u1ee9a ch\u1ea5t l\u1ecfng Viettank\" width=\"203\" height=\"152\" srcset=\"https:\/\/viettank.com.vn\/wp-content\/uploads\/2022\/03\/bon-chua-chat-long-Viettank_opt-1-203x152.jpg 203w, https:\/\/viettank.com.vn\/wp-content\/uploads\/2022\/03\/bon-chua-chat-long-Viettank_opt-1-16x12.jpg 16w, https:\/\/viettank.com.vn\/wp-content\/uploads\/2022\/03\/bon-chua-chat-long-Viettank_opt-1.jpg 400w\" sizes=\"auto, (max-width: 203px) 100vw, 203px\" \/><\/p>\n<h2><b><span style=\"vertical-align: inherit;\"><span style=\"vertical-align: inherit;\">C\u1ea5u t\u1ea1o b\u1ed3n ch\u1ee9a ch\u1ea5t l\u1ecfng Viettank<\/span><\/span><\/b><\/h2>\n<p><span style=\"font-weight: 400;\"><span style=\"vertical-align: inherit;\"><span style=\"vertical-align: inherit;\">\u0110\u01b0\u1ee3c s\u1ea3n xu\u1ea5t t\u1eeb th\u00e9p kh\u00f4ng g\u1ec9 ch\u1ed1ng th\u1ea5m, ch\u1ed1ng \u0103n m\u00f2n c\u00f9ng l\u1edbp c\u1ea5u tr\u00fac \u0111\u01b0\u1ee3c gia c\u1ed1 \u0111an xen c\u00e1c m\u1ed1i n\u1ed1i th\u00e9p h\u00e0n ch\u1eafc ch\u1eafn, nh\u1edd \u0111\u00f3 s\u1ea3n ph\u1ea9m c\u00f3 kh\u1ea3 n\u0103ng l\u01b0u tr\u1eef ch\u1ea5t l\u1ecfng trong th\u1eddi gian d\u00e0i m\u00e0 kh\u00f4ng h\u1ec1 x\u1ea3y ra t\u00ecnh tr\u1ea1ng th\u1ea5m, gi\u1ed9t ra b\u00ean ngo\u00e0i.\u00a0<\/span><\/span><\/span><\/p>\n<p><span style=\"font-weight: 400;\"><span style=\"vertical-align: inherit;\"><span style=\"vertical-align: inherit;\">S\u1ea3n ph\u1ea9m \u0111\u01b0\u1ee3c trang b\u1ecb gi\u00e1 \u0111\u1ee1 y\u00ean ch\u1eafc ch\u1eafn c\u00f9ng v\u00f2i c\u1ea5p tr\u1ea3 cho b\u1ed3n. T\u00f9y theo nhu c\u1ea7u kh\u00e1ch h\u00e0ng m\u00e0 ch\u00fang t\u00f4i c\u00f3 th\u1ec3 cung c\u1ea5p th\u00eam m\u1ed9t s\u1ed1 ph\u1ee5 ki\u1ec7n \u0111i k\u00e8m c\u1ea7n thi\u1ebft. Trong qu\u00e1 tr\u00ecnh thi\u1ebft k\u1ebf, ch\u00fang t\u00f4i \u0111\u00e3 t\u1ed1i \u01b0u t\u00ednh to\u00e1n sao cho \u0111\u1ea3m b\u1ea3o c\u00e1c ti\u00eau ch\u00ed v\u1ec1 t\u00ednh an to\u00e0n, th\u1ea9m m\u1ef9, \u0111\u1ed9 ti\u1ec7n s\u1eed d\u1ee5ng v\u1ec1 l\u00e2u d\u00e0i, h\u1ea1n ch\u1ebf b\u1ea3o tr\u00ec.<\/span><\/span><\/span><\/p>\n<p><span style=\"font-weight: 400;\"><span style=\"vertical-align: inherit;\"><span style=\"vertical-align: inherit;\">Th\u00f4ng s\u1ed1 chi ti\u1ebft c\u1ee7a b\u1ed3n ch\u1ee9a ch\u1ea5t l\u1ecfng Viettank:<\/span><\/span><\/span><\/p>\n<p><span style=\"font-weight: 400;\"><span style=\"vertical-align: inherit;\"><span style=\"vertical-align: inherit;\">V\u1eadt li\u1ec7u:<\/span><\/span><\/span><\/p>\n<ul>\n<li style=\"font-weight: 400;\" aria-level=\"1\"><span style=\"font-weight: 400;\"><span style=\"vertical-align: inherit;\"><span style=\"vertical-align: inherit;\">Th\u00e9p t\u1ea5m CT3 (SS400)<\/span><\/span><\/span><\/li>\n<li style=\"font-weight: 400;\" aria-level=\"1\"><span style=\"font-weight: 400;\"><span style=\"vertical-align: inherit;\"><span style=\"vertical-align: inherit;\">Th\u00e9p kh\u00f4ng g\u1ec9 (SUS 304)<\/span><\/span><\/span><\/li>\n<\/ul>\n<p><span style=\"font-weight: 400;\"><span style=\"vertical-align: inherit;\"><span style=\"vertical-align: inherit;\">Ti\u00eau chu\u1ea9n s\u1ea3n ph\u1ea9m:<\/span><\/span><\/span><\/p>\n<ul>\n<li style=\"font-weight: 400;\" aria-level=\"1\"><span style=\"font-weight: 400;\"><span style=\"vertical-align: inherit;\"><span style=\"vertical-align: inherit;\">Th\u00e2n b\u1ed3n: SPI-650<\/span><\/span><\/span><\/li>\n<li style=\"font-weight: 400;\" aria-level=\"1\"><span style=\"font-weight: 400;\"><span style=\"vertical-align: inherit;\"><span style=\"vertical-align: inherit;\">\u0110\u01b0\u1eddng h\u00e0n: TCVN 6008-1995<\/span><\/span><\/span><\/li>\n<\/ul>\n<p><span style=\"font-weight: 400;\"><span style=\"vertical-align: inherit;\"><span style=\"vertical-align: inherit;\">\u00c1p su\u1ea5t:<\/span><\/span><\/span><\/p>\n<ul>\n<li style=\"font-weight: 400;\" aria-level=\"1\"><span style=\"font-weight: 400;\"><span style=\"vertical-align: inherit;\"><span style=\"vertical-align: inherit;\">Thi\u1ebft k\u1ebf: 0.3 KG\/cm2<\/span><\/span><\/span><\/li>\n<li style=\"font-weight: 400;\" aria-level=\"1\"><span style=\"font-weight: 400;\"><span style=\"vertical-align: inherit;\"><span style=\"vertical-align: inherit;\">Ki\u1ec3m tra: 0.4 KG\/cm2<\/span><\/span><\/span><\/li>\n<li style=\"font-weight: 400;\" aria-level=\"1\"><span style=\"font-weight: 400;\"><span style=\"vertical-align: inherit;\"><span style=\"vertical-align: inherit;\">L\u00e0m vi\u1ec7c: atm<\/span><\/span><\/span><\/li>\n<\/ul>\n<p><span style=\"font-weight: 400;\"><span style=\"vertical-align: inherit;\"><span style=\"vertical-align: inherit;\">T\u00f9y theo quy m\u00f4 v\u00e0 t\u00ecnh h\u00ecnh th\u1ef1c t\u1ebf c\u1ee7a d\u1ef1 \u00e1n m\u00e0 ch\u00fang t\u00f4i s\u1ebd \u0111\u01b0a ra t\u01b0 v\u1ea5n v\u00e0 thi\u1ebft k\u1ebf \u0111\u1eb7c \u0111i\u1ec3m b\u1ed3n sao cho ph\u00f9 h\u1ee3p nh\u1ea5t v\u1edbi t\u1eebng tr\u01b0\u1eddng h\u1ee3p kh\u00e1ch h\u00e0ng!<\/span><\/span><\/span><\/p>\n<h2><b><span style=\"vertical-align: inherit;\"><span style=\"vertical-align: inherit;\">\u01afu \u0111i\u1ec3m b\u1ed3n ch\u1ee9a ch\u1ea5t l\u1ecfng Viettank<\/span><\/span><\/b><\/h2>\n<p><span style=\"font-weight: 400;\"><span style=\"vertical-align: inherit;\"><span style=\"vertical-align: inherit;\">Kh\u00f4ng ch\u1ec9 d\u1ec5 d\u00e0ng l\u1eafp \u0111\u1eb7t \u1edf nhi\u1ec1u d\u1ea1ng \u0111\u1ecba h\u00ecnh kh\u00e1c nhau m\u00e0 s\u1ea3n ph\u1ea9m b\u1ed3n ch\u1ee9a ch\u1ea5t l\u1ecfng c\u1ee7a ch\u00fang t\u00f4i c\u00f2n c\u00f3 nhi\u1ec1u \u01b0u \u0111i\u1ec3m v\u01b0\u1ee3t tr\u1ed9i:<\/span><\/span><\/span><\/p>\n<ul>\n<li style=\"font-weight: 400;\" aria-level=\"1\"><span style=\"font-weight: 400;\"><span style=\"vertical-align: inherit;\"><span style=\"vertical-align: inherit;\">Kh\u1ea3 n\u0103ng ch\u1ed1ng th\u1ea5m, ch\u1ed1ng \u0103n m\u00f2n c\u00f9ng \u0111\u1ed9 b\u1ec1n cao, c\u00e1ch nhi\u1ec7t t\u1ed1t<\/span><\/span><\/span><\/li>\n<li style=\"font-weight: 400;\" aria-level=\"1\"><span style=\"font-weight: 400;\"><span style=\"vertical-align: inherit;\"><span style=\"vertical-align: inherit;\">Tu\u1ed5i th\u1ecd cao, chi ph\u00ed b\u1ea3o tr\u00ec th\u1ea5p, d\u1ec5 lau ch\u00f9i, v\u1ec7 sinh<\/span><\/span><\/span><\/li>\n<li style=\"font-weight: 400;\" aria-level=\"1\"><span style=\"font-weight: 400;\"><span style=\"vertical-align: inherit;\"><span style=\"vertical-align: inherit;\">Ph\u1ea1m vi \u1ee9ng d\u1ee5ng r\u1ed9ng r\u00e3i trong nhi\u1ec1u ng\u00e0nh ngh\u1ec1, l\u0129nh v\u1ef1c kh\u00e1c nhau<\/span><\/span><\/span><\/li>\n<li style=\"font-weight: 400;\" aria-level=\"1\"><span style=\"font-weight: 400;\"><span style=\"vertical-align: inherit;\"><span style=\"vertical-align: inherit;\">Tr\u1ecdng l\u01b0\u1ee3ng nh\u1eb9<\/span><\/span><\/span><\/li>\n<\/ul>\n<ul>\n<li style=\"font-weight: 400;\" aria-level=\"1\"><span style=\"font-weight: 400;\"><span style=\"vertical-align: inherit;\"><span style=\"vertical-align: inherit;\">\u0110\u1ea3m b\u1ea3o m\u1ef9 quan, th\u00e2n thi\u1ec7n v\u1edbi m\u00f4i tr\u01b0\u1eddng.<\/span><\/span><\/span><\/li>\n<li style=\"font-weight: 400;\" aria-level=\"1\"><span style=\"font-weight: 400;\"><span style=\"vertical-align: inherit;\"><span style=\"vertical-align: inherit;\">Linh \u0111\u1ed9ng trong kh\u00e2u l\u1eafp \u0111\u1eb7t v\u00e0 thi c\u00f4ng\u00a0<\/span><\/span><\/span><\/li>\n<\/ul>\n<p><span style=\"font-weight: 400;\"><span style=\"vertical-align: inherit;\"><span style=\"vertical-align: inherit;\">V\u1edbi b\u1ed3n ch\u1ee9a ch\u1ea5t l\u1ecfng Viettank, b\u1ea1n c\u00f3 th\u1ec3 l\u1eafp \u0111\u1eb7t thi\u1ebft b\u1ecb ch\u1ee9a khi b\u1ecb ch\u1ebf v\u1ec1 kh\u00f4ng gian. Ch\u00fang t\u00f4i \u1edf \u0111\u00e2y \u0111\u1ec3 gi\u00fap b\u1ea1n!<\/span><\/span><\/span><\/p>\n<p><span style=\"font-weight: 400;\"><span style=\"vertical-align: inherit;\"><span style=\"vertical-align: inherit;\">Li\u00ean h\u1ec7 v\u1edbi ch\u00fang t\u00f4i \u0111\u1ec3 \u0111\u01b0\u1ee3c t\u01b0 v\u1ea5n thi c\u00f4ng v\u00e0 nh\u1eadn b\u00e1o gi\u00e1 chi ti\u1ebft!<\/span><\/span><\/span><\/p>\n<p><span style=\"font-weight: 400;\"><span style=\"vertical-align: inherit;\"><span style=\"vertical-align: inherit;\">Hotline: 0944.012.188<\/span><\/span><\/span><\/p>\n<p><span style=\"font-weight: 400;\"><span style=\"vertical-align: inherit;\"><span style=\"vertical-align: inherit;\">Viettank &#8211; Ho\u00e0n thi\u1ec7n tr\u00ean t\u1eebng b\u01b0\u1edbc ti\u1ebfn!<\/span><\/span><\/span><\/p>\n<p><span style=\"font-weight: 400;\"><span style=\"vertical-align: inherit;\"><span style=\"vertical-align: inherit;\">T\u00ecm hi\u1ec3u th\u00eam v\u1ec1 ch\u00fang t\u00f4i<\/span><\/span><\/span><span style=\"vertical-align: inherit;\"><a href=\"https:\/\/www.facebook.com\/Viettank-Pressure-Storage-Tank-110059634885733\" target=\"_blank\" rel=\"noopener\"><span style=\"font-weight: 400;\"><span style=\"vertical-align: inherit;\">t\u1ea1i \u0111\u00e2y!<\/span><\/span><\/a><\/span><\/p>\n<p>&nbsp;<\/p>\n<p>&nbsp;<\/p>","protected":false},"excerpt":{"rendered":"<p>B\u1ed2N CH\u1ee8A CH\u1ea4T L\u1eceNG VIETTANK\u00a0 B\u1ed3n ch\u1ee9a ch\u1ea5t l\u1ecfng, v\u1edbi \u0111\u1eb7c t\u00ednh ch\u1ed1ng th\u1ea5m v\u00e0 ch\u1ed1ng \u0103n m\u00f2n, l\u00e0 s\u1ef1 l\u1ef1a ch\u1ecdn h\u00e0ng \u0111\u1ea7u khi b\u1ea1n c\u1ea7n thi\u1ebft b\u1ecb ch\u1ee9a ch\u1ea5t l\u1ecfng nh\u01b0ng b\u1ecb gi\u1edbi h\u1ea1n v\u1ec1 kh\u00f4ng gian. S\u1ea3n ph\u1ea9m c\u00f3 th\u1ec3 \u0111\u01b0\u1ee3c l\u1eafp \u0111\u1eb7t c\u1ea3 tr\u00ean v\u00e0 d\u01b0\u1edbi m\u1eb7t \u0111\u1ea5t t\u00f9y nhu c\u1ea7u&#8230;<\/p>","protected":false},"featured_media":401,"comment_status":"closed","ping_status":"closed","template":"","meta":[],"product_cat":[16,24],"product_tag":[42,41],"class_list":["post-398","product","type-product","status-publish","has-post-thumbnail","hentry","product_cat-bon-chua-cong-nghiep","product_cat-bon-chua-chat-long","product_tag-bon-chua-chat-long","product_tag-bon-chua-chat-long-viettank"],"_links":{"self":[{"href":"https:\/\/viettank.com.vn\/en\/wp-json\/wp\/v2\/product\/398","targetHints":{"allow":["GET"]}}],"collection":[{"href":"https:\/\/viettank.com.vn\/en\/wp-json\/wp\/v2\/product"}],"about":[{"href":"https:\/\/viettank.com.vn\/en\/wp-json\/wp\/v2\/types\/product"}],"replies":[{"embeddable":true,"href":"https:\/\/viettank.com.vn\/en\/wp-json\/wp\/v2\/comments?post=398"}],"wp:featuredmedia":[{"embeddable":true,"href":"https:\/\/viettank.com.vn\/en\/wp-json\/wp\/v2\/media\/401"}],"wp:attachment":[{"href":"https:\/\/viettank.com.vn\/en\/wp-json\/wp\/v2\/media?parent=398"}],"wp:term":[{"taxonomy":"product_cat","embeddable":true,"href":"https:\/\/viettank.com.vn\/en\/wp-json\/wp\/v2\/product_cat?post=398"},{"taxonomy":"product_tag","embeddable":true,"href":"https:\/\/viettank.com.vn\/en\/wp-json\/wp\/v2\/product_tag?post=398"}],"curies":[{"name":"wp","href":"https:\/\/api.w.org\/{rel}","templated":true}]}}