{"id":393,"date":"2022-03-07T16:04:51","date_gmt":"2022-03-07T09:04:51","guid":{"rendered":"https:\/\/viettank.com.vn\/?post_type=product&#038;p=393"},"modified":"2022-12-23T14:18:34","modified_gmt":"2022-12-23T07:18:34","slug":"bon-dau-may-phat-dien-viettank","status":"publish","type":"product","link":"https:\/\/viettank.com.vn\/en\/bon-dau-may-phat-dien-viettank\/","title":{"rendered":"B\u1ed2N D\u1ea6U M\u00c1Y PH\u00c1T \u0110I\u1ec6N VIETTANK"},"content":{"rendered":"<h1><b>B\u1ed2N D\u1ea6U M\u00c1Y PH\u00c1T \u0110I\u1ec6N VIETTANK<\/b><span style=\"font-weight: 400;\">\u00a0<\/span><\/h1>\n<p><a href=\"https:\/\/viettank.com.vn\/en\/bon-dau-may-phat-dien-viettank\/\"><span style=\"font-weight: 400;\">B\u1ed3n d\u1ea7u m\u00e1y ph\u00e1t \u0111i\u1ec7n Viettank<\/span><\/a><span style=\"font-weight: 400;\"> v\u1edbi thi\u1ebft k\u1ebf hi\u1ec7n \u0111\u1ea1i, \u0111\u1ed9 b\u1ec1n cao, d\u1ec5 d\u00e0ng l\u1eafp \u0111\u1eb7t v\u00e0 thi c\u00f4ng t\u1ea1i nhi\u1ec1u d\u1ea1ng \u0111\u1ecba h\u00ecnh kh\u00e1c nhau v\u1edbi chi ph\u00ed h\u1ee3p l\u00fd, ch\u00fang t\u00f4i t\u1ef1 h\u00e0o l\u00e0 \u0111\u1ed1i t\u00e1c tin c\u1eady c\u1ee7a h\u00e0ng lo\u1ea1t c\u00e1c d\u1ef1 \u00e1n, c\u00f4ng tr\u00ecnh l\u1edbn tr\u00ean c\u1ea3 n\u01b0\u1edbc.<\/span><\/p>\n<p><span style=\"font-weight: 400;\">S\u1ea3n ph\u1ea9m kh\u00f4ng ch\u1ec9 \u0111\u00e1p \u1ee9ng ti\u00eau chu\u1ea9n v\u1ec1 ch\u1ea5t l\u01b0\u1ee3ng m\u00e0 c\u00f2n n\u1ed5i b\u1eadt v\u1ec1 th\u1ea9m m\u1ef9 so v\u1edbi c\u00e1c s\u1ea3n ph\u1ea9m b\u1ed3n ch\u1ee9a th\u00f4ng th\u01b0\u1eddng. B\u1ed3n d\u1ea7u m\u00e1y ph\u00e1t \u0111i\u1ec7n c\u00f3 nhi\u1ec1u ki\u1ec3u d\u00e1ng, m\u1eabu m\u00e3 kh\u00e1c nhau t\u00f9y theo nhu c\u1ea7u s\u1eed d\u1ee5ng (b\u1ed3n ngang tr\u00f2n, b\u1ed3n \u0111\u1ee9ng h\u00ecnh h\u1ed9p\u2026)<\/span><\/p>\n<figure id=\"attachment_673\" aria-describedby=\"caption-attachment-673\" style=\"width: 600px\" class=\"wp-caption aligncenter\"><img loading=\"lazy\" decoding=\"async\" class=\"wp-image-673\" src=\"https:\/\/viettank.com.vn\/wp-content\/uploads\/2022\/03\/bon-dau-may-phat-dien.jpg\" alt=\"B\u1ed2N D\u1ea6U M\u00c1Y PH\u00c1T \u0110I\u1ec6N VIETTANK\" width=\"600\" height=\"365\" srcset=\"https:\/\/viettank.com.vn\/wp-content\/uploads\/2022\/03\/bon-dau-may-phat-dien.jpg 1267w, https:\/\/viettank.com.vn\/wp-content\/uploads\/2022\/03\/bon-dau-may-phat-dien-203x124.jpg 203w, https:\/\/viettank.com.vn\/wp-content\/uploads\/2022\/03\/bon-dau-may-phat-dien-416x253.jpg 416w, https:\/\/viettank.com.vn\/wp-content\/uploads\/2022\/03\/bon-dau-may-phat-dien-16x10.jpg 16w\" sizes=\"auto, (max-width: 600px) 100vw, 600px\" \/><figcaption id=\"caption-attachment-673\" class=\"wp-caption-text\">B\u1ed3n d\u1ea7u m\u00e1y ph\u00e1t \u0111i\u1ec7n s\u1ea3n xu\u1ea5t t\u1ea1i Viettank<\/figcaption><\/figure>\n<h2><b>C\u1ea5u t\u1ea1o b\u1ed3n d\u1ea7u m\u00e1y ph\u00e1t \u0111i\u1ec7n Viettank<\/b><\/h2>\n<p><span style=\"font-weight: 400;\">\u0110\u01b0\u1ee3c s\u1ea3n xu\u1ea5t t\u1eeb th\u00e9p kh\u00f4ng g\u1ec9, c\u00f3 \u0111\u1ed9 d\u00e0y theo ti\u00eau chu\u1ea9n v\u00e0 l\u1edbp s\u01a1n ho\u00e0n thi\u1ec7n, nh\u1edd \u0111\u00f3 b\u1ec1 m\u1eb7t b\u1ed3n c\u00f3 kh\u1ea3 n\u0103ng ch\u1ed1ng \u0103n m\u00f2n, ch\u1ed1ng oxy h\u00f3a cao, ch\u1ecbu nhi\u1ec7t cao v\u00e0 \u00edt x\u1ea3y ra c\u00e1c ph\u1ea3n \u1ee9ng h\u00f3a h\u1ecdc, <\/span><span style=\"font-weight: 400;\">tu\u1ed5i th\u1ecd v\u00e0 \u0111\u1ed9 b\u1ec1n c\u1ee7a b\u1ed3n c\u0169ng t\u1eeb \u0111\u00f3 m\u00e0 \u0111\u01b0\u1ee3c n\u00e2ng cao. C\u00e1c ph\u1ee5 ki\u1ec7n c\u1ee7a b\u1ed3n \u0111\u01b0\u1ee3c thi\u1ebft k\u1ebf d\u1ef1a tr\u00ean ti\u00eau chu\u1ea9n nghi\u00eam ng\u1eb7t, tinh x\u1ea3o \u0111\u1ebfn t\u1eebng chi ti\u1ebft.\u00a0<\/span><\/p>\n<p><span style=\"font-weight: 400;\">H<\/span><span style=\"font-weight: 400;\">\u1ec7 th\u1ed1ng c\u1ea5p nhi\u00ean li\u1ec7u cho m\u00e1y ph\u00e1t \u0111i\u1ec7n c\u00f4ng nghi\u1ec7p th\u01b0\u1eddng bao g\u1ed3m c\u00e1c ph\u1ea7n: Th\u00f9ng d\u1ea7u t\u1ed5ng, th\u00f9ng d\u1ea7u ng\u00e0y, t\u1ee7 nh\u1eadp d\u1ea7u, t\u1ee7 \u0111i\u1ec1u khi\u1ec3n h\u1ec7 th\u1ed1ng b\u01a1m d\u1ea7u, b\u01a1m d\u1ea7u, h\u1ec7 th\u1ed1ng \u0111\u01b0\u1eddng \u1ed1ng v\u00e0 c\u00e1c b\u1ed9 ph\u1eadn kh\u00e1c. Nhi\u1ec7m v\u1ee5 c\u1ee7a h\u1ec7 th\u1ed1ng l\u00e0 cung c\u1ea5p v\u00e0 duy tr\u00ec nhi\u00ean li\u1ec7u v\u00e0o \u0111\u1ed9ng c\u01a1 cho m\u00e1y ph\u00e1t \u0111i\u1ec7n s\u1eb5n s\u00e0ng ho\u1ea1t \u0111\u1ed9ng.<\/span><\/p>\n<p><span style=\"font-weight: 400;\">T\u1ea1i Viettank, ch\u00fang t\u00f4i cung c\u1ea5p v\u00e0 h\u1ed7 tr\u1ee3 l\u1eafp \u0111\u1eb7t tr\u1ecdn b\u1ed9 h\u1ec7 th\u1ed1ng, bao g\u1ed3m m\u1ed9t s\u1ed1 ph\u1ee5 ki\u1ec7n \u0111i k\u00e8m nh\u01b0: \u1ed1ng th\u0103m d\u1ea7u, b\u1ed9 \u1ed1ng xu\u1ea5t nh\u1eadp ch\u1edd\u2026 hay h\u1ec7 th\u1ed1ng c\u1ea5p d\u1ea7u (<\/span><span style=\"font-weight: 400;\">\u1ed1ng c\u1ea5p d\u1ea7u t\u1eeb b\u1ed3n d\u1ea7u t\u1edbi m\u00e1y ph\u00e1t \u0111i\u1ec7n, t\u1ee7 ti\u1ebfp d\u1ea7u, \u0111\u1ed3ng h\u1ed3 hi\u1ec3n th\u1ecb m\u1ee9c d\u1ea7u, c\u1ee5m b\u01a1m d\u1ea7u, t\u1ee7 \u0111i\u1ec1u khi\u1ec3n c\u1ee5m b\u01a1m&#8230; )<\/span><\/p>\n<p><span style=\"font-weight: 400;\">Th\u00f4ng s\u1ed1 chi ti\u1ebft c\u1ee7a b\u1ed3n d\u1ea7u m\u00e1y ph\u00e1t \u0111i\u1ec7n Viettank:<\/span><\/p>\n<p><span style=\"font-weight: 400;\">V\u1eadt li\u1ec7u:<\/span><\/p>\n<ul>\n<li style=\"font-weight: 400;\" aria-level=\"1\"><span style=\"font-weight: 400;\">Th\u00e9p t\u1ea5m CT3 (SS400)<\/span><\/li>\n<li style=\"font-weight: 400;\" aria-level=\"1\"><span style=\"font-weight: 400;\">Th\u00e9p kh\u00f4ng g\u1ec9 (SUS 304)<\/span><\/li>\n<\/ul>\n<p><span style=\"font-weight: 400;\">Ti\u00eau chu\u1ea9n s\u1ea3n ph\u1ea9m:<\/span><\/p>\n<ul>\n<li style=\"font-weight: 400;\" aria-level=\"1\"><span style=\"font-weight: 400;\">Th\u00e2n b\u1ed3n: SPI-650<\/span><\/li>\n<li style=\"font-weight: 400;\" aria-level=\"1\"><span style=\"font-weight: 400;\">\u0110\u01b0\u1eddng h\u00e0n: TCVN 6008-1995<\/span><\/li>\n<\/ul>\n<p><span style=\"font-weight: 400;\">\u00c1p su\u1ea5t:<\/span><\/p>\n<ul>\n<li style=\"font-weight: 400;\" aria-level=\"1\"><span style=\"font-weight: 400;\">Thi\u1ebft k\u1ebf: 0.3 KG\/cm2<\/span><\/li>\n<li style=\"font-weight: 400;\" aria-level=\"1\"><span style=\"font-weight: 400;\">Ki\u1ec3m tra: 0.4 KG\/cm2<\/span><\/li>\n<li style=\"font-weight: 400;\" aria-level=\"1\"><span style=\"font-weight: 400;\">L\u00e0m vi\u1ec7c: atm<\/span><\/li>\n<\/ul>\n<p><span style=\"font-weight: 400;\">T\u00f9y theo quy m\u00f4 v\u00e0 t\u00ecnh h\u00ecnh th\u1ef1c t\u1ebf c\u1ee7a d\u1ef1 \u00e1n m\u00e0 ch\u00fang t\u00f4i s\u1ebd \u0111\u01b0a ra t\u01b0 v\u1ea5n v\u00e0 thi\u1ebft k\u1ebf \u0111\u1eb7c \u0111i\u1ec3m b\u1ed3n sao cho ph\u00f9 h\u1ee3p nh\u1ea5t v\u1edbi t\u1eebng tr\u01b0\u1eddng h\u1ee3p kh\u00e1ch h\u00e0ng!<\/span><\/p>\n<h2><b>\u01afu \u0111i\u1ec3m b\u1ed3n d\u1ea7u m\u00e1y ph\u00e1t \u0111i\u1ec7n Viettank\u00a0<\/b><\/h2>\n<p><span style=\"font-weight: 400;\">Kh\u00f4ng ch\u1ec9 d\u1ec5 d\u00e0ng l\u1eafp \u0111\u1eb7t \u1edf nhi\u1ec1u d\u1ea1ng \u0111\u1ecba h\u00ecnh kh\u00e1c nhau m\u00e0 s\u1ea3n ph\u1ea9m b\u1ed3n d\u1ea7u m\u00e1y ph\u00e1t \u0111i\u1ec7n c\u1ee7a ch\u00fang t\u00f4i c\u00f2n c\u00f3 nhi\u1ec1u \u01b0u \u0111i\u1ec3m v\u01b0\u1ee3t tr\u1ed9i:<\/span><\/p>\n<ul>\n<li style=\"font-weight: 400;\" aria-level=\"1\"><span style=\"font-weight: 400;\">Kh\u1ea3 n\u0103ng ch\u1ed1ng \u0103n m\u00f2n, ch\u1ed1ng oxy h\u00f3a cao<\/span><\/li>\n<li style=\"font-weight: 400;\" aria-level=\"1\"><span style=\"font-weight: 400;\">Kh\u00f4ng b\u1ecb l\u1eafng c\u1eb7n nh\u01b0 c\u00e1c b\u1ed3n ch\u1ee9a xi m\u0103ng, b\u00ea t\u00f4ng hay c\u00e1c v\u1eadt li\u1ec7u nh\u1ef1a th\u00f4ng th\u01b0\u1eddng.<\/span><\/li>\n<li style=\"font-weight: 400;\" aria-level=\"1\"><span style=\"font-weight: 400;\">Thi\u1ebft k\u1ebf hi\u1ec7n \u0111\u1ea1i, nh\u1ecf g\u1ecdn, v\u1eeba \u0111\u00e1p \u1ee9ng t\u00ednh th\u1ea9m m\u1ef9 m\u00e0 v\u1eabn gi\u1eef \u0111\u01b0\u1ee3c dung t\u00edch b\u1ed3n \u0111\u1ee7 l\u1edbn \u0111\u1ec3 ch\u1ee9a d\u1ea7u ch\u1ea1y trong th\u1eddi gian d\u00e0i<\/span><\/li>\n<\/ul>\n<ul>\n<li style=\"font-weight: 400;\" aria-level=\"1\"><span style=\"font-weight: 400;\">D\u1ec5 d\u00e0ng l\u1eafp \u0111\u1eb7t, thi c\u00f4ng nhanh ch\u00f3ng<\/span><\/li>\n<\/ul>\n<p><span style=\"font-weight: 400;\">Vi\u1ec7c l\u1eafp \u0111\u1eb7t b\u1ed3n d\u1ea7u m\u00e1y ph\u00e1t \u0111i\u1ec7n trong b\u1ed1i c\u1ea3nh c\u00f4ng nghi\u1ec7p h\u00f3a hi\u1ec7n nay l\u00e0 \u0111i\u1ec1u r\u1ea5t c\u1ea7n thi\u1ebft. Kh\u00f4ng ch\u1ec9 \u0111\u1ea3m b\u1ea3o s\u1ef1 ch\u1ee7 \u0111\u1ed9ng cho doanh nghi\u1ec7p tr\u01b0\u1edbc c\u00e1c r\u1ee7i ro kh\u00e1ch quan nh\u01b0: m\u1ea5t \u0111i\u1ec7n, thi\u00ean tai, ch\u1eadp ch\u00e1y b\u1ea5t ng\u1edd m\u00e0 c\u00f2n gi\u00fap tr\u00e1nh \u0111\u01b0\u1ee3c nh\u1eefng t\u1ed5n th\u1ea5t kinh t\u1ebf kh\u00f4ng c\u1ea7n thi\u1ebft. \u0110\u1ea7u t\u01b0 ngay t\u1eeb ban \u0111\u1ea7u \u0111\u1ec3 \u0111\u1ea3m b\u1ea3o kinh doanh b\u1ec1n v\u1eefng v\u1ec1 l\u00e2u, v\u1ec1 d\u00e0i!<\/span><\/p>\n<p><span style=\"font-weight: 400;\">Li\u00ean h\u1ec7 v\u1edbi ch\u00fang t\u00f4i \u0111\u1ec3 \u0111\u01b0\u1ee3c t\u01b0 v\u1ea5n thi c\u00f4ng v\u00e0 nh\u1eadn b\u00e1o gi\u00e1 chi ti\u1ebft!<\/span><\/p>\n<p><span style=\"font-weight: 400;\">Hotline: 0944.012.188<\/span><\/p>\n<p><span style=\"font-weight: 400;\">Viettank &#8211; Ho\u00e0n thi\u1ec7n tr\u00ean t\u1eebng b\u01b0\u1edbc ti\u1ebfn!<\/span><\/p>\n<p><span style=\"font-weight: 400;\">T\u00ecm hi\u1ec3u th\u00eam v\u1ec1 ch\u00fang t\u00f4i<\/span><a href=\"https:\/\/www.facebook.com\/Viettank-Pressure-Storage-Tank-110059634885733\" target=\"_blank\" rel=\"noopener\"> <span style=\"font-weight: 400;\">t\u1ea1i \u0111\u00e2y!<\/span><\/a><\/p>\n<p>&nbsp;<\/p>\n<p>&nbsp;<\/p>","protected":false},"excerpt":{"rendered":"<p><a href=\"https:\/\/viettank.com.vn\/en\/bon-dau-may-phat-dien-viettank\/\"><span style=\"font-weight: 400;\">B\u1ed3n d\u1ea7u m\u00e1y ph\u00e1t \u0111i\u1ec7n Viettank<\/span><\/a><span style=\"font-weight: 400;\"> v\u1edbi thi\u1ebft k\u1ebf hi\u1ec7n \u0111\u1ea1i, \u0111\u1ed9 b\u1ec1n cao, d\u1ec5 d\u00e0ng l\u1eafp \u0111\u1eb7t v\u00e0 thi c\u00f4ng t\u1ea1i nhi\u1ec1u d\u1ea1ng \u0111\u1ecba h\u00ecnh kh\u00e1c nhau v\u1edbi chi ph\u00ed h\u1ee3p l\u00fd, ch\u00fang t\u00f4i t\u1ef1 h\u00e0o l\u00e0 \u0111\u1ed1i t\u00e1c tin c\u1eady c\u1ee7a h\u00e0ng lo\u1ea1t c\u00e1c d\u1ef1 \u00e1n, c\u00f4ng tr\u00ecnh l\u1edbn tr\u00ean c\u1ea3 n\u01b0\u1edbc.<\/span><\/p>","protected":false},"featured_media":673,"comment_status":"closed","ping_status":"closed","template":"","meta":[],"product_cat":[16,32],"product_tag":[40,39],"class_list":["post-393","product","type-product","status-publish","has-post-thumbnail","hentry","product_cat-bon-chua-cong-nghiep","product_cat-bon-dau-may-phat-dien","product_tag-bon-dau-may-phat-dien","product_tag-bon-dau-may-phat-dien-viettank"],"_links":{"self":[{"href":"https:\/\/viettank.com.vn\/en\/wp-json\/wp\/v2\/product\/393","targetHints":{"allow":["GET"]}}],"collection":[{"href":"https:\/\/viettank.com.vn\/en\/wp-json\/wp\/v2\/product"}],"about":[{"href":"https:\/\/viettank.com.vn\/en\/wp-json\/wp\/v2\/types\/product"}],"replies":[{"embeddable":true,"href":"https:\/\/viettank.com.vn\/en\/wp-json\/wp\/v2\/comments?post=393"}],"wp:featuredmedia":[{"embeddable":true,"href":"https:\/\/viettank.com.vn\/en\/wp-json\/wp\/v2\/media\/673"}],"wp:attachment":[{"href":"https:\/\/viettank.com.vn\/en\/wp-json\/wp\/v2\/media?parent=393"}],"wp:term":[{"taxonomy":"product_cat","embeddable":true,"href":"https:\/\/viettank.com.vn\/en\/wp-json\/wp\/v2\/product_cat?post=393"},{"taxonomy":"product_tag","embeddable":true,"href":"https:\/\/viettank.com.vn\/en\/wp-json\/wp\/v2\/product_tag?post=393"}],"curies":[{"name":"wp","href":"https:\/\/api.w.org\/{rel}","templated":true}]}}