{"id":392,"date":"2022-03-07T16:47:36","date_gmt":"2022-03-07T09:47:36","guid":{"rendered":"https:\/\/viettank.com.vn\/?post_type=product&#038;p=392"},"modified":"2022-03-08T16:48:15","modified_gmt":"2022-03-08T09:48:15","slug":"bon-thap-xu-ly-khi-thai-viettank","status":"publish","type":"product","link":"https:\/\/viettank.com.vn\/en\/bon-thap-xu-ly-khi-thai-viettank\/","title":{"rendered":"B\u1ed2N TH\u00c1P X\u1eec L\u00dd KH\u00cd TH\u1ea2I VIETTANK"},"content":{"rendered":"<h1><b>B\u1ed2N TH\u00c1P X\u1eec L\u00dd KH\u00cd TH\u1ea2I VIETTANK<\/b><\/h1>\n<p><span style=\"font-weight: 400;\">L\u00e0 thi\u1ebft b\u1ecb chuy\u00ean d\u1ee5ng \u0111\u01b0\u1ee3c thi\u1ebft k\u1ebf h\u1ed7 tr\u1ee3 lo\u1ea1i b\u1ecf t\u1ea1p ch\u1ea5t, ch\u1ea5t th\u1ea3i c\u00f4ng nghi\u1ec7p, nh\u00e0 m\u00e1y, khu t\u1eadp th\u1ec3 d\u00e2n c\u01b0,&#8230; C\u00f4ng nghi\u1ec7p ng\u00e0y c\u00e0ng hi\u1ec7n \u0111\u1ea1i, ph\u00e1t tri\u1ec3n, k\u00e9o theo s\u1ea3n l\u01b0\u1ee3ng ch\u1ea5t th\u1ea3i ng\u00e0y c\u00e0ng t\u0103ng l\u00ean, \u0111\u00e2y c\u0169ng l\u00e0 m\u1ed9t v\u1ea5n \u0111\u1ec1 \u0111\u01b0\u1ee3c \u0111\u1eb7c bi\u1ec7t quan t\u00e2m g\u1ea7n \u0111\u00e2y. Viettank cung c\u1ea5p gi\u1ea3i ph\u00e1p B\u1ed3n th\u00e1p x\u1eed l\u00fd kh\u00ed th\u1ea3i uy t\u00edn, ch\u1ea5t l\u01b0\u1ee3ng cho doanh nghi\u1ec7p.\u00a0<\/span><\/p>\n<p><img loading=\"lazy\" decoding=\"async\" class=\"size-medium wp-image-406\" src=\"https:\/\/viettank.com.vn\/wp-content\/uploads\/2022\/03\/thap-xu-ly-khi-thai-VIETTANK-203x152.jpg\" alt=\"bon-thap-xu-ly-khi-thai-viettank\" width=\"203\" height=\"152\" srcset=\"https:\/\/viettank.com.vn\/wp-content\/uploads\/2022\/03\/thap-xu-ly-khi-thai-VIETTANK-203x152.jpg 203w, https:\/\/viettank.com.vn\/wp-content\/uploads\/2022\/03\/thap-xu-ly-khi-thai-VIETTANK-416x312.jpg 416w, https:\/\/viettank.com.vn\/wp-content\/uploads\/2022\/03\/thap-xu-ly-khi-thai-VIETTANK-16x12.jpg 16w, https:\/\/viettank.com.vn\/wp-content\/uploads\/2022\/03\/thap-xu-ly-khi-thai-VIETTANK.jpg 900w\" sizes=\"auto, (max-width: 203px) 100vw, 203px\" \/><\/p>\n<h2><b>C\u1ea5u tr\u00fac b\u1ed3n th\u00e1p x\u1eed l\u00fd kh\u00ed th\u1ea3i Viettank<\/b><\/h2>\n<p><span style=\"font-weight: 400;\">Lo\u1ea1i b\u1ed3n n\u00e0y \u0111\u01b0\u1ee3c s\u1eed d\u1ee5ng \u0111\u1ec3 x\u1eeb l\u00fd kh\u00ed th\u1ea3i c\u00f4ng nghi\u1ec7p v\u1edbi s\u1ed1 l\u01b0\u1ee3ng l\u1edbn \u1edf m\u00f4i tr\u01b0\u1eddng c\u00f4ng nghi\u1ec7p h\u00f3a ch\u1ea5t \u0111\u1ed9c h\u1ea1i&#8230; \u0110\u1ec3 \u0111\u00e1p \u1ee9ng \u0111\u01b0\u1ee3c y\u00eau c\u1ea7u m\u00f4i tr\u01b0\u1eddng \u0111\u1eb7c th\u00f9 nh\u01b0 v\u1eady, vi\u1ec7c s\u1ea3n xu\u1ea5t b\u1ed3n ch\u1ee9a t\u1ea1i Viettank lu\u00f4n d\u1ef1a tr\u00ean c\u00e1c ti\u00eau chu\u1ea9n nh\u1ea5t \u0111\u1ecbnh v\u1ec1 v\u1eadt li\u1ec7u, c\u1ea5u tr\u00fac.<\/span><\/p>\n<p><span style=\"font-weight: 400;\"><a href=\"https:\/\/viettank.com.vn\/en\/bon-thap-xu-ly-khi-thai\/\">B\u1ed3n ch\u1ee9a x\u1eed l\u00fd kh\u00ed th\u1ea3i Viettank<\/a> \u0111\u01b0\u1ee3c thi\u1ebft k\u1ebf theo d\u1ea1ng h\u00ecnh ch\u1eef nh\u1eadt ho\u1eb7c tr\u00f2n, d\u1ea1ng \u0111\u1ee9ng ho\u1eb7c n\u1eb1m, t\u00f9y theo y\u00eau c\u1ea7u c\u1ee7a kh\u00e1ch h\u00e0ng, v\u1edbi ch\u1ea5t li\u1ec7u h\u1ee3p kim nh\u00f4m v\u00e0 th\u00e9p Cacbon ch\u1ea5t l\u01b0\u1ee3ng cao. \u0110\u1ec3 \u0111\u1ea3m b\u1ea3o ch\u1ea5t l\u01b0\u1ee3ng khi ho\u1ea1t \u0111\u1ed9ng, s\u1ea3n ph\u1ea9m b\u1ed3n c\u1ee7a Viettank \u0111\u01b0\u1ee3c ho\u00e0n thi\u1ec7n v\u1edbi l\u1edbp s\u01a1 epoxy b\u00ean trong v\u00e0 b\u00ean ngo\u00e0i s\u01a1n ch\u1ed1ng r\u1ec9, ch\u1ed1ng \u0103n m\u00f2n.<\/span><\/p>\n<h2><b>Th\u00f4ng s\u1ed1 chi ti\u1ebft c\u1ee7a b\u1ed3n x\u1eed l\u00fd kh\u00ed th\u1ea3i Viettank:<\/b><\/h2>\n<p><span style=\"font-weight: 400;\">V\u1eadt li\u1ec7u:<\/span><\/p>\n<ul>\n<li style=\"font-weight: 400;\" aria-level=\"1\"><span style=\"font-weight: 400;\">Th\u00e9p t\u1ea5m CT3 (SS400)<\/span><\/li>\n<li style=\"font-weight: 400;\" aria-level=\"1\"><span style=\"font-weight: 400;\">Th\u00e9p kh\u00f4ng g\u1ec9 (SUS 304)<\/span><\/li>\n<\/ul>\n<p><span style=\"font-weight: 400;\">Ti\u00eau chu\u1ea9n s\u1ea3n ph\u1ea9m:<\/span><\/p>\n<ul>\n<li style=\"font-weight: 400;\" aria-level=\"1\"><span style=\"font-weight: 400;\">Th\u00e2n b\u1ed3n: SPI-650<\/span><\/li>\n<li style=\"font-weight: 400;\" aria-level=\"1\"><span style=\"font-weight: 400;\">\u0110\u01b0\u1eddng h\u00e0n: TCVN 6008-1995<\/span><\/li>\n<\/ul>\n<p><span style=\"font-weight: 400;\">\u00c1p su\u1ea5t:<\/span><\/p>\n<ul>\n<li style=\"font-weight: 400;\" aria-level=\"1\"><span style=\"font-weight: 400;\">Thi\u1ebft k\u1ebf: 0.3 KG\/cm2<\/span><\/li>\n<li style=\"font-weight: 400;\" aria-level=\"1\"><span style=\"font-weight: 400;\">Ki\u1ec3m tra: 0.4 KG\/cm2<\/span><\/li>\n<li style=\"font-weight: 400;\" aria-level=\"1\"><span style=\"font-weight: 400;\">L\u00e0m vi\u1ec7c: atm<\/span><\/li>\n<\/ul>\n<h2><b>B\u1ed3n th\u00e1p x\u1eed l\u00fd kh\u00ed th\u1ea3i Viettank &#8211; Gi\u1ea3i ph\u00e1p ch\u1ed1ng \u0103n m\u00f2n \u01b0u vi\u1ec7t\u00a0<\/b><\/h2>\n<p><span style=\"font-weight: 400;\">Kh\u00f4ng ch\u1ec9 d\u1ec5 d\u00e0ng l\u1eafp \u0111\u1eb7t \u1edf nhi\u1ec1u d\u1ea1ng \u0111\u1ecba h\u00ecnh kh\u00e1c nhau m\u00e0 s\u1ea3n ph\u1ea9m b\u1ed3n ch\u1ee9a h\u00f3a ch\u1ea5t c\u1ee7a ch\u00fang t\u00f4i c\u00f2n c\u00f3 nhi\u1ec1u \u01b0u \u0111i\u1ec3m v\u01b0\u1ee3t tr\u1ed9i:<\/span><\/p>\n<ul>\n<li style=\"font-weight: 400;\" aria-level=\"1\"><span style=\"font-weight: 400;\">Kh\u1ea3 n\u0103ng ch\u1ed1ng \u0103n m\u00f2n, ch\u1ed1ng oxy h\u00f3a cao<\/span><\/li>\n<li style=\"font-weight: 400;\" aria-level=\"1\"><span style=\"font-weight: 400;\">Kh\u00f4ng b\u1ecb l\u1eafng c\u1eb7n nh\u01b0 c\u00e1c b\u1ed3n ch\u1ee9a xi m\u0103ng, b\u00ea t\u00f4ng hay c\u00e1c v\u1eadt li\u1ec7u nh\u1ef1a th\u00f4ng th\u01b0\u1eddng<\/span><\/li>\n<li style=\"font-weight: 400;\" aria-level=\"1\"><span style=\"font-weight: 400;\">Kh\u00f4ng x\u1ea3y ra hi\u1ec7n t\u01b0\u1ee3ng r\u00f2 r\u1ec9 h\u00f3a ch\u1ea5t<\/span><\/li>\n<li style=\"font-weight: 400;\" aria-level=\"1\"><span style=\"font-weight: 400;\">C\u00f3 th\u1ec3 \u1ee9ng d\u1ee5ng \u0111\u1ec3 s\u1ea3n xu\u1ea5t c\u00e1c lo\u1ea1i b\u1ed3n ch\u1ee9a kh\u00e1c nh\u01b0: b\u1ed3n ch\u1ee9a d\u1ea7u, b\u1ed3n x\u1eed l\u00fd n\u01b0\u1edbc th\u1ea3i, b\u1ed3n ch\u1ee9a <\/span><span style=\"font-weight: 400;\">c\u00f4<\/span><span style=\"font-weight: 400;\">ng nghi\u1ec7p c\u00e1c lo\u1ea1i\u2026<\/span><\/li>\n<\/ul>\n<ul>\n<li style=\"font-weight: 400;\" aria-level=\"1\"><span style=\"font-weight: 400;\">\u0110\u1ea3m b\u1ea3o m\u1ef9 quan, th\u00e2n thi\u1ec7n v\u1edbi m\u00f4i tr\u01b0\u1eddng<\/span><\/li>\n<li style=\"font-weight: 400;\" aria-level=\"1\"><span style=\"font-weight: 400;\">\u0110\u1ed9 b\u1ec1n cao, thi\u1ebft k\u1ebf g\u1ecdn g\u00e0ng<\/span><\/li>\n<li style=\"font-weight: 400;\" aria-level=\"1\"><span style=\"font-weight: 400;\">D\u1ec5 d\u00e0ng l\u1eafp \u0111\u1eb7t, thi c\u00f4ng nhanh ch\u00f3ng<\/span><\/li>\n<\/ul>\n<h3><b>Viettank l\u00e0 \u0111\u01a1n v\u1ecb uy t\u00edn thi\u1ebft k\u1ebf b\u1ed3n th\u00e1p x\u1eed l\u00fd kh\u00ed th\u1ea3i<\/b><\/h3>\n<p><span style=\"font-weight: 400;\">Nh\u1edd ch\u1ea5t l\u01b0\u1ee3ng th\u00e0nh ph\u1ea9m, thi c\u00f4ng nhanh ch\u00f3ng, m\u00e1y m\u00f3c thi\u1ebft b\u1ecb hi\u1ec7n \u0111\u1ea1i v\u00e0 quy tr\u00ecnh l\u00e0m vi\u1ec7c chuy\u00ean nghi\u1ec7p, linh ho\u1ea1t, Viettank \u0111\u00e3 tr\u1edf th\u00e0nh m\u1ed9t \u0111\u01a1n v\u1ecb thi c\u00f4ng uy t\u00edn, \u0111\u00e1ng tin c\u1eady \u0111\u01b0\u1ee3c nhi\u1ec1u doanh nghi\u1ec7p l\u1ef1a ch\u1ecdn tin t\u01b0\u1edfng trong c\u00e1c d\u1ef1 \u00e1n quy m\u00f4.<\/span><\/p>\n<h3><b>C\u00e1c s\u1ea3n ph\u1ea9m ch\u00ednh m\u00e0 Viettank cung c\u1ea5p<\/b><\/h3>\n<ul>\n<li style=\"font-weight: 400;\" aria-level=\"1\"><span style=\"font-weight: 400;\">Tank<\/span><\/li>\n<li style=\"font-weight: 400;\" aria-level=\"1\"><span style=\"font-weight: 400;\">Pressure vessels<\/span><\/li>\n<li style=\"font-weight: 400;\" aria-level=\"1\"><span style=\"font-weight: 400;\">B\u1ed3n ch\u1ee9a x\u0103ng d\u1ea7u di \u0111\u1ed9ng<\/span><\/li>\n<li style=\"font-weight: 400;\" aria-level=\"1\"><span style=\"font-weight: 400;\">Xe ch\u1edf x\u0103ng d\u1ea7u &#8211; xe xitech<\/span><\/li>\n<\/ul>\n<p><span style=\"font-weight: 400;\">B\u00ean c\u1ea1nh c\u00e1c s\u1ea3n ph\u1ea9m ch\u00ednh, Viettank c\u00f2n thi c\u00f4ng s\u1ea3n ph\u1ea9m theo y\u00eau c\u1ea7u ri\u00eang c\u1ee7a kh\u00e1ch h\u00e0ng. <\/span><span style=\"font-weight: 400;\">Li\u00ean h\u1ec7 ngay v\u1edbi ch\u00fang t\u00f4i \u0111\u1ec3 \u0111\u01b0\u1ee3c t\u01b0 v\u1ea5n thi c\u00f4ng v\u00e0 nh\u1eadn b\u00e1o gi\u00e1 chi ti\u1ebft!<\/span><\/p>\n<p><b>Hotline: 0944.012.188<\/b><\/p>\n<p><b>Viettank &#8211; Ho\u00e0n thi\u1ec7n tr\u00ean t\u1eebng b\u01b0\u1edbc ti\u1ebfn!<\/b><\/p>\n<p><b>T\u00ecm hi\u1ec3u th\u00eam v\u1ec1 ch\u00fang t\u00f4i<\/b><a href=\"https:\/\/www.facebook.com\/Viettank-Pressure-Storage-Tank-110059634885733\" target=\"_blank\" rel=\"noopener\"> <b>t\u1ea1i \u0111\u00e2y!<\/b><\/a><\/p>\n<p><span style=\"font-weight: 400;\">\u00a0<\/span><\/p>\n<p>&nbsp;<\/p>","protected":false},"excerpt":{"rendered":"<p><span style=\"font-weight: 400;\">B\u1ed3n th\u00e1p x\u1eed l\u00fd kh\u00ed th\u1ea3i Viettank l\u00e0 thi\u1ebft b\u1ecb chuy\u00ean d\u1ee5ng \u0111\u01b0\u1ee3c thi\u1ebft k\u1ebf h\u1ed7 tr\u1ee3 lo\u1ea1i b\u1ecf t\u1ea1p ch\u1ea5t, ch\u1ea5t th\u1ea3i c\u00f4ng nghi\u1ec7p, nh\u00e0 m\u00e1y, khu t\u1eadp th\u1ec3 d\u00e2n c\u01b0,&#8230;<\/span><\/p>","protected":false},"featured_media":407,"comment_status":"closed","ping_status":"closed","template":"","meta":[],"product_cat":[16,22],"product_tag":[51,52],"class_list":["post-392","product","type-product","status-publish","has-post-thumbnail","hentry","product_cat-bon-chua-cong-nghiep","product_cat-bon-thap-xu-ly-khi-thai","product_tag-bon-thap-xu-ly-khi-thai-viettank","product_tag-xoa-term-bon-thap-xu-ly-khi-thai-viettank-bon-thap-xu-ly-khi-thai"],"_links":{"self":[{"href":"https:\/\/viettank.com.vn\/en\/wp-json\/wp\/v2\/product\/392","targetHints":{"allow":["GET"]}}],"collection":[{"href":"https:\/\/viettank.com.vn\/en\/wp-json\/wp\/v2\/product"}],"about":[{"href":"https:\/\/viettank.com.vn\/en\/wp-json\/wp\/v2\/types\/product"}],"replies":[{"embeddable":true,"href":"https:\/\/viettank.com.vn\/en\/wp-json\/wp\/v2\/comments?post=392"}],"wp:featuredmedia":[{"embeddable":true,"href":"https:\/\/viettank.com.vn\/en\/wp-json\/wp\/v2\/media\/407"}],"wp:attachment":[{"href":"https:\/\/viettank.com.vn\/en\/wp-json\/wp\/v2\/media?parent=392"}],"wp:term":[{"taxonomy":"product_cat","embeddable":true,"href":"https:\/\/viettank.com.vn\/en\/wp-json\/wp\/v2\/product_cat?post=392"},{"taxonomy":"product_tag","embeddable":true,"href":"https:\/\/viettank.com.vn\/en\/wp-json\/wp\/v2\/product_tag?post=392"}],"curies":[{"name":"wp","href":"https:\/\/api.w.org\/{rel}","templated":true}]}}