{"id":386,"date":"2022-03-07T15:58:47","date_gmt":"2022-03-07T08:58:47","guid":{"rendered":"https:\/\/viettank.com.vn\/?post_type=product&#038;p=386"},"modified":"2022-03-08T16:17:34","modified_gmt":"2022-03-08T09:17:34","slug":"bon-chua-hoa-chat-viettank","status":"publish","type":"product","link":"https:\/\/viettank.com.vn\/en\/bon-chua-hoa-chat-viettank\/","title":{"rendered":"B\u1ed2N CH\u1ee8A H\u00d3A CH\u1ea4T VIETTANK"},"content":{"rendered":"<h1><b>B\u1ed2N CH\u1ee8A H\u00d3A CH\u1ea4T VIETTANK<\/b><span style=\"font-weight: 400;\">\u00a0<\/span><\/h1>\n<p><span style=\"font-weight: 400;\">B\u1ed3n ch\u1ee9a h\u00f3a ch\u1ea5t, v\u1edbi \u0111\u1eb7c t\u00ednh ch\u1ed1ng \u0103n m\u00f2n v\u00e0 ch\u1ed1ng oxy h\u00f3a, l\u00e0 thi\u1ebft b\u1ecb ph\u1ed5 bi\u1ebfn v\u00e0 \u0111\u01b0\u1ee3c l\u1eafp \u0111\u1eb7t t\u1ea1i h\u1ea7u h\u1ebft c\u00e1c c\u00f4ng tr\u00ecnh x\u00e2y d\u1ef1ng, c\u00f3 th\u1ec3 ch\u1ee9a c\u00e1c lo\u1ea1i h\u00f3a ch\u1ea5t c\u00f3 t\u00ednh \u0103n m\u00f2n cao nh\u01b0 axit ki\u1ec1m\u2026 Kh\u00f4ng ch\u1ec9 v\u1eady, s\u1ea3n ph\u1ea9m c\u00f2n \u0111\u01b0\u1ee3c s\u1eed d\u1ee5ng \u0111\u1ec3 l\u01b0u tr\u1eef d\u1ea7u th\u00f4, ch\u1ebf ph\u1ea9m t\u1eeb d\u1ea7u m\u1ecf, kh\u00ed t\u1ef1 nhi\u00ean, ph\u00e2n b\u00f3n hay c\u00e1c h\u00f3a ch\u1ea5t kh\u00e1c.<\/span><\/p>\n<p><img loading=\"lazy\" decoding=\"async\" class=\"size-medium wp-image-387\" src=\"https:\/\/viettank.com.vn\/wp-content\/uploads\/2022\/03\/bon-chua-hoa-chat-viettank_opt-min-203x203.png\" alt=\"b\u1ed3n ch\u1ee9a h\u00f3a ch\u1ea5t viettank\" width=\"203\" height=\"203\" srcset=\"https:\/\/viettank.com.vn\/wp-content\/uploads\/2022\/03\/bon-chua-hoa-chat-viettank_opt-min-203x203.png 203w, https:\/\/viettank.com.vn\/wp-content\/uploads\/2022\/03\/bon-chua-hoa-chat-viettank_opt-min-100x100.png 100w, https:\/\/viettank.com.vn\/wp-content\/uploads\/2022\/03\/bon-chua-hoa-chat-viettank_opt-min-12x12.png 12w, https:\/\/viettank.com.vn\/wp-content\/uploads\/2022\/03\/bon-chua-hoa-chat-viettank_opt-min.png 400w\" sizes=\"auto, (max-width: 203px) 100vw, 203px\" \/><\/p>\n<p><span style=\"font-weight: 400;\">Nh\u1edd \u0111\u00e1p \u1ee9ng \u0111\u1ea7y \u0111\u1ee7 c\u00e1c ti\u00eau ch\u00ed nh\u01b0: chi ph\u00ed ph\u00f9 h\u1ee3p, thi c\u00f4ng nhanh ch\u00f3ng, c\u00f3 \u0111\u1ed9 tr\u01a1 v\u1edbi c\u00e1c ph\u1ea3n \u1ee9ng h\u00f3a h\u1ecdc cao v\u00e0 r\u1ea5t ti\u1ebft ki\u1ec7m di\u1ec7n t\u00edch, <\/span><a href=\"https:\/\/viettank.com.vn\/en\/bon-chua-hoa-chat-viettank\/\"><span style=\"font-weight: 400;\">b\u1ed3n ch\u1ee9a h\u00f3a ch\u1ea5t VIETTANK<\/span><\/a><span style=\"font-weight: 400;\"> lu\u00f4n l\u00e0 l\u1ef1a ch\u1ecdn h\u00e0ng \u0111\u1ea7u c\u1ee7a c\u00e1c d\u1ef1 \u00e1n quy m\u00f4 t\u1eeb nh\u1ecf \u0111\u1ebfn l\u1edbn tr\u00ean to\u00e0n qu\u1ed1c.<\/span><\/p>\n<h2><b>C\u1ea5u t\u1ea1o b\u1ed3n ch\u1ee9a h\u00f3a ch\u1ea5t Viettank<\/b><\/h2>\n<p><span style=\"font-weight: 400;\">\u0110\u01b0\u1ee3c s\u1ea3n xu\u1ea5t t\u1eeb th\u00e9p kh\u00f4ng g\u1ec9, nh\u1edd \u0111\u00f3 b\u1ec1 m\u1eb7t b\u1ed3n c\u00f3 kh\u1ea3 n\u0103ng ch\u1ed1ng \u0103n m\u00f2n, ch\u1ed1ng oxy h\u00f3a cao, ch\u1ecbu nhi\u1ec7t cao v\u00e0 \u00edt x\u1ea3y ra c\u00e1c ph\u1ea3n \u1ee9ng h\u00f3a h\u1ecdc, nh\u1edd \u0111\u00f3 c\u00f3 th\u1ec3 ch\u1ee9a \u0111\u01b0\u1ee3c c\u00e1c lo\u1ea1i h\u00f3a ch\u1ea5t n\u1eb7ng v\u1edbi \u0111\u1ed9 b\u1ec1n cao.\u00a0<\/span><\/p>\n<p><span style=\"font-weight: 400;\">B\u1ed3n ch\u1ee9a h\u00f3a ch\u1ea5t Viettank c\u00f3 thi\u1ebft k\u1ebf \u0111\u01a1n gi\u1ea3n, bao g\u1ed3m: 1 l\u1edbp inox, th\u00e9p v\u00e0 b\u00ean trong \u0111\u01b0\u1ee3c b\u1ecdc composite nh\u1eb1m t\u0103ng c\u01b0\u1eddng kh\u1ea3 n\u0103ng ch\u1ed1ng x\u01b0\u1edbc cho s\u1ea3n ph\u1ea9m v\u00e0 ch\u1ed1ng \u0103n m\u00f2n t\u1eeb c\u00e1c lo\u1ea1i h\u00f3a ch\u1ea5t kh\u00e1c nhau.\u00a0<\/span><\/p>\n<p><span style=\"font-weight: 400;\">H\u00ecnh d\u1ea1ng c\u1ee7a b\u1ed3n ch\u1ee9a h\u00f3a ch\u1ea5t Viettank \u0111\u01b0\u1ee3c thi\u1ebft k\u1ebf c\u0103n c\u1ee9 d\u1ef1a tr\u00ean lo\u1ea1i h\u00f3a ch\u1ea5t ch\u1ee9a trong b\u1ed3n, nhu c\u1ea7u v\u00e0 t\u00ecnh h\u00ecnh th\u1ef1c t\u1ebf c\u1ee7a nh\u00e0 s\u1ea3n xu\u1ea5t sao cho t\u1ed1i \u01b0u nh\u1ea5t c\u00f3 th\u1ec3 v\u1ec1 m\u1ecdi m\u1eb7t cho kh\u00e1ch h\u00e0ng.<\/span><\/p>\n<p><span style=\"font-weight: 400;\">Th\u00f4ng s\u1ed1 chi ti\u1ebft c\u1ee7a b\u1ed3n ch\u1ee9a h\u00f3a ch\u1ea5t Viettank:<\/span><\/p>\n<p><span style=\"font-weight: 400;\">V\u1eadt li\u1ec7u:<\/span><\/p>\n<ul>\n<li style=\"font-weight: 400;\" aria-level=\"1\"><span style=\"font-weight: 400;\">Th\u00e9p t\u1ea5m CT3 (SS400)<\/span><\/li>\n<li style=\"font-weight: 400;\" aria-level=\"1\"><span style=\"font-weight: 400;\">Th\u00e9p kh\u00f4ng g\u1ec9 (SUS 304)<\/span><\/li>\n<\/ul>\n<p><span style=\"font-weight: 400;\">Ti\u00eau chu\u1ea9n s\u1ea3n ph\u1ea9m:<\/span><\/p>\n<ul>\n<li style=\"font-weight: 400;\" aria-level=\"1\"><span style=\"font-weight: 400;\">Th\u00e2n b\u1ed3n: SPI-650<\/span><\/li>\n<li style=\"font-weight: 400;\" aria-level=\"1\"><span style=\"font-weight: 400;\">\u0110\u01b0\u1eddng h\u00e0n: TCVN 6008-1995<\/span><\/li>\n<\/ul>\n<p><span style=\"font-weight: 400;\">\u00c1p su\u1ea5t:<\/span><\/p>\n<ul>\n<li style=\"font-weight: 400;\" aria-level=\"1\"><span style=\"font-weight: 400;\">Thi\u1ebft k\u1ebf: 0.3 KG\/cm2<\/span><\/li>\n<li style=\"font-weight: 400;\" aria-level=\"1\"><span style=\"font-weight: 400;\">Ki\u1ec3m tra: 0.4 KG\/cm2<\/span><\/li>\n<li style=\"font-weight: 400;\" aria-level=\"1\"><span style=\"font-weight: 400;\">L\u00e0m vi\u1ec7c: atm<\/span><\/li>\n<\/ul>\n<p><span style=\"font-weight: 400;\">T\u00f9y theo quy m\u00f4 v\u00e0 t\u00ecnh h\u00ecnh th\u1ef1c t\u1ebf c\u1ee7a d\u1ef1 \u00e1n m\u00e0 ch\u00fang t\u00f4i s\u1ebd \u0111\u01b0a ra t\u01b0 v\u1ea5n v\u00e0 thi\u1ebft k\u1ebf \u0111\u1eb7c \u0111i\u1ec3m b\u1ed3n sao cho ph\u00f9 h\u1ee3p nh\u1ea5t v\u1edbi t\u1eebng tr\u01b0\u1eddng h\u1ee3p kh\u00e1ch h\u00e0ng!<\/span><\/p>\n<h2><b>B\u1ed3n ch\u1ee9a h\u00f3a ch\u1ea5t c\u00f4ng nghi\u1ec7p Viettank &#8211; Gi\u1ea3i ph\u00e1p ch\u1ed1ng \u0103n m\u00f2n \u01b0u vi\u1ec7t\u00a0<\/b><\/h2>\n<p><span style=\"font-weight: 400;\">Kh\u00f4ng ch\u1ec9 d\u1ec5 d\u00e0ng l\u1eafp \u0111\u1eb7t \u1edf nhi\u1ec1u d\u1ea1ng \u0111\u1ecba h\u00ecnh kh\u00e1c nhau m\u00e0 s\u1ea3n ph\u1ea9m b\u1ed3n ch\u1ee9a h\u00f3a ch\u1ea5t c\u1ee7a ch\u00fang t\u00f4i c\u00f2n c\u00f3 nhi\u1ec1u \u01b0u \u0111i\u1ec3m v\u01b0\u1ee3t tr\u1ed9i:<\/span><\/p>\n<ul>\n<li style=\"font-weight: 400;\" aria-level=\"1\"><span style=\"font-weight: 400;\">Kh\u1ea3 n\u0103ng ch\u1ed1ng \u0103n m\u00f2n, ch\u1ed1ng oxy h\u00f3a cao<\/span><\/li>\n<li style=\"font-weight: 400;\" aria-level=\"1\"><span style=\"font-weight: 400;\">Kh\u00f4ng b\u1ecb l\u1eafng c\u1eb7n nh\u01b0 c\u00e1c b\u1ed3n ch\u1ee9a xi m\u0103ng, b\u00ea t\u00f4ng hay c\u00e1c v\u1eadt li\u1ec7u nh\u1ef1a th\u00f4ng th\u01b0\u1eddng.<\/span><\/li>\n<li style=\"font-weight: 400;\" aria-level=\"1\"><span style=\"font-weight: 400;\">Kh\u00f4ng x\u1ea3y ra hi\u1ec7n t\u01b0\u1ee3ng r\u00f2 r\u1ec9 h\u00f3a ch\u1ea5t<\/span><\/li>\n<li style=\"font-weight: 400;\" aria-level=\"1\"><span style=\"font-weight: 400;\">C\u00f3 th\u1ec3 \u1ee9ng d\u1ee5ng \u0111\u1ec3 s\u1ea3n xu\u1ea5t c\u00e1c lo\u1ea1i b\u1ed3n ch\u1ee9a kh\u00e1c nh\u01b0: b\u1ed3n ch\u1ee9a d\u1ea7u, b\u1ed3n x\u1eed l\u00fd n\u01b0\u1edbc th\u1ea3i, b\u1ed3n ch\u1ee9a <\/span><span style=\"font-weight: 400;\">c\u00f4<\/span><span style=\"font-weight: 400;\">ng nghi\u1ec7p c\u00e1c lo\u1ea1i\u2026<\/span><\/li>\n<\/ul>\n<ul>\n<li style=\"font-weight: 400;\" aria-level=\"1\"><span style=\"font-weight: 400;\">\u0110\u1ea3m b\u1ea3o m\u1ef9 quan, th\u00e2n thi\u1ec7n v\u1edbi m\u00f4i tr\u01b0\u1eddng.<\/span><\/li>\n<li style=\"font-weight: 400;\" aria-level=\"1\"><span style=\"font-weight: 400;\">\u0110\u1ed9 b\u1ec1n cao, thi\u1ebft k\u1ebf g\u1ecdn g\u00e0ng<\/span><\/li>\n<li style=\"font-weight: 400;\" aria-level=\"1\"><span style=\"font-weight: 400;\">D\u1ec5 d\u00e0ng l\u1eafp \u0111\u1eb7t, thi c\u00f4ng nhanh ch\u00f3ng<\/span><\/li>\n<\/ul>\n<p><span style=\"font-weight: 400;\">Nh\u1edd \u1ee9ng d\u1ee5ng b\u1ed3n ch\u1ee9a h\u00f3a ch\u1ea5t v\u00e0o th\u1ef1c t\u1ebf v\u1eadn h\u00e0nh m\u00e0 c\u00e1c doanh nghi\u1ec7p c\u00f3 th\u1ec3 \u0111\u1ea3m b\u1ea3o ch\u1ea5t l\u01b0\u1ee3ng s\u1ea3n ph\u1ea9m nh\u1edd kh\u1ed1ng ch\u1ebf t\u00ecnh tr\u1ea1ng x\u1ea3y ra c\u00e1c ph\u1ea3n \u1ee9ng h\u00f3a h\u1ecdc, t\u1eeb \u0111\u00f3 n\u00e2ng cao doanh thu v\u00e0 \u0111\u1ea3m b\u1ea3o s\u1ef1 ph\u00e1t tri\u1ec3n \u1ed5n \u0111\u1ecbnh, b\u1ec1n v\u1eefng cho doanh nghi\u1ec7p v\u1ec1 l\u00e2u d\u00e0i. Kh\u00f4ng nh\u1eefng th\u1ebf, \u0111\u00e2y c\u0169ng l\u00e0 c\u00e1ch \u0111\u00f3ng g\u00f3p v\u00e0o n\u1ed7 l\u1ef1c b\u1ea3o v\u1ec7 m\u00f4i tr\u01b0\u1eddng chung c\u1ee7a to\u00e0n nh\u00e2n lo\u1ea1i hi\u1ec7n nay!<\/span><\/p>\n<p><span style=\"font-weight: 400;\">Li\u00ean h\u1ec7 v\u1edbi ch\u00fang t\u00f4i \u0111\u1ec3 \u0111\u01b0\u1ee3c t\u01b0 v\u1ea5n thi c\u00f4ng v\u00e0 nh\u1eadn b\u00e1o gi\u00e1 chi ti\u1ebft!<\/span><\/p>\n<p><span style=\"font-weight: 400;\">Hotline: 0944.012.188<\/span><\/p>\n<p><span style=\"font-weight: 400;\">Viettank &#8211; Ho\u00e0n thi\u1ec7n tr\u00ean t\u1eebng b\u01b0\u1edbc ti\u1ebfn!<\/span><\/p>\n<p><span style=\"font-weight: 400;\">T\u00ecm hi\u1ec3u th\u00eam v\u1ec1 ch\u00fang t\u00f4i<\/span><a href=\"https:\/\/www.facebook.com\/Viettank-Pressure-Storage-Tank-110059634885733\" target=\"_blank\" rel=\"noopener\"> <span style=\"font-weight: 400;\">t\u1ea1i \u0111\u00e2y!<\/span><\/a><\/p>\n<p>&nbsp;<\/p>\n<p>&nbsp;<\/p>","protected":false},"excerpt":{"rendered":"<p><span style=\"font-weight: 400;\">B\u1ed3n ch\u1ee9a h\u00f3a ch\u1ea5t Viettank, v\u1edbi \u0111\u1eb7c t\u00ednh ch\u1ed1ng \u0103n m\u00f2n v\u00e0 ch\u1ed1ng oxy h\u00f3a, l\u00e0 thi\u1ebft b\u1ecb ph\u1ed5 bi\u1ebfn v\u00e0 \u0111\u01b0\u1ee3c l\u1eafp \u0111\u1eb7t t\u1ea1i h\u1ea7u h\u1ebft c\u00e1c c\u00f4ng tr\u00ecnh x\u00e2y d\u1ef1ng, c\u00f3 th\u1ec3 ch\u1ee9a c\u00e1c lo\u1ea1i h\u00f3a ch\u1ea5t c\u00f3 t\u00ednh \u0103n m\u00f2n cao nh\u01b0 axit ki\u1ec1m\u2026<\/span><\/p>","protected":false},"featured_media":387,"comment_status":"closed","ping_status":"closed","template":"","meta":[],"product_cat":[16,20],"product_tag":[38,37],"class_list":["post-386","product","type-product","status-publish","has-post-thumbnail","hentry","product_cat-bon-chua-cong-nghiep","product_cat-bon-chua-hoa-chat","product_tag-bon-chua-hoa-chat","product_tag-bon-chua-hoa-chat-viettank"],"_links":{"self":[{"href":"https:\/\/viettank.com.vn\/en\/wp-json\/wp\/v2\/product\/386","targetHints":{"allow":["GET"]}}],"collection":[{"href":"https:\/\/viettank.com.vn\/en\/wp-json\/wp\/v2\/product"}],"about":[{"href":"https:\/\/viettank.com.vn\/en\/wp-json\/wp\/v2\/types\/product"}],"replies":[{"embeddable":true,"href":"https:\/\/viettank.com.vn\/en\/wp-json\/wp\/v2\/comments?post=386"}],"wp:featuredmedia":[{"embeddable":true,"href":"https:\/\/viettank.com.vn\/en\/wp-json\/wp\/v2\/media\/387"}],"wp:attachment":[{"href":"https:\/\/viettank.com.vn\/en\/wp-json\/wp\/v2\/media?parent=386"}],"wp:term":[{"taxonomy":"product_cat","embeddable":true,"href":"https:\/\/viettank.com.vn\/en\/wp-json\/wp\/v2\/product_cat?post=386"},{"taxonomy":"product_tag","embeddable":true,"href":"https:\/\/viettank.com.vn\/en\/wp-json\/wp\/v2\/product_tag?post=386"}],"curies":[{"name":"wp","href":"https:\/\/api.w.org\/{rel}","templated":true}]}}