{"id":378,"date":"2022-03-07T13:46:50","date_gmt":"2022-03-07T06:46:50","guid":{"rendered":"https:\/\/viettank.com.vn\/?post_type=product&#038;p=378"},"modified":"2022-03-08T16:41:02","modified_gmt":"2022-03-08T09:41:02","slug":"bon-chua-xang-dau-viettank","status":"publish","type":"product","link":"https:\/\/viettank.com.vn\/en\/bon-chua-xang-dau-viettank\/","title":{"rendered":"B\u1ed2N CH\u1ee8A X\u0102NG D\u1ea6U VIETTANK"},"content":{"rendered":"<h1>B\u1ed2N CH\u1ee8A X\u0102NG D\u1ea6U VIETTANK<\/h1>\n<p>X\u0103ng d\u1ea7u l\u00e0 m\u1ed9t trong nh\u1eefng lo\u1ea1i nhi\u00ean li\u1ec7u c\u1ef1c k\u1ef3 d\u1ec5 b\u1eaft ch\u00e1y. Do \u0111\u00f3, trong qu\u00e1 tr\u00ecnh v\u1eadn chuy\u1ec3n c\u1ea7n ph\u1ea3i\u00a0\u0111\u1ea3m b\u1ea3o\u00a0\u0111\u01b0\u1ee3c nh\u1eefng y\u1ebfu t\u1ed1 v\u1ec1 an to\u00e0n. Kh\u00f4ng nh\u1eefng v\u1eady, n\u00f3 c\u00f2n l\u00e0 m\u1ed9t lo\u1ea1i dung m\u00f4i c\u00f3 kh\u1ea3 n\u0103ng \u0103n m\u00f2n v\u00e0\u00a0 h\u00f2a tan r\u1ea5t nhi\u1ec1u lo\u1ea1i v\u1eadt li\u1ec7u kh\u00e1c nhau do \u0111\u00f3 b\u1ed3n ch\u1ee9a c\u1ea7n ph\u1ea3i c\u00f3 k\u1ebft c\u1ea5u \u0111\u1eb7c bi\u1ec7t.<\/p>\n<p>Ch\u00ednh v\u00ec v\u1eady, nh\u1eefng chi ti\u1ebft nh\u1ecf kh\u00f3 ki\u1ec3m so\u00e1t\u00a0 nh\u01b0ng l\u1ea1i c\u00f3 vai tr\u00f2 r\u1ea5t quan tr\u1ecdng nh\u01b0 : c\u00e1c lo\u1ea1i ron cao su, keo th\u00e0nh ph\u1ea9m, n\u1eafp \u0111\u00e1y, \u1ed1ng m\u1ec1m xu\u1ea5t nh\u1eadp h\u00e0ng, c\u01a1 c\u1ea5u n\u1eafp kh\u00f3a , c\u00e1c v\u00f2ng \u0111\u1ec7m kh\u1edbp n\u1ed1i, van h\u00fat x\u1ea3 c\u00e1c lo\u1ea1i\u2026 c\u1ea7n \u0111\u1ea3m b\u1ea3o t\u00ednh b\u1ec1n \u0111\u1eb7c bi\u1ec7t\u00a0 v\u00e0 t\u0103ng t\u00ednh an to\u00e0n trong c\u00f4ng t\u00e1c ph\u00f2ng ch\u1ed1ng ch\u00e1y n\u1ed5.<\/p>\n<p>B\u1ed3n ch\u1ee9a x\u0103ng d\u1ea7u c\u00f4ng nghi\u1ec7p l\u00e0 thi\u1ebft b\u1ecb chuy\u00ean d\u1ee5ng trong ng\u00e0nh d\u1ea7u kh\u00ed h\u00f3a ch\u1ea5t l\u1ecfng, b\u1ed3n ch\u1ee9a x\u0103ng d\u1ea7u c\u00f3 k\u00edch th\u01b0\u1edbc l\u1edbn, c\u1ea5u t\u1ea1o \u0111\u1eb7c bi\u1ec7t nh\u1eb1m \u0111\u00e1p \u1ee9ng \u0111\u01b0\u1ee3c c\u00f4ng n\u0103ng khi s\u1eed d\u1ee5ng c\u0169ng nh\u01b0 \u0111\u1ea3m b\u1ea3o an to\u00e0n trong qu\u00e1 tr\u00ecnh di chuy\u1ec3n, v\u1eadn h\u00e0nh.<\/p>\n<p><img loading=\"lazy\" decoding=\"async\" class=\"wp-image-379 size-full\" src=\"https:\/\/viettank.com.vn\/wp-content\/uploads\/2022\/03\/bon-chua-xang-dau-cong-nghiep-viettank.jpg\" alt=\"bon-chua-xang-dau-viettank\" width=\"1000\" height=\"750\" srcset=\"https:\/\/viettank.com.vn\/wp-content\/uploads\/2022\/03\/bon-chua-xang-dau-cong-nghiep-viettank.jpg 1000w, https:\/\/viettank.com.vn\/wp-content\/uploads\/2022\/03\/bon-chua-xang-dau-cong-nghiep-viettank-203x152.jpg 203w, https:\/\/viettank.com.vn\/wp-content\/uploads\/2022\/03\/bon-chua-xang-dau-cong-nghiep-viettank-416x312.jpg 416w, https:\/\/viettank.com.vn\/wp-content\/uploads\/2022\/03\/bon-chua-xang-dau-cong-nghiep-viettank-16x12.jpg 16w\" sizes=\"auto, (max-width: 1000px) 100vw, 1000px\" \/><\/p>\n<h3><\/h3>\n<h2><strong>C\u1ea5u tr\u00fac <a href=\"https:\/\/viettank.com.vn\/en\/bon-chua-xang-dau-viettank\/\">b\u1ed3n ch\u1ee9a x\u0103ng d\u1ea7u Viettank<\/a>:<\/strong><\/h2>\n<p>S\u1ea3n ph\u1ea9m \u0111\u01b0\u1ee3c s\u1eed d\u1ee5ng \u0111\u1ec3 ch\u1ee9a x\u0103ng d\u1ea7u t\u1ea1i c\u00e1c tr\u1ea1m x\u0103ng, c\u00e2y x\u0103ng, n\u01a1i ch\u1ee9a kh\u00ed \u0111\u1ed1t d\u1ea7u m\u1ecf,&#8230; \u0110\u1ec3 \u0111\u00e1p \u1ee9ng \u0111\u01b0\u1ee3c y\u00eau c\u1ea7u m\u00f4i tr\u01b0\u1eddng \u0111\u1eb7c th\u00f9 nh\u01b0 v\u1eady, vi\u1ec7c s\u1ea3n xu\u1ea5t b\u1ed3n ch\u1ee9a t\u1ea1i Viettank lu\u00f4n d\u1ef1a tr\u00ean c\u00e1c ti\u00eau chu\u1ea9n nh\u1ea5t \u0111\u1ecbnh v\u1ec1 v\u1eadt li\u1ec7u, c\u1ea5u tr\u00fac.<br \/>\nB\u1ed3n ch\u1ee9a x\u0103ng d\u1ea7u \u0111\u01b0\u1ee3c thi\u1ebft k\u1ebf theo h\u00ecnh tr\u1ee5 elip v\u1edbi ch\u1ea5t li\u1ec7u h\u1ee3p kim nh\u00f4m v\u00e0 th\u00e9p Cacbon ch\u1ea5t l\u01b0\u1ee3ng cao. \u0110\u1ec3 \u0111\u1ea3m b\u1ea3o an to\u00e0n trong qu\u00e1 tr\u00ecnh v\u1eadn h\u00e0nh, b\u1ed3n ch\u1ee9a x\u0103ng d\u1ea7u t\u1ea1i Viettank c\u00f2n \u0111\u01b0\u1ee3c trang b\u1ecb \u0111\u1ea7y \u0111\u1ee7 thang leo, d\u00e2y ti\u1ebfp \u0111\u1ea5t, ch\u1eef c\u1ea3nh b\u00e1o.<\/p>\n<h2><strong>Th\u00f4ng s\u1ed1 chi ti\u1ebft c\u1ee7a b\u1ed3n ch\u1ee9a x\u0103ng d\u1ea7u Viettank:<\/strong><\/h2>\n<p><em>V\u1eadt li\u1ec7u:<\/em><br \/>\n&#8211; Th\u00e9p t\u1ea5m CT3 (SS400)<br \/>\n&#8211; Th\u00e9p kh\u00f4ng g\u1ec9 (SUS 304)<br \/>\n<em>Ti\u00eau chu\u1ea9n s\u1ea3n ph\u1ea9m:<\/em><br \/>\n&#8211; Th\u00e2n b\u1ed3n: SPI-650<br \/>\n&#8211; \u0110\u01b0\u1eddng h\u00e0n: TCVN 6008-1995<br \/>\n<em>\u00c1p su\u1ea5t:<\/em><br \/>\n&#8211; Thi\u1ebft k\u1ebf: 0.3 KG\/cm2<br \/>\n&#8211; Ki\u1ec3m tra: 0.4 KG\/cm2<br \/>\n&#8211; L\u00e0m vi\u1ec7c: atm<\/p>\n<h3><strong>Viettank l\u00e0 \u0111\u01a1n v\u1ecb uy t\u00edn thi\u1ebft k\u1ebf b\u1ed3n ch\u1ee9a x\u0103ng d\u1ea7u<\/strong><br \/>\nNh\u1edd ch\u1ea5t l\u01b0\u1ee3ng th\u00e0nh ph\u1ea9m, thi c\u00f4ng nhanh ch\u00f3ng, m\u00e1y m\u00f3c thi\u1ebft b\u1ecb hi\u1ec7n \u0111\u1ea1i v\u00e0 quy tr\u00ecnh l\u00e0m vi\u1ec7c chuy\u00ean nghi\u1ec7p, linh ho\u1ea1t, Viettank \u0111\u00e3 tr\u1edf th\u00e0nh m\u1ed9t \u0111\u01a1n v\u1ecb thi c\u00f4ng uy t\u00edn, \u0111\u00e1ng tin c\u1eady \u0111\u01b0\u1ee3c nhi\u1ec1u doanh nghi\u1ec7p l\u1ef1a ch\u1ecdn tin t\u01b0\u1edfng trong c\u00e1c d\u1ef1 \u00e1n quy m\u00f4.<\/h3>\n<p><strong>C\u00e1c s\u1ea3n ph\u1ea9m ch\u00ednh m\u00e0 Viettank cung c\u1ea5p<\/strong><br \/>\n&#8211; B\u1ed3n ch\u1ee9a c\u00f4ng nghi\u1ec7p<br \/>\n&#8211; B\u00ecnh \u00e1p l\u1ef1c<br \/>\n&#8211; B\u1ed3n ch\u1ee9a x\u0103ng d\u1ea7u di \u0111\u1ed9ng<br \/>\n&#8211; Xe ch\u1edf x\u0103ng d\u1ea7u &#8211; xe xitech<\/p>\n<p>B\u00ean c\u1ea1nh c\u00e1c s\u1ea3n ph\u1ea9m ch\u00ednh, Viettank c\u00f2n thi c\u00f4ng s\u1ea3n ph\u1ea9m theo y\u00eau c\u1ea7u ri\u00eang c\u1ee7a kh\u00e1ch h\u00e0ng. Li\u00ean h\u1ec7 ngay v\u1edbi ch\u00fang t\u00f4i \u0111\u1ec3 \u0111\u01b0\u1ee3c t\u01b0 v\u1ea5n thi c\u00f4ng v\u00e0 nh\u1eadn b\u00e1o gi\u00e1 chi ti\u1ebft!<\/p>\n<p><strong>Hotline: 0944.012.188<\/strong><br \/>\n<strong>Viettank &#8211; Ho\u00e0n thi\u1ec7n tr\u00ean t\u1eebng b\u01b0\u1edbc ti\u1ebfn!<\/strong><br \/>\n<strong>T\u00ecm hi\u1ec3u th\u00eam v\u1ec1 ch\u00fang t\u00f4i <a href=\"https:\/\/www.facebook.com\/Viettank-Pressure-Storage-Tank-110059634885733\" target=\"_blank\" rel=\"noopener\">t\u1ea1i \u0111\u00e2y<\/a>!<\/strong><\/p>","protected":false},"excerpt":{"rendered":"<p>B\u1ed3n ch\u1ee9a x\u0103ng d\u1ea7u Viettank l\u00e0 thi\u1ebft b\u1ecb chuy\u00ean d\u1ee5ng trong ng\u00e0nh d\u1ea7u kh\u00ed h\u00f3a ch\u1ea5t l\u1ecfng, b\u1ed3n ch\u1ee9a x\u0103ng d\u1ea7u c\u00f3 k\u00edch th\u01b0\u1edbc l\u1edbn, c\u1ea5u t\u1ea1o \u0111\u1eb7c bi\u1ec7t nh\u1eb1m \u0111\u00e1p \u1ee9ng \u0111\u01b0\u1ee3c c\u00f4ng n\u0103ng khi s\u1eed d\u1ee5ng c\u0169ng nh\u01b0 \u0111\u1ea3m b\u1ea3o an to\u00e0n trong qu\u00e1 tr\u00ecnh di chuy\u1ec3n, v\u1eadn h\u00e0nh.<\/p>","protected":false},"featured_media":379,"comment_status":"closed","ping_status":"closed","template":"","meta":[],"product_cat":[16,19],"product_tag":[50,49],"class_list":["post-378","product","type-product","status-publish","has-post-thumbnail","hentry","product_cat-bon-chua-cong-nghiep","product_cat-bon-chua-xang-dau","product_tag-bon-chua-xang-dau","product_tag-bon-chua-xang-dau-viettank"],"_links":{"self":[{"href":"https:\/\/viettank.com.vn\/en\/wp-json\/wp\/v2\/product\/378","targetHints":{"allow":["GET"]}}],"collection":[{"href":"https:\/\/viettank.com.vn\/en\/wp-json\/wp\/v2\/product"}],"about":[{"href":"https:\/\/viettank.com.vn\/en\/wp-json\/wp\/v2\/types\/product"}],"replies":[{"embeddable":true,"href":"https:\/\/viettank.com.vn\/en\/wp-json\/wp\/v2\/comments?post=378"}],"wp:featuredmedia":[{"embeddable":true,"href":"https:\/\/viettank.com.vn\/en\/wp-json\/wp\/v2\/media\/379"}],"wp:attachment":[{"href":"https:\/\/viettank.com.vn\/en\/wp-json\/wp\/v2\/media?parent=378"}],"wp:term":[{"taxonomy":"product_cat","embeddable":true,"href":"https:\/\/viettank.com.vn\/en\/wp-json\/wp\/v2\/product_cat?post=378"},{"taxonomy":"product_tag","embeddable":true,"href":"https:\/\/viettank.com.vn\/en\/wp-json\/wp\/v2\/product_tag?post=378"}],"curies":[{"name":"wp","href":"https:\/\/api.w.org\/{rel}","templated":true}]}}