{"id":362,"date":"2022-03-07T15:42:42","date_gmt":"2022-03-07T08:42:42","guid":{"rendered":"https:\/\/viettank.com.vn\/?post_type=product&#038;p=362"},"modified":"2022-03-08T16:11:04","modified_gmt":"2022-03-08T09:11:04","slug":"bon-xu-ly-nuoc-thai-viettank","status":"publish","type":"product","link":"https:\/\/viettank.com.vn\/en\/bon-xu-ly-nuoc-thai-viettank\/","title":{"rendered":"B\u1ed2N X\u1eec L\u00dd N\u01af\u1edaC TH\u1ea2I VIETTANK\u00a0"},"content":{"rendered":"<p><b>B\u1ed2N X\u1eec L\u00dd N\u01af\u1edaC TH\u1ea2I VIETTANK<\/b><span style=\"font-weight: 400;\">\u00a0<\/span><\/p>\n<p><span style=\"font-weight: 400;\">B\u1ed3n x\u1eed l\u00fd n\u01b0\u1edbc th\u1ea3i c\u00f4ng nghi\u1ec7p, thi\u1ebft b\u1ecb c\u00f3 vai tr\u00f2 \u0111\u1eb7c bi\u1ec7t quan tr\u1ecdng, \u0111\u01b0\u1ee3c \u1ee9ng d\u1ee5ng ng\u00e0y c\u00e0ng ph\u1ed5 bi\u1ebfn trong h\u1ea7u h\u1ebft c\u00e1c c\u00f4ng tr\u00ecnh x\u1eed l\u00fd n\u01b0\u1edbc th\u1ea3i t\u1ea1i c\u00e1c khu d\u00e2n c\u01b0, nh\u00e0 m\u00e1y c\u00f4ng nghi\u1ec7p, c\u00e1c d\u1ef1 \u00e1n x\u00e2y d\u1ef1ng&#8230; v\u1edbi m\u1ee5c \u0111\u00edch l\u00e0m s\u1ea1ch n\u01b0\u1edbc tr\u01b0\u1edbc khi x\u1ea3 ra m\u00f4i tr\u01b0\u1eddng. Nh\u1edd \u0111\u00e1p \u1ee9ng \u0111\u1ea7y \u0111\u1ee7 c\u00e1c ti\u00eau ch\u00ed nh\u01b0: chi ph\u00ed ph\u00f9 h\u1ee3p, thi c\u00f4ng nhanh ch\u00f3ng, kh\u1ea3 n\u0103ng l\u1ecdc s\u1ea1ch v\u00e0 ti\u1ebft ki\u1ec7m di\u1ec7n t\u00edch, <a href=\"https:\/\/viettank.com.vn\/en\/bon-xu-ly-nuoc-thai\/\">b\u1ed3n x\u1eed l\u00fd n\u01b0\u1edbc th\u1ea3i VIETTANK<\/a> lu\u00f4n l\u00e0 l\u1ef1a ch\u1ecdn h\u00e0ng \u0111\u1ea7u c\u1ee7a c\u00e1c d\u1ef1 \u00e1n quy m\u00f4 l\u1edbn tr\u00ean to\u00e0n qu\u1ed1c.<\/span><\/p>\n<p><img loading=\"lazy\" decoding=\"async\" class=\"size-medium wp-image-385\" src=\"https:\/\/viettank.com.vn\/wp-content\/uploads\/2022\/03\/Bon-xu-ly-nuoc-thai-UASB-tai-Nha-may-Giay-Hung-Yen-Viettank_opt-203x152.jpg\" alt=\"B\u1ed3n x\u1eed l\u00fd n\u01b0\u1edbc th\u1ea3i Viettank\" width=\"203\" height=\"152\" srcset=\"https:\/\/viettank.com.vn\/wp-content\/uploads\/2022\/03\/Bon-xu-ly-nuoc-thai-UASB-tai-Nha-may-Giay-Hung-Yen-Viettank_opt-203x152.jpg 203w, https:\/\/viettank.com.vn\/wp-content\/uploads\/2022\/03\/Bon-xu-ly-nuoc-thai-UASB-tai-Nha-may-Giay-Hung-Yen-Viettank_opt-16x12.jpg 16w, https:\/\/viettank.com.vn\/wp-content\/uploads\/2022\/03\/Bon-xu-ly-nuoc-thai-UASB-tai-Nha-may-Giay-Hung-Yen-Viettank_opt.jpg 400w\" sizes=\"auto, (max-width: 203px) 100vw, 203px\" \/><\/p>\n<p><b>C\u1ea5u t\u1ea1o b\u1ed3n x\u1eed l\u00fd n\u01b0\u1edbc th\u1ea3i c\u00f4ng nghi\u1ec7p Viettank<\/b><\/p>\n<p><span style=\"font-weight: 400;\">\u0110\u01b0\u1ee3c s\u1ea3n xu\u1ea5t t\u1eeb th\u00e9p kh\u00f4ng g\u1ec9, nh\u1edd \u0111\u00f3 b\u1ec1 m\u1eb7t b\u1ed3n c\u00f3 kh\u1ea3 n\u0103ng ch\u1ed1ng \u0103n m\u00f2n, ch\u1ed1ng oxy h\u00f3a cao, ch\u1ecbu nhi\u1ec7t cao v\u00e0 \u00edt x\u1ea3y ra c\u00e1c ph\u1ea3n \u1ee9ng h\u00f3a h\u1ecdc, tu\u1ed5i th\u1ecd v\u00e0 \u0111\u1ed9 b\u1ec1n c\u1ee7a b\u1ed3n c\u0169ng t\u1eeb \u0111\u00f3 m\u00e0 \u0111\u01b0\u1ee3c n\u00e2ng cao. C\u00e1c ph\u1ee5 ki\u1ec7n c\u1ee7a b\u1ed3n \u0111\u01b0\u1ee3c thi\u1ebft k\u1ebf d\u1ef1a tr\u00ean ti\u00eau chu\u1ea9n nghi\u00eam ng\u1eb7t, tinh x\u1ea3o \u0111\u1ebfn t\u1eebng chi ti\u1ebft.\u00a0<\/span><\/p>\n<p><span style=\"font-weight: 400;\">M\u1ed9t h\u1ec7 th\u1ed1ng x\u1eed l\u00fd n\u01b0\u1edbc th\u1ea3i th\u00f4ng th\u01b0\u1eddng g\u1ed3m m\u1ed9t b\u1ec3 l\u1eafng v\u00e0 m\u1ed9t b\u1ec3 l\u1ecdc th\u00f4. B\u1ec3 l\u1eafng hay b\u1ec3 v\u1edbt d\u1ea7u m\u1ee1 c\u00f3 th\u1ec3 t\u00e1ch c\u00e1c t\u1ea1p ch\u1ea5t nh\u1eb9 trong khi b\u1ec3 l\u1ecdc d\u00f9ng \u0111\u1ec3 t\u00e1ch c\u00e1c ch\u1ea5t l\u01a1 l\u1eedng. T\u00f9y theo quy m\u00f4 d\u1ef1 \u00e1n m\u00e0 c\u00f3 th\u1ec3 b\u1ed5 sung th\u00eam s\u1ed1 l\u01b0\u1ee3ng b\u1ed3n cho th\u00edch h\u1ee3p.\u00a0<\/span><\/p>\n<p><span style=\"font-weight: 400;\">Th\u00f4ng s\u1ed1 chi ti\u1ebft c\u1ee7a b\u1ed3n x\u1eed l\u00fd n\u01b0\u1edbc th\u1ea3i Viettank:<\/span><\/p>\n<p><span style=\"font-weight: 400;\">V\u1eadt li\u1ec7u:<\/span><\/p>\n<ul>\n<li style=\"font-weight: 400;\" aria-level=\"1\"><span style=\"font-weight: 400;\">Th\u00e9p t\u1ea5m CT3 (SS400)<\/span><\/li>\n<li style=\"font-weight: 400;\" aria-level=\"1\"><span style=\"font-weight: 400;\">Th\u00e9p kh\u00f4ng g\u1ec9 (SUS 304)<\/span><\/li>\n<\/ul>\n<p><span style=\"font-weight: 400;\">Ti\u00eau chu\u1ea9n s\u1ea3n ph\u1ea9m:<\/span><\/p>\n<ul>\n<li style=\"font-weight: 400;\" aria-level=\"1\"><span style=\"font-weight: 400;\">Th\u00e2n b\u1ed3n: SPI-650<\/span><\/li>\n<li style=\"font-weight: 400;\" aria-level=\"1\"><span style=\"font-weight: 400;\">\u0110\u01b0\u1eddng h\u00e0n: TCVN 6008-1995<\/span><\/li>\n<\/ul>\n<p><span style=\"font-weight: 400;\">\u00c1p su\u1ea5t:<\/span><\/p>\n<ul>\n<li style=\"font-weight: 400;\" aria-level=\"1\"><span style=\"font-weight: 400;\">Thi\u1ebft k\u1ebf: 0.3 KG\/cm2<\/span><\/li>\n<li style=\"font-weight: 400;\" aria-level=\"1\"><span style=\"font-weight: 400;\">Ki\u1ec3m tra: 0.4 KG\/cm2<\/span><\/li>\n<li style=\"font-weight: 400;\" aria-level=\"1\"><span style=\"font-weight: 400;\">L\u00e0m vi\u1ec7c: atm<\/span><\/li>\n<\/ul>\n<p><span style=\"font-weight: 400;\">\u0110\u1ed9 cao ch\u00e2n t\u1ed1i \u0111a:<\/span><\/p>\n<ul>\n<li style=\"font-weight: 400;\" aria-level=\"1\"><span style=\"font-weight: 400;\">0.8 m (\u0111\u1ebfn 25 m3)<\/span><\/li>\n<li style=\"font-weight: 400;\" aria-level=\"1\"><span style=\"font-weight: 400;\">1.2 m (\u0111\u1ebfn 50 m3)<\/span><\/li>\n<\/ul>\n<p>&nbsp;<\/p>\n<p><b>Nguy\u00ean l\u00fd v\u1eadn h\u00e0nh c\u1ee7a b\u1ed3n x\u1eed l\u00fd n\u01b0\u1edbc th\u1ea3i c\u00f4ng nghi\u1ec7p Viettank<\/b><\/p>\n<p><span style=\"font-weight: 400;\">T\u00f9y theo t\u00ednh \u1ee9ng d\u1ee5ng th\u1ef1c t\u1ebf trong qu\u00e1 tr\u00ecnh x\u1eed l\u00fd n\u01b0\u1edbc th\u1ea3i (t\u1ea1i nh\u00e0 h\u00e0ng, kh\u00e1ch s\u1ea1n hay x\u00ed nghi\u1ec7p\u2026) m\u00e0 b\u1ed3n s\u1ebd c\u00f3 c\u1ea5u t\u1ea1o \u0111\u1eb7c th\u00f9 th\u00edch h\u1ee3p t\u01b0\u01a1ng \u1ee9ng. M\u1ed7i b\u1ed3n x\u1eed l\u00fd n\u01b0\u1edbc th\u1ea3i th\u01b0\u1eddng g\u1ed3m nhi\u1ec1u ng\u0103n v\u1edbi vai tr\u00f2 ri\u00eang \u0111\u1eb7c tr\u01b0ng nh\u01b0: ng\u0103n thi\u1ebfu kh\u00ed, ng\u0103n hi\u1ebfu kh\u00ed, \u0111\u1ec7m vi sinh, ng\u0103n l\u1eafng, ng\u0103n kh\u1eed tr\u00f9ng, ng\u0103n ch\u1ee9a b\u00f9n\u2026 Ngo\u00e0i ra, \u0111\u1ec3 b\u1ed3n v\u1eadn h\u00e0nh tr\u01a1n tru th\u00ec kh\u00f4ng th\u1ec3 thi\u1ebfu \u0111i vai tr\u00f2 c\u1ee7a c\u00e1c thi\u1ebft b\u1ecb \u0111i k\u00e8m nh\u01b0: m\u00e1y th\u1ed5i kh\u00ed, b\u01a1m n\u01b0\u1edbc th\u1ea3i, b\u01a1m b\u00f9n, phao \u0111i\u1ec7n v\u00e0 t\u1ee7 \u0111i\u1ec1u khi\u1ec3n\u2026<\/span><\/p>\n<p><b>\u01afu \u0111i\u1ec3m c\u1ee7a b\u1ed3n x\u1eed l\u00fd n\u01b0\u1edbc th\u1ea3i c\u00f4ng nghi\u1ec7p Viettank<\/b><\/p>\n<p><span style=\"font-weight: 400;\">S\u1ea3n ph\u1ea9m b\u1ed3n c\u1ee7a Viettank kh\u00f4ng ch\u1ec9 d\u1ec5 d\u00e0ng l\u1eafp \u0111\u1eb7t \u1edf nhi\u1ec1u d\u1ea1ng \u0111\u1ecba h\u00ecnh kh\u00e1c nhau m\u00e0 c\u00f2n c\u00f3 nhi\u1ec1u \u01b0u \u0111i\u1ec3m v\u01b0\u1ee3t tr\u1ed9i:<\/span><\/p>\n<ul>\n<li style=\"font-weight: 400;\" aria-level=\"1\"><span style=\"font-weight: 400;\">Kh\u1ea3 n\u0103ng ch\u1ecbu h\u00f3a ch\u1ea5t \u0103n m\u00f2n cao.<\/span><\/li>\n<li style=\"font-weight: 400;\" aria-level=\"1\"><span style=\"font-weight: 400;\">Kh\u00f4ng r\u00f2 r\u1ec9, ti\u1ebft ki\u1ec7m chi ph\u00ed, th\u1eddi gian thi c\u00f4ng v\u01b0\u1ee3t tr\u1ed9i so v\u1edbi h\u1ec7 th\u1ed1ng x\u00e2y b\u1eb1ng b\u00ea t\u00f4ng th\u00f4ng th\u01b0\u1eddng.\u00a0<\/span><\/li>\n<li style=\"font-weight: 400;\" aria-level=\"1\"><span style=\"font-weight: 400;\">\u0110\u1ea3m b\u1ea3o m\u1ef9 quan, th\u00e2n thi\u1ec7n v\u1edbi m\u00f4i tr\u01b0\u1eddng.<\/span><\/li>\n<li style=\"font-weight: 400;\" aria-level=\"1\"><span style=\"font-weight: 400;\">\u0110\u1ed9 b\u1ec1n cao, thi\u1ebft k\u1ebf g\u1ecdn g\u00e0ng<\/span><\/li>\n<li style=\"font-weight: 400;\" aria-level=\"1\"><span style=\"font-weight: 400;\">D\u1ec5 d\u00e0ng l\u1eafp \u0111\u1eb7t, thi c\u00f4ng nhanh ch\u00f3ng<\/span><\/li>\n<\/ul>\n<p><span style=\"font-weight: 400;\">Nh\u1edd t\u00ednh \u1ee9ng d\u1ee5ng cao v\u00e0o cu\u1ed9c s\u1ed1ng m\u00e0 v\u1ea5n \u0111\u1ec1 \u00f4 nhi\u1ec5m \u0111\u01b0\u1ee3c gi\u1ea3m thi\u1ec3u, \u0111i k\u00e8m v\u1edbi \u0111\u00f3 l\u00e0 ch\u1ea5t l\u01b0\u1ee3ng cu\u1ed9c s\u1ed1ng c\u0169ng \u0111\u01b0\u1ee3c n\u00e2ng cao. Ph\u00e1t tri\u1ec3n \u0111i k\u00e8m v\u1edbi b\u1ea3o v\u1ec7 m\u00f4i tr\u01b0\u1eddng l\u00e0 gi\u1ea3i ph\u00e1p b\u1ec1n v\u1eefng nh\u1ea5t \u0111\u1ec3 h\u01b0\u1edbng \u0111\u1ebfn t\u01b0\u01a1ng lai t\u01b0\u01a1i s\u00e1ng h\u01a1n cho th\u1ebf h\u1ec7 sau n\u00e0y v\u00e0 ngay ch\u00ednh ch\u00fang ta!<\/span><\/p>\n<p><span style=\"font-weight: 400;\">Li\u00ean h\u1ec7 v\u1edbi ch\u00fang t\u00f4i \u0111\u1ec3 \u0111\u01b0\u1ee3c t\u01b0 v\u1ea5n thi c\u00f4ng v\u00e0 nh\u1eadn b\u00e1o gi\u00e1 chi ti\u1ebft!<\/span><\/p>\n<p><span style=\"font-weight: 400;\">Hotline: 0944.012.188<\/span><\/p>\n<p>Viettank &#8211; Ho\u00e0n thi\u1ec7n tr\u00ean t\u1eebng b\u01b0\u1edbc ti\u1ebfn!<\/p>\n<p>T\u00ecm hi\u1ec3u th\u00eam v\u1ec1 ch\u00fang t\u00f4i <a href=\"https:\/\/www.facebook.com\/Viettank-Pressure-Storage-Tank-110059634885733\" target=\"_blank\" rel=\"noopener\">t\u1ea1i \u0111\u00e2y!<\/a><\/p>","protected":false},"excerpt":{"rendered":"<p>X\u1eed l\u00fd n\u01b0\u1edbc th\u1ea3i lu\u00f4n l\u00e0 v\u1ea5n \u0111\u1ec1 nh\u1ee9c nh\u1ed1i h\u00e0ng \u0111\u1ea7u \u0111\u1ed1i v\u1edbi c\u00e1c d\u1ef1 \u00e1n v\u00e0 c\u00e1c c\u00f4ng tr\u00ecnh x\u00e2y d\u1ef1ng. V\u00e0 b\u1ed3n x\u1eed l\u00fd n\u01b0\u1edbc th\u1ea3i Viettank ch\u00ednh l\u00e0 gi\u1ea3i ph\u00e1p!<\/p>","protected":false},"featured_media":385,"comment_status":"closed","ping_status":"closed","template":"","meta":[],"product_cat":[16,23],"product_tag":[36,48,35],"class_list":["post-362","product","type-product","status-publish","has-post-thumbnail","hentry","product_cat-bon-chua-cong-nghiep","product_cat-bon-xu-ly-nuoc-thai","product_tag-bon-xu-ly-nuoc-thai","product_tag-bon-xu-ly-nuoc-thai-cong-nghiep-viettank","product_tag-bon-xu-ly-nuoc-thai-viettank"],"_links":{"self":[{"href":"https:\/\/viettank.com.vn\/en\/wp-json\/wp\/v2\/product\/362","targetHints":{"allow":["GET"]}}],"collection":[{"href":"https:\/\/viettank.com.vn\/en\/wp-json\/wp\/v2\/product"}],"about":[{"href":"https:\/\/viettank.com.vn\/en\/wp-json\/wp\/v2\/types\/product"}],"replies":[{"embeddable":true,"href":"https:\/\/viettank.com.vn\/en\/wp-json\/wp\/v2\/comments?post=362"}],"wp:featuredmedia":[{"embeddable":true,"href":"https:\/\/viettank.com.vn\/en\/wp-json\/wp\/v2\/media\/385"}],"wp:attachment":[{"href":"https:\/\/viettank.com.vn\/en\/wp-json\/wp\/v2\/media?parent=362"}],"wp:term":[{"taxonomy":"product_cat","embeddable":true,"href":"https:\/\/viettank.com.vn\/en\/wp-json\/wp\/v2\/product_cat?post=362"},{"taxonomy":"product_tag","embeddable":true,"href":"https:\/\/viettank.com.vn\/en\/wp-json\/wp\/v2\/product_tag?post=362"}],"curies":[{"name":"wp","href":"https:\/\/api.w.org\/{rel}","templated":true}]}}