{"id":100,"date":"2021-09-24T00:13:40","date_gmt":"2021-09-23T17:13:40","guid":{"rendered":"https:\/\/viettank.com.vn\/?post_type=product&#038;p=100"},"modified":"2022-12-28T16:19:56","modified_gmt":"2022-12-28T09:19:56","slug":"bon-chua-xang-dau-25m3","status":"publish","type":"product","link":"https:\/\/viettank.com.vn\/en\/bon-chua-xang-dau-25m3\/","title":{"rendered":"Gasoline tank, oil 25m3"},"content":{"rendered":"<p><a href=\"https:\/\/viettank.com.vn\/en\/bon-chua-xang-dau-25m3\/\"><strong>Gasoline tank, oil<\/strong><\/a> l\u00e0 thi\u1ebft b\u1ecb ch\u00ednh cho kho ch\u1ee9a d\u1ea7u. Lo\u1ea1i b\u1ed3n ch\u1ee9a d\u1ea7u n\u00e0y \u0111\u01b0\u1ee3c ghi \u0111i\u1ec3m c\u1ef1c m\u1ea1nh trong m\u1eaft m\u1ecdi ng\u01b0\u1eddi b\u1edfi l\u1ed1i thi\u1ebft k\u1ebf \u0111\u1eb7c bi\u1ec7t tinh t\u1ebf v\u00e0 \u0111\u1ea3m b\u1ea3o theo \u0111\u00fang ti\u00eau chu\u1ea9n, th\u00edch h\u1ee3p v\u1edbi nh\u1eefng quy \u0111\u1ecbnh \u0111\u1eb7t ra c\u1ee7a nh\u00e0 n\u01b0\u1edbc Vi\u1ec7t Nam v\u1ec1 b\u1ed3n b\u1ec3 ch\u1ee9a x\u0103ng d\u1ea7u.<\/p>\n<h2><strong>Ti\u00eau chu\u1ea9n thi\u1ebft k\u1ebf b\u1ed3n ch\u1ee9a x\u0103ng d\u1ea7u<\/strong><\/h2>\n<h3><strong>C\u1ea5u tr\u00fac b\u1ed3n ch\u1ee9a x\u0103ng d\u1ea7u<\/strong><\/h3>\n<p>B\u1ed3n ch\u1ee9a x\u0103ng d\u1ea7u \u0111\u01b0\u1ee3c ph\u00e2n chia theo t\u1eebng ng\u0103n \u0111\u1ec3 \u0111\u1ea3m b\u1ea3o r\u00f5 r\u00e0ng v\u1ec1 m\u1eb7t c\u1ea5u tr\u00fac. S\u1edf d\u0129 chia ra nh\u01b0 v\u1eady \u0111\u1ec3 \u0111\u1ea3m b\u1ea3o an to\u00e0n v\u00e0 thu\u1eadn ti\u1ec7n trong su\u1ed1t qu\u00e1 tr\u00ecnh s\u1eed d\u1ee5ng. \u0110\u1eb7c bi\u1ec7t \u0111\u1ed1i v\u1edbi c\u00e1c lo\u1ea1i b\u1ed3n s\u1edf h\u1eefu dung t\u00edch l\u1edbn t\u1eeb tr\u00ean 5 kh\u1ed1i \u0111\u1ec1u ph\u1ea3i chia ng\u0103n ch\u1ee9a c\u1ed5 l\u1ea9u, \u1ed1ng nh\u1eadp, m\u1eb7t b\u00edch, \u1ed1ng xu\u1ea5t, l\u1ed7 \u0111o, van th\u1edf,\u2026 Tuy nhi\u00ean, \u0111i\u1ec1u n\u00e0y ho\u00e0n to\u00e0n ph\u1ee5 thu\u1ed9c s\u1edf th\u00edch c\u0169ng nh\u01b0 \u00fd \u0111\u1ecbnh c\u1ee7a m\u1ed7i ng\u01b0\u1eddi s\u1eed d\u1ee5ng.<\/p>\n<h3><strong>X\u00e9t v\u1ec1 v\u1eadt li\u1ec7u v\u00e0 h\u00ecnh d\u1ea1ng b\u1ed3n ch\u1ee9a<\/strong><\/h3>\n<p>B\u1ed3n ch\u1ee9a x\u0103ng d\u1ea7u \u0111\u01b0\u1ee3c l\u00e0m t\u1eeb h\u1ee3p kim nh\u00f4m v\u00e0 th\u00e9o cacbon c\u1ef1c k\u1ef3 ch\u1ea5t l\u01b0\u1ee3ng, l\u1ea1i ph\u00f9 h\u1ee3p v\u1edbi nhi\u1ec1u \u0111\u1eb7c t\u00ednh c\u0169ng nh\u01b0 t\u00ednh ch\u1ea5t c\u1ee7a x\u0103ng d\u1ea7u. X\u00e9t v\u1ec1 h\u00ecnh d\u1ea1ng, b\u1ed3n d\u1ea7u th\u00f4ng th\u01b0\u1eddng s\u1ebd \u0111\u01b0\u1ee3c thi\u1ebft k\u1ebf theo ki\u1ec3u h\u00ecnh tr\u1ee5 n\u1eb1m ngang c\u00f3 \u0111\u1ed9 d\u00e0y \u0111\u1ea1t chu\u1ea9n kh\u00f4ng b\u1ecb m\u00f3p m\u00e9o.<\/p>\n<figure id=\"attachment_721\" aria-describedby=\"caption-attachment-721\" style=\"width: 600px\" class=\"wp-caption aligncenter\"><img loading=\"lazy\" decoding=\"async\" class=\"wp-image-721 size-full\" src=\"https:\/\/viettank.com.vn\/wp-content\/uploads\/2021\/09\/bon-chua-xang-dau-2.png\" alt=\"b\u1ed3n ch\u1ee9a x\u0103ng d\u1ea7u\" width=\"600\" height=\"600\" srcset=\"https:\/\/viettank.com.vn\/wp-content\/uploads\/2021\/09\/bon-chua-xang-dau-2.png 600w, https:\/\/viettank.com.vn\/wp-content\/uploads\/2021\/09\/bon-chua-xang-dau-2-203x203.png 203w, https:\/\/viettank.com.vn\/wp-content\/uploads\/2021\/09\/bon-chua-xang-dau-2-416x416.png 416w, https:\/\/viettank.com.vn\/wp-content\/uploads\/2021\/09\/bon-chua-xang-dau-2-100x100.png 100w, https:\/\/viettank.com.vn\/wp-content\/uploads\/2021\/09\/bon-chua-xang-dau-2-12x12.png 12w\" sizes=\"auto, (max-width: 600px) 100vw, 600px\" \/><figcaption id=\"caption-attachment-721\" class=\"wp-caption-text\">H\u00ecnh \u1ea3nh b\u1ed3n ch\u1ee9a x\u0103ng d\u1ea7u<\/figcaption><\/figure>\n<h3><strong>C\u00e1c trang thi\u1ebft b\u1ecb c\u1ee7a b\u1ed3n ch\u1ee9a<\/strong><\/h3>\n<p>B\u00ean c\u1ea1nh v\u1eadt li\u1ec7u, h\u00ecnh d\u1ea1ng v\u00e0 c\u1ea5u tr\u00fac r\u00f5 r\u00e0ng th\u00ec <a href=\"https:\/\/vi.wiktionary.org\/w\/index.php?go=Xem&amp;search=B%E1%BB%93n+ch%E1%BB%A9a+x%C4%83ng+d%E1%BA%A7u&amp;title=%C4%90%E1%BA%B7c_bi%E1%BB%87t%3AT%C3%ACm_ki%E1%BA%BFm&amp;ns0=1\" target=\"_blank\" rel=\"noopener\">b\u1ed3n ch\u1ee9a x\u0103ng<\/a> d\u1ea7u c\u00f2n ph\u1ea3i \u0111\u01b0\u1ee3c \u0111\u1ec1 cao \u1edf m\u1eb7t trang thi\u1ebft b\u1ecb. C\u00e1c trang b\u1ecb \u0111\u01b0\u1ee3c \u0111i k\u00e8m c\u00f3 th\u1ec3 k\u1ec3 \u0111\u1ebfn nh\u01b0: d\u00e2y ti\u1ebfp \u0111\u1ea5t, thang leo, ch\u1eef c\u1ea3nh b\u00e1o\u2026. Trong \u0111\u00f3, \u0111\u1ed9 d\u00e0i d\u00e2y ti\u1ebfp \u0111\u1ea5t c\u1ea7n ph\u1ea3i \u0111i\u1ec1u ch\u1ec9nh m\u1ed9t c\u00e1ch h\u1ee3p l\u00fd sao cho hai m\u1eaft x\u00edch c\u00f3 th\u1ec3 ch\u1ea1m xu\u1ed1ng m\u1eb7t \u0111\u01b0\u1eddng.<\/p>\n<p>Ngo\u00e0i ra, c\u0169ng c\u1ea7n ph\u1ea3i c\u00f3 c\u1ea7u thang \u0111\u1ec3 c\u00f3 th\u1ec3 d\u1ec5 d\u00e0ng di chuy\u1ec3n, v\u1eadn h\u00e0nh, th\u00e1o l\u1eafp v\u00e0 ki\u1ec3m tra c\u00e1c b\u1ed9 ph\u1eadn tr\u00ean b\u1ed3n xe. V\u1edbi ki\u1ec3u d\u00e1ng \u0111\u01b0\u1ee3c thi\u1ebft k\u1ebf h\u00ecnh tr\u00f2n \u1edf ph\u1ea7n n\u1eafp b\u1ed3n v\u00e0 \u0111\u1ec9nh b\u1ed3n gi\u00fap cho vi\u1ec7c \u0111\u00f3ng m\u1edf tr\u1edf n\u00ean d\u1ec5 d\u00e0ng h\u01a1n. Van h\u00f4 h\u1ea5p \u0111\u01b0\u1ee3c thi\u1ebft k\u1ebf \u1edf v\u1ecb tr\u00ed tr\u00ean n\u1eafp \u0111\u1ec9nh b\u1ed3n ch\u1ee9a v\u00e0 s\u1edf h\u1eefu th\u00eam ph\u1ea7n \u0111i\u1ec1u h\u00f2a \u00e1p su\u1ea5t b\u00ean trong b\u1ed3n ch\u1ee9a.<\/p>\n<h2><strong>Mua b\u1ed3n ch\u1ee9a x\u0103ng \u1edf \u0111\u00e2u th\u00ec \u0111\u1ea3m b\u1ea3o ch\u1ea5t l\u01b0\u1ee3ng?<\/strong><\/h2>\n<p>B\u1ed3n ch\u1ee9a x\u0103ng d\u1ea7u l\u00e0 m\u1ed9t trong s\u1ed1 nh\u1eefng s\u1ea3n ph\u1ea9m \u0111\u00e3 kh\u00f4ng c\u00f2n qu\u00e1 xa l\u1ea1 v\u1edbi h\u1ea7u h\u1ebft m\u1ecdi ng\u01b0\u1eddi trong cu\u1ed9c s\u1ed1ng ng\u00e0y nay. B\u1edfi l\u1ebd, n\u00f3 th\u1ef1c s\u1ef1 c\u1ea7n thi\u1ebft trong cu\u1ed9c s\u1ed1ng hi\u1ec7n \u0111\u1ea1i. Kh\u00f4ng ch\u1ec9 c\u00f3 t\u00e1c d\u1ee5ng d\u00f9ng \u0111\u1ec3 ch\u1ee9a \u0111\u1ef1ng, b\u1ea3o qu\u1ea3n c\u00e1c ngu\u1ed3n nhi\u00ean li\u1ec7u m\u00e0 b\u1ed3n d\u1ea7u c\u00f2n c\u00f3 t\u00e1c d\u1ee5ng gi\u00fap b\u1ea3o v\u1ec7 m\u00f4i tr\u01b0\u1eddng v\u00e0 \u0111\u1ea3m b\u1ea3o an to\u00e0n cho ng\u01b0\u1eddi s\u1eed d\u1ee5ng.<\/p>\n<p>Viettank c\u00f9ng v\u1edbi c\u00e1c chuy\u00ean gia h\u00e0ng \u0111\u1ea7u trong ng\u00e0nh ch\u1ebf t\u1ea1o s\u1ea3n xu\u1ea5t b\u1ed3n c\u00f4ng nghi\u1ec7p, di\u1ec7n t\u00edch x\u01b0\u1edfng r\u1ed9ng , thi\u1ebft b\u1ecb m\u00e1y m\u00f3c hi\u1ec7n \u0111\u1ea1i, \u0111\u1ea3m b\u1ea3o \u0111\u00e1p \u1ee9ng \u0111\u01b0\u1ee3c m\u1ecdi nhu c\u1ea7u c\u1ee7a kh\u00e1ch h\u00e0ng.<\/p>\n<p>N\u1ebfu kh\u00e1ch h\u00e0ng \u0111ang c\u00f3 nhu c\u1ea7u l\u1eafp \u0111\u1eb7t b\u1ed3n ch\u1ee9a d\u1ea7u th\u00ec h\u00e3y li\u00ean h\u1ec7 ngay t\u1edbi c\u00f4ng ty Viettank \u0111\u1ec3 \u0111\u01b0\u1ee3c h\u1ed7 tr\u1ee3 nhanh nh\u1ea5t. M\u1ecdi th\u00f4ng tin vui l\u00f2ng li\u00ean h\u1ec7 t\u1edbi \u0111\u1ecba ch\u1ec9:<\/p>\n<p><strong>Viettank \u2013 Ho\u00e0n thi\u1ec7n tr\u00ean t\u1eebng b\u01b0\u1edbc ti\u1ebfn!<\/strong><\/p>\n<p><strong>\u0110\u1ecba ch\u1ec9 v\u0103n ph\u00f2ng: S\u1ed1 13A26-Ng\u00f5 367, \u0110\u01b0\u1eddng Ho\u00e0ng Qu\u1ed1c Vi\u1ec7t, Ph.Ngh\u0129a T\u00e2n, Qu\u1eadn C\u1ea7u Gi\u1ea5y, Th\u00e0nh ph\u1ed1 H\u00e0 N\u1ed9i <\/strong><\/p>\n<p><strong>\u0110\u1ecba ch\u1ec9 nh\u00e0 m\u00e1y:\u00a0 Km10-Qu\u1ed1c l\u1ed9 03, Huy\u1ec7n \u0110\u00f4ng Anh, Th\u00e0nh ph\u1ed1 H\u00e0 N\u1ed9i<\/strong><\/p>\n<p><strong>Hotline: 0944.012.188<\/strong><\/p>\n<p><strong>Website: Viettank.com.vn<\/strong><\/p>\n<p><strong>Email: info@viettank.com<\/strong><\/p>","protected":false},"excerpt":{"rendered":"<div>B\u1ed3n ch\u1ee9a x\u0103ng d\u1ea7u l\u00e0 lo\u1ea1i b\u1ed3n c\u00f3 \u0111\u1ed9 b\u1ec1n l\u00ean t\u1edbi v\u00e0i ch\u1ee5c n\u0103m, b\u1ed3n th\u01b0\u1eddng \u0111\u01b0\u1ee3c l\u00e0m b\u1eb1ng th\u00e9p kh\u00f4ng g\u1ec9 r\u1ea5t an to\u00e0n.<\/div>\n<div><\/div>","protected":false},"featured_media":101,"comment_status":"closed","ping_status":"closed","template":"","meta":[],"product_cat":[19],"product_tag":[],"class_list":["post-100","product","type-product","status-publish","has-post-thumbnail","hentry","product_cat-bon-chua-xang-dau"],"_links":{"self":[{"href":"https:\/\/viettank.com.vn\/en\/wp-json\/wp\/v2\/product\/100","targetHints":{"allow":["GET"]}}],"collection":[{"href":"https:\/\/viettank.com.vn\/en\/wp-json\/wp\/v2\/product"}],"about":[{"href":"https:\/\/viettank.com.vn\/en\/wp-json\/wp\/v2\/types\/product"}],"replies":[{"embeddable":true,"href":"https:\/\/viettank.com.vn\/en\/wp-json\/wp\/v2\/comments?post=100"}],"wp:featuredmedia":[{"embeddable":true,"href":"https:\/\/viettank.com.vn\/en\/wp-json\/wp\/v2\/media\/101"}],"wp:attachment":[{"href":"https:\/\/viettank.com.vn\/en\/wp-json\/wp\/v2\/media?parent=100"}],"wp:term":[{"taxonomy":"product_cat","embeddable":true,"href":"https:\/\/viettank.com.vn\/en\/wp-json\/wp\/v2\/product_cat?post=100"},{"taxonomy":"product_tag","embeddable":true,"href":"https:\/\/viettank.com.vn\/en\/wp-json\/wp\/v2\/product_tag?post=100"}],"curies":[{"name":"wp","href":"https:\/\/api.w.org\/{rel}","templated":true}]}}