{"id":15,"date":"2021-09-20T15:02:45","date_gmt":"2021-09-20T15:02:45","guid":{"rendered":"http:\/\/viettank.com.vn\/?page_id=15"},"modified":"2022-12-17T12:34:45","modified_gmt":"2022-12-17T05:34:45","slug":"lien-he","status":"publish","type":"page","link":"https:\/\/viettank.com.vn\/en\/lien-he\/","title":{"rendered":"Contact"},"content":{"rendered":"<section class=\"section\" id=\"section_1888935763\">\n\t\t<div class=\"bg section-bg fill bg-fill  bg-loaded\" >\n\n\t\t\t\n\t\t\t\n\t\t\t\n\n\t\t<\/div>\n\n\t\t<div class=\"section-content relative\">\n\t\t\t\n<div class=\"row row-collapse row-full-width align-middle align-center\"  id=\"row-1923850875\">\n\n\t<div id=\"col-896517482\" class=\"col medium-10 small-12 large-10\"  >\n\t\t\t\t<div class=\"col-inner text-center\"  >\n\t\t\t\n\t\t\t\n<h1><span style=\"color: #ed1c24;\"><em><strong>C\u00d4NG TY TNHH LEXFAS<\/strong><\/em><\/span><\/h1>\n<div><em><strong>\u0110i\u0323a chi\u0309 : S\u1ed1 13A26 ng\u00f5 367 \u0111\u01b0\u1eddng Ho\u00e0ng Qu\u1ed1c Vi\u1ec7t, <\/strong><\/em><em><strong>P. Ngh\u0129a T\u00a0 Q. C\u1ea7u Gi\u1ea5y, TP. H\u00e0 N\u1ed9i, Vi\u1ec7t Nam<\/strong><\/em><\/div>\n<div><em><strong>Nh\u00e0 m\u00e1y 01 : Km10-Qu\u1ed1c l\u1ed9 3, Th\u1ecb tr\u1ea5n \u0110\u00f4ng Anh, H\u00e0 N\u1ed9i, Vi\u1ec7t Nam<\/strong><\/em><\/div>\n<div><em><strong>Nh\u00e0 m\u00e1y 02 : T\u1ed5 45-\u0110\u01b0\u1eddng Uy N\u1ed7, TT.\u0110\u00f4ng Anh, H\u00e0 N\u1ed9i, Vi\u1ec7t Nam<\/strong><\/em><\/div>\n<div><em><strong>\u0110i\u00ea\u0323n thoa\u0323i\/Fax : +84.24.3950 3568\/69\u00a0<\/strong><\/em><\/div>\n<div><em><strong>Website : www.viettank.com.vn<\/strong><\/em><\/div>\n<div><em><strong>Email : info@viettank.com<\/strong><\/em><\/div>\n<p><iframe loading=\"lazy\" style=\"border: 0;\" src=\"https:\/\/www.google.com\/maps\/embed?pb=!1m14!1m8!1m3!1d14894.704923654544!2d105.793271!3d21.045637000000003!3m2!1i1024!2i768!4f13.1!3m3!1m2!1s0x3135ab3073d0986b%3A0x9ad105e0cb18b2e!2zTmfDtSAzNjcsIE5naMSpYSBUw6JuLCBD4bqndSBHaeG6pXksIEjDoCBO4buZaSwgVmnhu4d0IE5hbQ!5e0!3m2!1svi!2sus!4v1671255049406!5m2!1svi!2sus\" width=\"100%\" height=\"450\" allowfullscreen=\"allowfullscreen\"><\/iframe><\/p>\n\t\t<\/div>\n\t\t\t\t\t<\/div>\n\n\t\n<\/div>\n\t\t<\/div>\n\n\t\t\n<style>\n#section_1888935763 {\n  padding-top: 18px;\n  padding-bottom: 18px;\n  min-height: 300px;\n  background-color: rgb(245, 245, 245);\n}\n<\/style>\n\t<\/section>","protected":false},"excerpt":{"rendered":"","protected":false},"author":1,"featured_media":0,"parent":0,"menu_order":0,"comment_status":"closed","ping_status":"closed","template":"page-blank.php","meta":{"footnotes":""},"class_list":["post-15","page","type-page","status-publish","hentry"],"_links":{"self":[{"href":"https:\/\/viettank.com.vn\/en\/wp-json\/wp\/v2\/pages\/15","targetHints":{"allow":["GET"]}}],"collection":[{"href":"https:\/\/viettank.com.vn\/en\/wp-json\/wp\/v2\/pages"}],"about":[{"href":"https:\/\/viettank.com.vn\/en\/wp-json\/wp\/v2\/types\/page"}],"author":[{"embeddable":true,"href":"https:\/\/viettank.com.vn\/en\/wp-json\/wp\/v2\/users\/1"}],"replies":[{"embeddable":true,"href":"https:\/\/viettank.com.vn\/en\/wp-json\/wp\/v2\/comments?post=15"}],"version-history":[{"count":0,"href":"https:\/\/viettank.com.vn\/en\/wp-json\/wp\/v2\/pages\/15\/revisions"}],"wp:attachment":[{"href":"https:\/\/viettank.com.vn\/en\/wp-json\/wp\/v2\/media?parent=15"}],"curies":[{"name":"wp","href":"https:\/\/api.w.org\/{rel}","templated":true}]}}